{"id":15699,"date":"2023-04-25T21:11:44","date_gmt":"2023-04-26T01:11:44","guid":{"rendered":"https:\/\/beta.aa-intergroup.org\/submeter-eventos-de-grupo\/"},"modified":"2025-10-28T04:53:00","modified_gmt":"2025-10-28T08:53:00","slug":"submeter-eventos-de-grupo","status":"publish","type":"page","link":"https:\/\/beta.aa-intergroup.org\/pt-pt\/submeter-eventos-de-grupo\/","title":{"rendered":"Submeter eventos de grupo"},"content":{"rendered":"\n<h2 class=\"wp-block-heading margin-top-medium\">Submeta os seus eventos<\/h2>\n\n<p>Utilize este formul\u00e1rio para submeter os eventos do seu grupo. N\u00e3o necessita de ser um Grupo Membro da OIAA para listar um evento. Os eventos listados podem ser apenas online ou h\u00edbridos (presencial e online). <strong>A OIAA n\u00e3o publica eventos apenas presenciais. A OIAA n\u00e3o publica eventos para outros programas de 12 passos.<\/strong>  <\/p>\n\n<p>Recomenda-se que coloque o m\u00e1ximo de detalhes poss\u00edvel na descri\u00e7\u00e3o, uma vez que todos os campos de texto ser\u00e3o automaticamente traduzidos para v\u00e1rios idiomas. Se apenas submeter uma imagem, esta n\u00e3o ser\u00e1 traduzida &#8211; deve adicionar os seus folhetos traduzidos atrav\u00e9s do carregamento de tradu\u00e7\u00f5es. Se tiver problemas em carregar ou tiver d\u00favidas, envie um e-mail para <strong>webservant@aa-intergroup.org<\/strong>.  <\/p>\n","protected":false},"excerpt":{"rendered":"<p>Submeta os seus eventos Utilize este formul\u00e1rio para submeter os eventos do seu grupo. N\u00e3o necessita de ser um Grupo Membro da OIAA para listar um evento. Os eventos listados podem ser apenas online ou h\u00edbridos (presencial e online). A OIAA n\u00e3o publica eventos apenas presenciais. A OIAA n\u00e3o publica eventos para outros programas de<a class=\"excerpt-read-more\" href=\"https:\/\/beta.aa-intergroup.org\/pt-pt\/submeter-eventos-de-grupo\/\" title=\"ReadSubmeter eventos de grupo\">&#8230; Read more &raquo;<\/a><\/p>\n","protected":false},"author":12,"featured_media":0,"parent":0,"menu_order":0,"comment_status":"closed","ping_status":"closed","template":"page-submit-group-event.php","meta":{"_acf_changed":false,"_eb_attr":"","footnotes":""},"class_list":["post-15699","page","type-page","status-publish","hentry"],"acf":[],"_links":{"self":[{"href":"https:\/\/beta.aa-intergroup.org\/pt-pt\/wp-json\/wp\/v2\/pages\/15699","targetHints":{"allow":["GET"]}}],"collection":[{"href":"https:\/\/beta.aa-intergroup.org\/pt-pt\/wp-json\/wp\/v2\/pages"}],"about":[{"href":"https:\/\/beta.aa-intergroup.org\/pt-pt\/wp-json\/wp\/v2\/types\/page"}],"author":[{"embeddable":true,"href":"https:\/\/beta.aa-intergroup.org\/pt-pt\/wp-json\/wp\/v2\/users\/12"}],"replies":[{"embeddable":true,"href":"https:\/\/beta.aa-intergroup.org\/pt-pt\/wp-json\/wp\/v2\/comments?post=15699"}],"version-history":[{"count":1,"href":"https:\/\/beta.aa-intergroup.org\/pt-pt\/wp-json\/wp\/v2\/pages\/15699\/revisions"}],"predecessor-version":[{"id":15701,"href":"https:\/\/beta.aa-intergroup.org\/pt-pt\/wp-json\/wp\/v2\/pages\/15699\/revisions\/15701"}],"wp:attachment":[{"href":"https:\/\/beta.aa-intergroup.org\/pt-pt\/wp-json\/wp\/v2\/media?parent=15699"}],"curies":[{"name":"wp","href":"https:\/\/api.w.org\/{rel}","templated":true}]}}