{"id":15784,"date":"2020-05-02T02:09:04","date_gmt":"2020-05-02T06:09:04","guid":{"rendered":"https:\/\/beta.aa-intergroup.org\/atualizacoes-do-diretorio-de-reunioes\/"},"modified":"2025-10-28T04:57:09","modified_gmt":"2025-10-28T08:57:09","slug":"atualizacoes-do-diretorio-de-reunioes","status":"publish","type":"page","link":"https:\/\/beta.aa-intergroup.org\/pt-pt\/atualizacoes-do-diretorio-de-reunioes\/","title":{"rendered":"Atualiza\u00e7\u00f5es do diret\u00f3rio de reuni\u00f5es"},"content":{"rendered":"\n<p><\/p>\n\n<p>Se for um representante oficial de uma Reuni\u00e3o Online listada na Base de Dados de Reuni\u00f5es e pretender atualizar a sua listagem, utilize o formul\u00e1rio abaixo. Estas podem incluir altera\u00e7\u00f5es de hora\/data, edi\u00e7\u00f5es de descri\u00e7\u00e3o, atualiza\u00e7\u00f5es de links, n\u00fameros de telefone ou palavras-passe, remo\u00e7\u00e3o de listagens, etc.  <\/p>\n\n<p>Certifique-se de que identifica claramente a reuni\u00e3o que pretende editar e detalhe todas as altera\u00e7\u00f5es. Um membro da equipa entrar\u00e1 em contacto consigo. <\/p>\n\n<p>Se precisar de ajuda com o formul\u00e1rio ou tiver outros pedidos para o comit\u00e9 PAC, utilize este email: <strong>pac@aa-intergroup.org<\/strong>.<\/p>\n\n<p><em>Nota: As novas submiss\u00f5es de reuni\u00f5es n\u00e3o ser\u00e3o processadas atrav\u00e9s deste formul\u00e1rio; utilize o <a href=\"https:\/\/beta.aa-intergroup.org\/pt-pt\/submeter-uma-nova-reuniao-online\/\" data-type=\"URL\">Formul\u00e1rio de Submiss\u00e3o de Reuni\u00f5es<\/a> para quaisquer novas listagens.<\/em><\/p>\n\n<h3 class=\"wp-block-heading\" id=\"proposed-updates-changes-form\">Formul\u00e1rio de altera\u00e7\u00f5es\/atualiza\u00e7\u00f5es propostas<\/h3>\n<div class=\"wpforms-container wpforms-container-full wpforms-block wpforms-block-19dda957-095a-43de-979f-e5aef606b4fa\" id=\"wpforms-830\"><form id=\"wpforms-form-830\" class=\"wpforms-validate wpforms-form\" data-formid=\"830\" method=\"post\" enctype=\"multipart\/form-data\" action=\"\/pt-pt\/wp-json\/wp\/v2\/pages\/15784\" data-token=\"1c6052b8947f53bec11bdfaf1f8e71dd\" data-token-time=\"1776181336\"><noscript class=\"wpforms-error-noscript\">Please enable JavaScript in your browser to complete this form.<\/noscript><div class=\"wpforms-field-container\"><div id=\"wpforms-830-field_15-container\" class=\"wpforms-field wpforms-field-number\" data-field-id=\"15\"><label class=\"wpforms-field-label\" for=\"wpforms-830-field_15\">OIMN &#8211; n\u00famero de reuni\u00e3o do intergrupo online<\/label><input type=\"number\" id=\"wpforms-830-field_15\" class=\"wpforms-field-medium\" name=\"wpforms[fields][15]\" ><div class=\"wpforms-field-description\">N\u00famero interno \u00fanico da OIAA para a reuni\u00e3o que pretende alterar, fornecido pelo PAC. <\/div><\/div><div id=\"wpforms-830-field_13-container\" class=\"wpforms-field wpforms-field-text\" data-field-id=\"13\"><label class=\"wpforms-field-label\" for=\"wpforms-830-field_13\">Nome da Reuni\u00e3o <span class=\"wpforms-required-label\">*<\/span><\/label><input type=\"text\" id=\"wpforms-830-field_13\" class=\"wpforms-field-medium wpforms-field-required\" name=\"wpforms[fields][13]\" required><\/div><div id=\"wpforms-830-field_0-container\" class=\"wpforms-field wpforms-field-name\" data-field-id=\"0\"><label class=\"wpforms-field-label\" for=\"wpforms-830-field_0\">Nome do contacto principal ou alternativo  <span class=\"wpforms-required-label\">*<\/span><\/label><input type=\"text\" id=\"wpforms-830-field_0\" class=\"wpforms-field-medium wpforms-field-required\" name=\"wpforms[fields][0]\" required><\/div><div id=\"wpforms-830-field_1-container\" class=\"wpforms-field wpforms-field-email\" data-field-id=\"1\"><label class=\"wpforms-field-label\" for=\"wpforms-830-field_1\">E-mail principal ou alternativo <span class=\"wpforms-required-label\">*<\/span><\/label><input type=\"email\" id=\"wpforms-830-field_1\" class=\"wpforms-field-medium wpforms-field-required\" name=\"wpforms[fields][1]\" spellcheck=\"false\" required><\/div><div id=\"wpforms-830-field_17-container\" class=\"wpforms-field wpforms-field-checkbox\" data-field-id=\"17\"><label class=\"wpforms-field-label\">Por favor, selecione  <span class=\"wpforms-required-label\">*<\/span><\/label><ul id=\"wpforms-830-field_17\" class=\"wpforms-field-required\"><li class=\"choice-1 depth-1\"><input type=\"checkbox\" id=\"wpforms-830-field_17_1\" name=\"wpforms[fields][17][]\" value=\"Contacto principal\" required ><label class=\"wpforms-field-label-inline\" for=\"wpforms-830-field_17_1\">Contacto principal<\/label><\/li><li class=\"choice-2 depth-1\"><input type=\"checkbox\" id=\"wpforms-830-field_17_2\" name=\"wpforms[fields][17][]\" value=\"Contacto alternativo\" required ><label class=\"wpforms-field-label-inline\" for=\"wpforms-830-field_17_2\">Contacto alternativo<\/label><\/li><\/ul><\/div><div id=\"wpforms-830-field_5-container\" class=\"wpforms-field wpforms-field-text\" data-field-id=\"5\"><label class=\"wpforms-field-label\" for=\"wpforms-830-field_5\">Assunto <span class=\"wpforms-required-label\">*<\/span><\/label><input type=\"text\" id=\"wpforms-830-field_5\" class=\"wpforms-field-medium wpforms-field-required\" name=\"wpforms[fields][5]\" required><\/div><div id=\"wpforms-830-field_2-container\" class=\"wpforms-field wpforms-field-textarea\" data-field-id=\"2\"><label class=\"wpforms-field-label\" for=\"wpforms-830-field_2\">Altera\u00e7\u00f5es solicitadas para a reuni\u00e3o <span class=\"wpforms-required-label\">*<\/span><\/label><textarea id=\"wpforms-830-field_2\" class=\"wpforms-field-medium wpforms-field-required\" name=\"wpforms[fields][2]\" required><\/textarea><\/div><div id=\"wpforms-830-field_16-container\" class=\"wpforms-field wpforms-field-gdpr-checkbox\" data-field-id=\"16\"><label class=\"wpforms-field-label\">Acordo RGPD <span class=\"wpforms-required-label\">*<\/span><\/label><ul id=\"wpforms-830-field_16\" class=\"wpforms-field-required\"><li class=\"choice-1\"><input type=\"checkbox\" id=\"wpforms-830-field_16_1\" name=\"wpforms[fields][16][]\" value=\"Dou o meu consentimento para que este s\u00edtio Web armazene as informa\u00e7\u00f5es que submeti para que possam responder \u00e0 minha consulta.\" required ><label class=\"wpforms-field-label-inline\" for=\"wpforms-830-field_16_1\">Dou o meu consentimento para que este s\u00edtio Web armazene as informa\u00e7\u00f5es que submeti para que possam responder \u00e0 minha consulta.<\/label><\/li><\/ul><\/div><div id=\"wpforms-830-field_7-container\" class=\"wpforms-field wpforms-field-hidden\" data-field-id=\"7\"><input type=\"hidden\" id=\"wpforms-830-field_7\" name=\"wpforms[fields][7]\"><\/div><div id=\"wpforms-830-field_8-container\" class=\"wpforms-field wpforms-field-hidden\" data-field-id=\"8\"><input type=\"hidden\" id=\"wpforms-830-field_8\" name=\"wpforms[fields][8]\"><\/div><\/div><!-- .wpforms-field-container --><div class=\"wpforms-field wpforms-field-hp\"><label for=\"wpforms-830-field-hp\" class=\"wpforms-field-label\">Name<\/label><input type=\"text\" name=\"wpforms[hp]\" id=\"wpforms-830-field-hp\" class=\"wpforms-field-medium\"><\/div><div class=\"wpforms-recaptcha-container wpforms-is-recaptcha wpforms-is-recaptcha-type-v2\" ><div class=\"g-recaptcha\" data-sitekey=\"6LfLO_EUAAAAAD2WTL408A9DfNNx6AhXu-npfay8\"><\/div><input type=\"text\" name=\"g-recaptcha-hidden\" class=\"wpforms-recaptcha-hidden\" style=\"position:absolute!important;clip:rect(0,0,0,0)!important;height:1px!important;width:1px!important;border:0!important;overflow:hidden!important;padding:0!important;margin:0!important;\" data-rule-recaptcha=\"1\"><\/div><div class=\"wpforms-submit-container\" ><input type=\"hidden\" name=\"wpforms[id]\" value=\"830\"><input type=\"hidden\" name=\"page_title\" value=\"\"><input type=\"hidden\" name=\"page_url\" value=\"https:\/\/beta.aa-intergroup.org\/pt-pt\/wp-json\/wp\/v2\/pages\/15784\"><button type=\"submit\" name=\"wpforms[submit]\" id=\"wpforms-submit-830\" class=\"wpforms-submit form-submit\" data-alt-text=\"A enviar...\" data-submit-text=\"Submeter\" aria-live=\"assertive\" value=\"wpforms-submit\">Submeter<\/button><\/div><\/form><\/div>  <!-- .wpforms-container -->\n<h2 class=\"gb-headline gb-headline-211fb386 gb-headline-text\"><\/h2>\n\n<h2 class=\"gb-headline gb-headline-44f7532f gb-headline-text\"><\/h2>\n","protected":false},"excerpt":{"rendered":"<p>Se for um representante oficial de uma Reuni\u00e3o Online listada na Base de Dados de Reuni\u00f5es e pretender atualizar a sua listagem, utilize o formul\u00e1rio abaixo. Estas podem incluir altera\u00e7\u00f5es de hora\/data, edi\u00e7\u00f5es de descri\u00e7\u00e3o, atualiza\u00e7\u00f5es de links, n\u00fameros de telefone ou palavras-passe, remo\u00e7\u00e3o de listagens, etc. Certifique-se de que identifica claramente a reuni\u00e3o que<a class=\"excerpt-read-more\" href=\"https:\/\/beta.aa-intergroup.org\/pt-pt\/atualizacoes-do-diretorio-de-reunioes\/\" title=\"ReadAtualiza\u00e7\u00f5es do diret\u00f3rio de reuni\u00f5es\">&#8230; Read more &raquo;<\/a><\/p>\n","protected":false},"author":9,"featured_media":0,"parent":0,"menu_order":0,"comment_status":"closed","ping_status":"closed","template":"","meta":{"_acf_changed":false,"_eb_attr":"","footnotes":""},"class_list":["post-15784","page","type-page","status-publish","hentry"],"acf":[],"_links":{"self":[{"href":"https:\/\/beta.aa-intergroup.org\/pt-pt\/wp-json\/wp\/v2\/pages\/15784","targetHints":{"allow":["GET"]}}],"collection":[{"href":"https:\/\/beta.aa-intergroup.org\/pt-pt\/wp-json\/wp\/v2\/pages"}],"about":[{"href":"https:\/\/beta.aa-intergroup.org\/pt-pt\/wp-json\/wp\/v2\/types\/page"}],"author":[{"embeddable":true,"href":"https:\/\/beta.aa-intergroup.org\/pt-pt\/wp-json\/wp\/v2\/users\/9"}],"replies":[{"embeddable":true,"href":"https:\/\/beta.aa-intergroup.org\/pt-pt\/wp-json\/wp\/v2\/comments?post=15784"}],"version-history":[{"count":1,"href":"https:\/\/beta.aa-intergroup.org\/pt-pt\/wp-json\/wp\/v2\/pages\/15784\/revisions"}],"predecessor-version":[{"id":15786,"href":"https:\/\/beta.aa-intergroup.org\/pt-pt\/wp-json\/wp\/v2\/pages\/15784\/revisions\/15786"}],"wp:attachment":[{"href":"https:\/\/beta.aa-intergroup.org\/pt-pt\/wp-json\/wp\/v2\/media?parent=15784"}],"curies":[{"name":"wp","href":"https:\/\/api.w.org\/{rel}","templated":true}]}}