{"id":15802,"date":"2024-11-23T23:42:38","date_gmt":"2024-11-24T04:42:38","guid":{"rendered":"https:\/\/beta.aa-intergroup.org\/evolucao-do-sitio-web-da-oiaa\/"},"modified":"2025-10-28T04:57:12","modified_gmt":"2025-10-28T08:57:12","slug":"evolucao-do-sitio-web-da-oiaa","status":"publish","type":"page","link":"https:\/\/beta.aa-intergroup.org\/pt-pt\/evolucao-do-sitio-web-da-oiaa\/","title":{"rendered":"Evolu\u00e7\u00e3o do s\u00edtio Web da OIAA"},"content":{"rendered":"\n<div style=\"height:100px\" aria-hidden=\"true\" class=\"wp-block-spacer\"><\/div>\n\n<div class=\"wp-block-essential-blocks-slider root-eb-slider-kst8g\"><div class=\"eb-parent-wrapper eb-parent-eb-slider-kst8g \"><div class=\"eb-slider-wrapper eb-slider-kst8g\" data-blockid=\"eb-slider-kst8g\" data-version=\"v4\" data-settings=\"eyJhcnJvd3MiOnRydWUsImFkYXB0aXZlSGVpZ2h0Ijp0cnVlLCJhdXRvcGxheSI6dHJ1ZSwiYXV0b3BsYXlTcGVlZCI6NTAwMCwiZG90cyI6dHJ1ZSwiZmFkZSI6ZmFsc2UsImluZmluaXRlIjp0cnVlLCJwYXVzZU9uSG92ZXIiOnRydWUsInNsaWRlc1RvU2hvdyI6MSwic3BlZWQiOjUwMCwidmVydGljYWwiOmZhbHNlLCJjdXJyZW50U2xpZGUiOjAsInJ0bCI6ZmFsc2UsInJlc3BvbnNpdmUiOlt7ImJyZWFrcG9pbnQiOjEwMjUsInNldHRpbmdzIjp7InNsaWRlc1RvU2hvdyI6MX19LHsiYnJlYWtwb2ludCI6NzY3LCJzZXR0aW5ncyI6eyJzbGlkZXNUb1Nob3ciOjF9fV19\" data-arrownexticon=\"fas fa-arrow-alt-circle-right\" data-arrowprevicon=\"fas fa-arrow-alt-circle-left\" data-lightbox=\"false\"><div class=\"eb-slider-init eb-slider-type-image\"><div class=\"eb-slider-item content-1\" data-src=\"https:\/\/beta.aa-intergroup.org\/wp-content\/uploads\/2024\/11\/Website_1997.png\"><div><img class=\"eb-slider-image\" data-lazy=\"https:\/\/beta.aa-intergroup.org\/wp-content\/uploads\/2024\/11\/Website_1997.png\"><\/div><\/div><div class=\"eb-slider-item content-1\" data-src=\"https:\/\/beta.aa-intergroup.org\/wp-content\/uploads\/2024\/11\/Website_2000.png\"><div><img class=\"eb-slider-image\" data-lazy=\"https:\/\/beta.aa-intergroup.org\/wp-content\/uploads\/2024\/11\/Website_2000.png\"><\/div><\/div><div class=\"eb-slider-item content-1\" data-src=\"https:\/\/beta.aa-intergroup.org\/wp-content\/uploads\/2024\/11\/Website_2002.png\"><div><img class=\"eb-slider-image\" data-lazy=\"https:\/\/beta.aa-intergroup.org\/wp-content\/uploads\/2024\/11\/Website_2002.png\"><\/div><\/div><div class=\"eb-slider-item content-1\" data-src=\"https:\/\/beta.aa-intergroup.org\/wp-content\/uploads\/2024\/11\/Website_2004.png\"><div><img class=\"eb-slider-image\" data-lazy=\"https:\/\/beta.aa-intergroup.org\/wp-content\/uploads\/2024\/11\/Website_2004.png\"><\/div><\/div><div class=\"eb-slider-item content-1\" data-src=\"https:\/\/beta.aa-intergroup.org\/wp-content\/uploads\/2024\/11\/Website_2010.png\"><div><img class=\"eb-slider-image\" data-lazy=\"https:\/\/beta.aa-intergroup.org\/wp-content\/uploads\/2024\/11\/Website_2010.png\"><\/div><\/div><div class=\"eb-slider-item content-1\" data-src=\"https:\/\/beta.aa-intergroup.org\/wp-content\/uploads\/2024\/11\/Website_2020.png\"><div><img class=\"eb-slider-image\" data-lazy=\"https:\/\/beta.aa-intergroup.org\/wp-content\/uploads\/2024\/11\/Website_2020.png\"><\/div><\/div><div class=\"eb-slider-item content-1\" data-src=\"https:\/\/beta.aa-intergroup.org\/wp-content\/uploads\/2024\/11\/Website_2021.png\"><div><img class=\"eb-slider-image\" data-lazy=\"https:\/\/beta.aa-intergroup.org\/wp-content\/uploads\/2024\/11\/Website_2021.png\"><\/div><\/div><div class=\"eb-slider-item content-1\" data-src=\"https:\/\/beta.aa-intergroup.org\/wp-content\/uploads\/2024\/11\/Website_2023.png\"><div><img class=\"eb-slider-image\" data-lazy=\"https:\/\/beta.aa-intergroup.org\/wp-content\/uploads\/2024\/11\/Website_2023.png\"><\/div><\/div><\/div><\/div><\/div><\/div>\n\n<div style=\"height:100px\" aria-hidden=\"true\" class=\"wp-block-spacer\"><\/div>\n\n<div class=\"wp-block-essential-blocks-button root-eb-button-dg1a8\"><div class=\"eb-parent-wrapper eb-parent-eb-button-dg1a8 \"><div class=\"eb-button-wrapper eb-button-alignment eb-button-dg1a8\"><div class=\"eb-button\"><div class=\"eb-button-inner-wrapper \"><a class=\"eb-button-anchor \" href=\"https:\/\/beta.aa-intergroup.org\/pt-pt\/cronologia-da-historia-da-oiaa\/\" target=\"_blank\" rel=\"noopener\"><i icon=\"fas fa-chevron-left\" class=\"fas fa-chevron-left eb-button-icon eb-button-icon-left hvr-icon\"><\/i>Voltar \u00e0 cronologia da hist\u00f3ria da OIAA<\/a><\/div><\/div><\/div><\/div><\/div>\n\n<div class=\"wp-block-uagb-container uagb-block-d07411ea alignwide uagb-is-root-container\">\n\n<div class=\"wp-block-uagb-container uagb-block-8023bd53\">\n\n<div class=\"wp-block-essential-blocks-button root-eb-button-qr99l\"><div class=\"eb-parent-wrapper eb-parent-eb-button-qr99l \"><div class=\"eb-button-wrapper eb-button-alignment eb-button-qr99l\"><div class=\"eb-button\"><div class=\"eb-button-inner-wrapper \"><a class=\"eb-button-anchor \" href=\"https:\/\/beta.aa-intergroup.org\/pt-pt\/o-que-e-a-oiaa\/\" rel=\"noopener\">O que \u00e9 a OIAA?<\/a><\/div><\/div><\/div><\/div><\/div>\n\n<\/div>\n\n\n<div class=\"wp-block-uagb-container uagb-block-55003110\">\n\n<div class=\"wp-block-essential-blocks-button root-eb-button-u2jef\"><div class=\"eb-parent-wrapper eb-parent-eb-button-u2jef \"><div class=\"eb-button-wrapper eb-button-alignment eb-button-u2jef\"><div class=\"eb-button\"><div class=\"eb-button-inner-wrapper \"><a class=\"eb-button-anchor \" href=\"https:\/\/beta.aa-intergroup.org\/pt-pt\/por-que-aderir-a-oiaa\/\" rel=\"noopener\">Porqu\u00ea aderir \u00e0 OIAA?<\/a><\/div><\/div><\/div><\/div><\/div>\n\n<\/div>\n\n\n<div class=\"wp-block-uagb-container uagb-block-fcbf42a6\">\n\n<div class=\"wp-block-essential-blocks-button root-eb-button-5plp0\"><div class=\"eb-parent-wrapper eb-parent-eb-button-5plp0 \"><div class=\"eb-button-wrapper eb-button-alignment eb-button-5plp0\"><div class=\"eb-button\"><div class=\"eb-button-inner-wrapper \"><a class=\"eb-button-anchor \" href=\"https:\/\/beta.aa-intergroup.org\/anonymity\/\" rel=\"noopener\">Anonimato e privacidade<\/a><\/div><\/div><\/div><\/div><\/div>\n\n<\/div>\n\n\n<div class=\"wp-block-uagb-container uagb-block-6733906c\">\n\n<div class=\"wp-block-essential-blocks-button root-eb-button-zm3mc\"><div class=\"eb-parent-wrapper eb-parent-eb-button-zm3mc \"><div class=\"eb-button-wrapper eb-button-alignment eb-button-zm3mc\"><div class=\"eb-button\"><div class=\"eb-button-inner-wrapper \"><a class=\"eb-button-anchor \" href=\"https:\/\/beta.aa-intergroup.org\/pt-pt\/cronologia-da-historia-da-oiaa\/\" rel=\"noopener\">Hist\u00f3ria da OIAA<\/a><\/div><\/div><\/div><\/div><\/div>\n\n<\/div>\n\n\n<div class=\"wp-block-uagb-container uagb-block-dc017e64\">\n\n<div class=\"wp-block-essential-blocks-button root-eb-button-cqqf1\"><div class=\"eb-parent-wrapper eb-parent-eb-button-cqqf1 \"><div class=\"eb-button-wrapper eb-button-alignment eb-button-cqqf1\"><div class=\"eb-button\"><div class=\"eb-button-inner-wrapper \"><a class=\"eb-button-anchor \" href=\"https:\/\/beta.aa-intergroup.org\/pt-pt\/aderir-a-oiaa\/#\" rel=\"noopener\">Aderir \u00e0 OIAA<\/a><\/div><\/div><\/div><\/div><\/div>\n\n<\/div>\n\n<\/div>\n","protected":false},"excerpt":{"rendered":"","protected":false},"author":153,"featured_media":0,"parent":0,"menu_order":0,"comment_status":"closed","ping_status":"closed","template":"","meta":{"_acf_changed":false,"_eb_attr":"","footnotes":""},"class_list":["post-15802","page","type-page","status-publish","hentry"],"acf":[],"_links":{"self":[{"href":"https:\/\/beta.aa-intergroup.org\/pt-pt\/wp-json\/wp\/v2\/pages\/15802","targetHints":{"allow":["GET"]}}],"collection":[{"href":"https:\/\/beta.aa-intergroup.org\/pt-pt\/wp-json\/wp\/v2\/pages"}],"about":[{"href":"https:\/\/beta.aa-intergroup.org\/pt-pt\/wp-json\/wp\/v2\/types\/page"}],"author":[{"embeddable":true,"href":"https:\/\/beta.aa-intergroup.org\/pt-pt\/wp-json\/wp\/v2\/users\/153"}],"replies":[{"embeddable":true,"href":"https:\/\/beta.aa-intergroup.org\/pt-pt\/wp-json\/wp\/v2\/comments?post=15802"}],"version-history":[{"count":1,"href":"https:\/\/beta.aa-intergroup.org\/pt-pt\/wp-json\/wp\/v2\/pages\/15802\/revisions"}],"predecessor-version":[{"id":15805,"href":"https:\/\/beta.aa-intergroup.org\/pt-pt\/wp-json\/wp\/v2\/pages\/15802\/revisions\/15805"}],"wp:attachment":[{"href":"https:\/\/beta.aa-intergroup.org\/pt-pt\/wp-json\/wp\/v2\/media?parent=15802"}],"curies":[{"name":"wp","href":"https:\/\/api.w.org\/{rel}","templated":true}]}}