{"id":15873,"date":"2020-03-16T06:10:37","date_gmt":"2020-03-16T10:10:37","guid":{"rendered":"https:\/\/beta.aa-intergroup.org\/diretorio-de-reunioes\/"},"modified":"2025-10-28T04:57:30","modified_gmt":"2025-10-28T08:57:30","slug":"diretorio-de-reunioes","status":"publish","type":"page","link":"https:\/\/beta.aa-intergroup.org\/pt-pt\/diretorio-de-reunioes\/","title":{"rendered":"Diret\u00f3rio de reuni\u00f5es"},"content":{"rendered":"\n<p><\/p>\n\n\n\n<p><\/p>\n","protected":false},"excerpt":{"rendered":"<p>O <a href=\"\/oiaa\/meetings\">Diret\u00f3rio da OIAA<\/a> apresenta mais de 1.000 reuni\u00f5es online de AA em todo o mundo, desde videoconfer\u00eancias ou confer\u00eancias telef\u00f3nicas a grupos de e-mail ou de chat em v\u00e1rios idiomas, dispon\u00edveis 24 horas por dia, 7 dias por semana. Navegue pelas pr\u00f3ximas reuni\u00f5es dispon\u00edveis ou procure a mais adequada para si. <\/p>\n","protected":false},"author":9,"featured_media":15874,"parent":0,"menu_order":1,"comment_status":"closed","ping_status":"closed","template":"","meta":{"_acf_changed":false,"_eb_attr":"","footnotes":""},"class_list":["post-15873","page","type-page","status-publish","has-post-thumbnail","hentry"],"acf":[],"_links":{"self":[{"href":"https:\/\/beta.aa-intergroup.org\/pt-pt\/wp-json\/wp\/v2\/pages\/15873","targetHints":{"allow":["GET"]}}],"collection":[{"href":"https:\/\/beta.aa-intergroup.org\/pt-pt\/wp-json\/wp\/v2\/pages"}],"about":[{"href":"https:\/\/beta.aa-intergroup.org\/pt-pt\/wp-json\/wp\/v2\/types\/page"}],"author":[{"embeddable":true,"href":"https:\/\/beta.aa-intergroup.org\/pt-pt\/wp-json\/wp\/v2\/users\/9"}],"replies":[{"embeddable":true,"href":"https:\/\/beta.aa-intergroup.org\/pt-pt\/wp-json\/wp\/v2\/comments?post=15873"}],"version-history":[{"count":1,"href":"https:\/\/beta.aa-intergroup.org\/pt-pt\/wp-json\/wp\/v2\/pages\/15873\/revisions"}],"predecessor-version":[{"id":15875,"href":"https:\/\/beta.aa-intergroup.org\/pt-pt\/wp-json\/wp\/v2\/pages\/15873\/revisions\/15875"}],"wp:featuredmedia":[{"embeddable":true,"href":"https:\/\/beta.aa-intergroup.org\/pt-pt\/wp-json\/wp\/v2\/media\/15874"}],"wp:attachment":[{"href":"https:\/\/beta.aa-intergroup.org\/pt-pt\/wp-json\/wp\/v2\/media?parent=15873"}],"curies":[{"name":"wp","href":"https:\/\/api.w.org\/{rel}","templated":true}]}}