{"id":15892,"date":"2023-05-25T23:24:09","date_gmt":"2023-05-26T03:24:09","guid":{"rendered":"https:\/\/beta.aa-intergroup.org\/secretario-da-oiaa\/"},"modified":"2025-10-28T04:57:33","modified_gmt":"2025-10-28T08:57:33","slug":"secretario-da-oiaa","status":"publish","type":"page","link":"https:\/\/beta.aa-intergroup.org\/pt-pt\/secretario-da-oiaa\/","title":{"rendered":"Secret\u00e1rio da OIAA"},"content":{"rendered":"\n<p>Contacte o Registador &#8211; registrar@aa-intergroup.org<\/p>\n\n<p><a href=\"https:\/\/beta.aa-intergroup.org\/pt-pt\/submeter-uma-nova-reuniao-online\/\">Submeter uma nova reuni\u00e3o<\/a><\/p>\n\n<p><a href=\"https:\/\/beta.aa-intergroup.org\/pt-pt\/atualizacoes-do-diretorio-de-reunioes\/\">Atualizar uma reuni\u00e3o<\/a><\/p>\n\n<p><a href=\"https:\/\/beta.aa-intergroup.org\/pt-pt\/aderir-a-oiaa\/\">Aderir \u00e0 OIAA<\/a><\/p>\n\n<p><\/p>\n","protected":false},"excerpt":{"rendered":"<p>Contacte o Registador &#8211; registrar@aa-intergroup.org Submeter uma nova reuni\u00e3o Atualizar uma reuni\u00e3o Aderir \u00e0 OIAA<\/p>\n","protected":false},"author":12,"featured_media":0,"parent":0,"menu_order":0,"comment_status":"closed","ping_status":"closed","template":"page-oiaa-registrar.php","meta":{"_acf_changed":false,"_eb_attr":"","footnotes":""},"class_list":["post-15892","page","type-page","status-publish","hentry"],"acf":[],"_links":{"self":[{"href":"https:\/\/beta.aa-intergroup.org\/pt-pt\/wp-json\/wp\/v2\/pages\/15892","targetHints":{"allow":["GET"]}}],"collection":[{"href":"https:\/\/beta.aa-intergroup.org\/pt-pt\/wp-json\/wp\/v2\/pages"}],"about":[{"href":"https:\/\/beta.aa-intergroup.org\/pt-pt\/wp-json\/wp\/v2\/types\/page"}],"author":[{"embeddable":true,"href":"https:\/\/beta.aa-intergroup.org\/pt-pt\/wp-json\/wp\/v2\/users\/12"}],"replies":[{"embeddable":true,"href":"https:\/\/beta.aa-intergroup.org\/pt-pt\/wp-json\/wp\/v2\/comments?post=15892"}],"version-history":[{"count":1,"href":"https:\/\/beta.aa-intergroup.org\/pt-pt\/wp-json\/wp\/v2\/pages\/15892\/revisions"}],"predecessor-version":[{"id":15894,"href":"https:\/\/beta.aa-intergroup.org\/pt-pt\/wp-json\/wp\/v2\/pages\/15892\/revisions\/15894"}],"wp:attachment":[{"href":"https:\/\/beta.aa-intergroup.org\/pt-pt\/wp-json\/wp\/v2\/media?parent=15892"}],"curies":[{"name":"wp","href":"https:\/\/api.w.org\/{rel}","templated":true}]}}