{"id":15903,"date":"2023-04-06T12:37:49","date_gmt":"2023-04-06T16:37:49","guid":{"rendered":"https:\/\/beta.aa-intergroup.org\/ajuda-para-reunioes-online\/"},"modified":"2025-10-28T04:57:33","modified_gmt":"2025-10-28T08:57:33","slug":"ajuda-para-reunioes-online","status":"publish","type":"page","link":"https:\/\/beta.aa-intergroup.org\/pt-pt\/ajuda-para-reunioes-online\/","title":{"rendered":"Ajuda para reuni\u00f5es online"},"content":{"rendered":"\n<p><\/p>\n\n<p>Os Tech Steppers s\u00e3o uma subcomiss\u00e3o de Tecnologia que fornece apoio \u00e0s reuni\u00f5es do diret\u00f3rio da OIAA e aos seus participantes em quest\u00f5es de seguran\u00e7a online e defini\u00e7\u00f5es de conta. Os Tech Steppers procuram ajudar os grupos a melhorar a sua postura de seguran\u00e7a online e a defender melhor as suas reuni\u00f5es de potenciais e ativos perturbadores. <\/p>\n\n<p>Se necessita de assist\u00eancia com a sua reuni\u00e3o, incluindo ajuda com &#8216;Zoom Bombers&#8217;, por favor preencha o formul\u00e1rio abaixo. Ap\u00f3s a rece\u00e7\u00e3o, ser\u00e1 designado um membro de AA &#8220;TechStepper&#8221; para o ajudar. Entrar\u00e3o em contacto consigo no prazo m\u00e1ximo de 7 dias. Agradecemos a oportunidade de lhe fornecer ferramentas para tornar a sua reuni\u00e3o de AA online ou h\u00edbrida num espa\u00e7o seguro e eficaz para a recupera\u00e7\u00e3o de todos.   <\/p>\n\n<p>Com amor e ao servi\u00e7o,<br\/>OIAA TechSteppers<\/p>\n\n<p><strong>Tem interesse em juntar-se aos Tech Steppers? <\/strong><a href=\"https:\/\/beta.aa-intergroup.org\/es\/committees\/tecnologia\/\"><strong>Visite a comiss\u00e3o de tecnologia.<\/strong><\/a><\/p>\n<div class=\"wpforms-container wpforms-container-full\" id=\"wpforms-4231\"><form id=\"wpforms-form-4231\" class=\"wpforms-validate wpforms-form wpforms-ajax-form\" data-formid=\"4231\" method=\"post\" enctype=\"multipart\/form-data\" action=\"\/pt-pt\/wp-json\/wp\/v2\/pages\/15903\" data-token=\"557b53e36a53c9cb4849a011e92a7fa2\" data-token-time=\"1776296623\"><noscript class=\"wpforms-error-noscript\">Please enable JavaScript in your browser to complete this form.<\/noscript><div class=\"wpforms-field-container\"><div id=\"wpforms-4231-field_15-container\" class=\"wpforms-field wpforms-field-select wpforms-conditional-trigger wpforms-field-select-style-classic\" data-field-id=\"15\"><label class=\"wpforms-field-label\" for=\"wpforms-4231-field_15\">Precisa de ajuda para parar de beber?<\/label><select id=\"wpforms-4231-field_15\" class=\"wpforms-field-medium\" name=\"wpforms[fields][15]\"><option value=\"Por favor, escolha\" >Por favor, escolha<\/option><option value=\"Sim\" >Sim<\/option><option value=\"N\u00e3o\" >N\u00e3o<\/option><\/select><\/div><div id=\"wpforms-4231-field_1-container\" class=\"wpforms-field wpforms-field-email wpforms-conditional-field wpforms-conditional-show\" data-field-id=\"1\" style=\"display:none;\"><label class=\"wpforms-field-label\" for=\"wpforms-4231-field_1\">Correio eletr\u00f3nico <span class=\"wpforms-required-label\">*<\/span><\/label><input type=\"email\" id=\"wpforms-4231-field_1\" class=\"wpforms-field-medium wpforms-field-required\" name=\"wpforms[fields][1]\" spellcheck=\"false\" required><\/div><div id=\"wpforms-4231-field_2-container\" class=\"wpforms-field wpforms-field-text wpforms-conditional-field wpforms-conditional-show\" data-field-id=\"2\" style=\"display:none;\"><label class=\"wpforms-field-label\" for=\"wpforms-4231-field_2\">Nome do Grupo\/Reuni\u00e3o <span class=\"wpforms-required-label\">*<\/span><\/label><input type=\"text\" id=\"wpforms-4231-field_2\" class=\"wpforms-field-medium wpforms-field-required\" name=\"wpforms[fields][2]\" required><\/div><div id=\"wpforms-4231-field_3-container\" class=\"wpforms-field wpforms-field-select wpforms-conditional-field wpforms-conditional-show wpforms-field-select-style-classic\" data-field-id=\"3\" style=\"display:none;\"><label class=\"wpforms-field-label\" for=\"wpforms-4231-field_3\">O seu Grupo\/Reuni\u00e3o est\u00e1 listado no Diret\u00f3rio de Reuni\u00f5es da OIAA <span class=\"wpforms-required-label\">*<\/span><\/label><select id=\"wpforms-4231-field_3\" class=\"wpforms-field-medium wpforms-field-required\" name=\"wpforms[fields][3]\" required=\"required\"><option value=\"Por favor, escolha...\" >Por favor, escolha...<\/option><option value=\"Sim\" >Sim<\/option><option value=\"N\u00e3o\" >N\u00e3o<\/option><option value=\"Desconhecido\" >Desconhecido<\/option><\/select><\/div><div id=\"wpforms-4231-field_4-container\" class=\"wpforms-field wpforms-field-select wpforms-conditional-field wpforms-conditional-show wpforms-conditional-trigger wpforms-field-select-style-classic\" data-field-id=\"4\" style=\"display:none;\"><label class=\"wpforms-field-label\" for=\"wpforms-4231-field_4\">Que software de reuni\u00e3o utiliza? <span class=\"wpforms-required-label\">*<\/span><\/label><select id=\"wpforms-4231-field_4\" class=\"wpforms-field-medium wpforms-field-required\" name=\"wpforms[fields][4]\" required=\"required\"><option value=\"Por favor, escolha\" >Por favor, escolha<\/option><option value=\"Zoom\" >Zoom<\/option><option value=\"Outro\" >Outro<\/option><\/select><\/div><div id=\"wpforms-4231-field_5-container\" class=\"wpforms-field wpforms-field-text wpforms-conditional-field wpforms-conditional-show\" data-field-id=\"5\" style=\"display:none;\"><label class=\"wpforms-field-label\" for=\"wpforms-4231-field_5\">Por favor, especifique...<\/label><input type=\"text\" id=\"wpforms-4231-field_5\" class=\"wpforms-field-medium\" name=\"wpforms[fields][5]\" ><\/div><div id=\"wpforms-4231-field_6-container\" class=\"wpforms-field wpforms-field-text wpforms-conditional-field wpforms-conditional-show\" data-field-id=\"6\" style=\"display:none;\"><label class=\"wpforms-field-label\" for=\"wpforms-4231-field_6\">Nome pr\u00f3prio e inicial do apelido <span class=\"wpforms-required-label\">*<\/span><\/label><input type=\"text\" id=\"wpforms-4231-field_6\" class=\"wpforms-field-medium wpforms-field-required\" name=\"wpforms[fields][6]\" required><\/div><div id=\"wpforms-4231-field_7-container\" class=\"wpforms-field wpforms-field-email wpforms-conditional-field wpforms-conditional-show\" data-field-id=\"7\" style=\"display:none;\"><label class=\"wpforms-field-label\" for=\"wpforms-4231-field_7\">Email de grupo<\/label><input type=\"email\" id=\"wpforms-4231-field_7\" class=\"wpforms-field-medium\" name=\"wpforms[fields][7]\" placeholder=\"Se aplic\u00e1vel\" spellcheck=\"false\" ><\/div><div id=\"wpforms-4231-field_8-container\" class=\"wpforms-field wpforms-field-phone wpforms-conditional-field wpforms-conditional-show\" data-field-id=\"8\" style=\"display:none;\"><label class=\"wpforms-field-label\" for=\"wpforms-4231-field_8\">Melhor n\u00famero de telefone para contacto <span class=\"wpforms-required-label\">*<\/span><\/label><input type=\"tel\" id=\"wpforms-4231-field_8\" class=\"wpforms-field-medium wpforms-field-required\" data-rule-int-phone-field=\"true\" name=\"wpforms[fields][8]\" placeholder=\"C\u00f3digo do pa\u00eds, indicativo, n\u00famero\" aria-label=\"Melhor n\u00famero de telefone para contacto\" required><\/div><div id=\"wpforms-4231-field_9-container\" class=\"wpforms-field wpforms-field-radio wpforms-conditional-field wpforms-conditional-show wpforms-conditional-trigger\" data-field-id=\"9\" style=\"display:none;\"><label class=\"wpforms-field-label\">A(s) sua(s) fun\u00e7\u00e3o(\u00f5es) - Assinale todas as que se aplicam <span class=\"wpforms-required-label\">*<\/span><\/label><ul id=\"wpforms-4231-field_9\" class=\"wpforms-field-required\"><li class=\"choice-1 depth-1\"><input type=\"radio\" id=\"wpforms-4231-field_9_1\" name=\"wpforms[fields][9]\" value=\"Titular da conta\" required ><label class=\"wpforms-field-label-inline\" for=\"wpforms-4231-field_9_1\">Titular da conta<\/label><\/li><li class=\"choice-2 depth-1\"><input type=\"radio\" id=\"wpforms-4231-field_9_2\" name=\"wpforms[fields][9]\" value=\"Anfitri\u00e3o\" required ><label class=\"wpforms-field-label-inline\" for=\"wpforms-4231-field_9_2\">Anfitri\u00e3o<\/label><\/li><li class=\"choice-3 depth-1\"><input type=\"radio\" id=\"wpforms-4231-field_9_3\" name=\"wpforms[fields][9]\" value=\"Coanfitri\u00e3o\" required ><label class=\"wpforms-field-label-inline\" for=\"wpforms-4231-field_9_3\">Coanfitri\u00e3o<\/label><\/li><li class=\"choice-4 depth-1\"><input type=\"radio\" id=\"wpforms-4231-field_9_4\" name=\"wpforms[fields][9]\" value=\"Nenhum\" required ><label class=\"wpforms-field-label-inline\" for=\"wpforms-4231-field_9_4\">Nenhum<\/label><\/li><li class=\"choice-5 depth-1\"><input type=\"radio\" id=\"wpforms-4231-field_9_5\" name=\"wpforms[fields][9]\" value=\"Outro\" required ><label class=\"wpforms-field-label-inline\" for=\"wpforms-4231-field_9_5\">Outro<\/label><\/li><\/ul><\/div><div id=\"wpforms-4231-field_10-container\" class=\"wpforms-field wpforms-field-text wpforms-conditional-field wpforms-conditional-show\" data-field-id=\"10\" style=\"display:none;\"><label class=\"wpforms-field-label\" for=\"wpforms-4231-field_10\">Por favor, especifique<\/label><input type=\"text\" id=\"wpforms-4231-field_10\" class=\"wpforms-field-medium\" name=\"wpforms[fields][10]\" ><\/div><div id=\"wpforms-4231-field_12-container\" class=\"wpforms-field wpforms-field-radio wpforms-conditional-field wpforms-conditional-show\" data-field-id=\"12\" style=\"display:none;\"><label class=\"wpforms-field-label\">Dispositivo(s) no(s) qual(is) est\u00e1 a experienciar o problema <span class=\"wpforms-required-label\">*<\/span><\/label><ul id=\"wpforms-4231-field_12\" class=\"wpforms-field-required\"><li class=\"choice-1 depth-1\"><input type=\"radio\" id=\"wpforms-4231-field_12_1\" name=\"wpforms[fields][12]\" value=\"Telem\u00f3vel\" required ><label class=\"wpforms-field-label-inline\" for=\"wpforms-4231-field_12_1\">Telem\u00f3vel<\/label><\/li><li class=\"choice-2 depth-1\"><input type=\"radio\" id=\"wpforms-4231-field_12_2\" name=\"wpforms[fields][12]\" value=\"Tablet\" required ><label class=\"wpforms-field-label-inline\" for=\"wpforms-4231-field_12_2\">Tablet<\/label><\/li><li class=\"choice-3 depth-1\"><input type=\"radio\" id=\"wpforms-4231-field_12_3\" name=\"wpforms[fields][12]\" value=\"Port\u00e1til\" required ><label class=\"wpforms-field-label-inline\" for=\"wpforms-4231-field_12_3\">Port\u00e1til<\/label><\/li><li class=\"choice-4 depth-1\"><input type=\"radio\" id=\"wpforms-4231-field_12_4\" name=\"wpforms[fields][12]\" value=\"Computador de secret\u00e1ria\" required ><label class=\"wpforms-field-label-inline\" for=\"wpforms-4231-field_12_4\">Computador de secret\u00e1ria<\/label><\/li><\/ul><\/div><div id=\"wpforms-4231-field_11-container\" class=\"wpforms-field wpforms-field-text wpforms-conditional-field wpforms-conditional-show\" data-field-id=\"11\" style=\"display:none;\"><label class=\"wpforms-field-label\" for=\"wpforms-4231-field_11\">Idioma preferido <span class=\"wpforms-required-label\">*<\/span><\/label><input type=\"text\" id=\"wpforms-4231-field_11\" class=\"wpforms-field-medium wpforms-field-required\" name=\"wpforms[fields][11]\" required><\/div><div id=\"wpforms-4231-field_13-container\" class=\"wpforms-field wpforms-field-textarea wpforms-conditional-field wpforms-conditional-show\" data-field-id=\"13\" style=\"display:none;\"><label class=\"wpforms-field-label\" for=\"wpforms-4231-field_13\">Por favor, descreva o problema que a sua reuni\u00e3o est\u00e1 a experienciar <span class=\"wpforms-required-label\">*<\/span><\/label><textarea id=\"wpforms-4231-field_13\" class=\"wpforms-field-medium wpforms-field-required\" name=\"wpforms[fields][13]\" required><\/textarea><\/div><div id=\"wpforms-4231-field_17-container\" class=\"wpforms-field wpforms-field-text wpforms-conditional-field wpforms-conditional-show\" data-field-id=\"17\" style=\"display:none;\"><label class=\"wpforms-field-label\" for=\"wpforms-4231-field_17\">Nome <span class=\"wpforms-required-label\">*<\/span><\/label><input type=\"text\" id=\"wpforms-4231-field_17\" class=\"wpforms-field-medium wpforms-field-required\" name=\"wpforms[fields][17]\" required><div class=\"wpforms-field-description\">O nome pr\u00f3prio \u00e9 suficiente<\/div><\/div><div id=\"wpforms-4231-field_18-container\" class=\"wpforms-field wpforms-field-text wpforms-conditional-field wpforms-conditional-show\" data-field-id=\"18\" style=\"display:none;\"><label class=\"wpforms-field-label\" for=\"wpforms-4231-field_18\">Correio eletr\u00f3nico <span class=\"wpforms-required-label\">*<\/span><\/label><input type=\"text\" id=\"wpforms-4231-field_18\" class=\"wpforms-field-medium wpforms-field-required\" name=\"wpforms[fields][18]\" required><\/div><div id=\"wpforms-4231-field_19-container\" class=\"wpforms-field wpforms-field-textarea wpforms-conditional-field wpforms-conditional-show\" data-field-id=\"19\" style=\"display:none;\"><label class=\"wpforms-field-label\" for=\"wpforms-4231-field_19\">Mensagem <span class=\"wpforms-required-label\">*<\/span><\/label><textarea id=\"wpforms-4231-field_19\" class=\"wpforms-field-medium wpforms-field-required\" name=\"wpforms[fields][19]\" required><\/textarea><\/div><div id=\"wpforms-4231-field_20-container\" class=\"wpforms-field wpforms-field-select wpforms-conditional-field wpforms-conditional-show wpforms-conditional-trigger wpforms-field-select-style-classic\" data-field-id=\"20\" style=\"display:none;\"><label class=\"wpforms-field-label\" for=\"wpforms-4231-field_20\">O seu pa\u00eds <span class=\"wpforms-required-label\">*<\/span><\/label><select id=\"wpforms-4231-field_20\" class=\"wpforms-field-medium wpforms-field-required\" name=\"wpforms[fields][20]\" required=\"required\"><option value=\"Por favor escolha...\" >Por favor escolha...<\/option><option value=\"EUA\" >EUA<\/option><option value=\"\u00c1frica do Sul\" >\u00c1frica do Sul<\/option><option value=\"Canad\u00e1\" >Canad\u00e1<\/option><option value=\"M\u00e9xico\" >M\u00e9xico<\/option><option value=\"Fran\u00e7a\" >Fran\u00e7a<\/option><option value=\"\u00cdndia\" >\u00cdndia<\/option><option value=\"Irlanda\" >Irlanda<\/option><option value=\"Reino Unido\" >Reino Unido<\/option><option value=\"Outro\" >Outro<\/option><\/select><\/div><div id=\"wpforms-4231-field_21-container\" class=\"wpforms-field wpforms-field-text wpforms-conditional-field wpforms-conditional-show\" data-field-id=\"21\" style=\"display:none;\"><label class=\"wpforms-field-label\" for=\"wpforms-4231-field_21\">Outro pa\u00eds<\/label><input type=\"text\" id=\"wpforms-4231-field_21\" class=\"wpforms-field-medium\" name=\"wpforms[fields][21]\" ><\/div><div id=\"wpforms-4231-field_14-container\" class=\"wpforms-field wpforms-field-gdpr-checkbox\" data-field-id=\"14\"><label class=\"wpforms-field-label\">Acordo RGPD <span class=\"wpforms-required-label\">*<\/span><\/label><ul id=\"wpforms-4231-field_14\" class=\"wpforms-field-required\"><li class=\"choice-1\"><input type=\"checkbox\" id=\"wpforms-4231-field_14_1\" name=\"wpforms[fields][14][]\" value=\"Dou o meu consentimento para que este s\u00edtio Web armazene as informa\u00e7\u00f5es que submeti para que possam responder \u00e0 minha consulta.\" required ><label class=\"wpforms-field-label-inline\" for=\"wpforms-4231-field_14_1\">Dou o meu consentimento para que este s\u00edtio Web armazene as informa\u00e7\u00f5es que submeti para que possam responder \u00e0 minha consulta.<\/label><\/li><\/ul><\/div><div id=\"wpforms-4231-field_22-container\" class=\"wpforms-field wpforms-field-text request-id\" data-field-id=\"22\"><label class=\"wpforms-field-label wpforms-label-hide\" for=\"wpforms-4231-field_22\">Request ID<\/label><input type=\"text\" id=\"wpforms-4231-field_22\" class=\"wpforms-field-medium\" name=\"wpforms[fields][22]\" ><\/div><\/div><!-- .wpforms-field-container --><div class=\"wpforms-recaptcha-container wpforms-is-recaptcha wpforms-is-recaptcha-type-v2\" ><div class=\"g-recaptcha\" data-sitekey=\"6LfLO_EUAAAAAD2WTL408A9DfNNx6AhXu-npfay8\"><\/div><input type=\"text\" name=\"g-recaptcha-hidden\" class=\"wpforms-recaptcha-hidden\" style=\"position:absolute!important;clip:rect(0,0,0,0)!important;height:1px!important;width:1px!important;border:0!important;overflow:hidden!important;padding:0!important;margin:0!important;\" data-rule-recaptcha=\"1\"><\/div><div class=\"wpforms-submit-container\" ><input type=\"hidden\" name=\"wpforms[id]\" value=\"4231\"><input type=\"hidden\" name=\"page_title\" value=\"\"><input type=\"hidden\" name=\"page_url\" value=\"https:\/\/beta.aa-intergroup.org\/pt-pt\/wp-json\/wp\/v2\/pages\/15903\"><button type=\"submit\" name=\"wpforms[submit]\" id=\"wpforms-submit-4231\" class=\"wpforms-submit\" data-alt-text=\"A enviar...\" data-submit-text=\"Submeter\" aria-live=\"assertive\" value=\"wpforms-submit\">Submeter<\/button><img loading=\"lazy\" decoding=\"async\" src=\"https:\/\/beta.aa-intergroup.org\/wp-content\/plugins\/wpforms\/assets\/images\/submit-spin.svg\" class=\"wpforms-submit-spinner\" style=\"display: none;\" width=\"26\" height=\"26\" alt=\"Loading\"><\/div><\/form><\/div>  <!-- .wpforms-container -->\n\n<p><\/p>\n\n<p><\/p>\n\n<p><\/p>\n\n<p><\/p>\n\n<p><\/p>\n","protected":false},"excerpt":{"rendered":"<p>Os Tech Steppers s\u00e3o uma subcomiss\u00e3o de Tecnologia que fornece apoio \u00e0s reuni\u00f5es do diret\u00f3rio da OIAA e aos seus participantes em quest\u00f5es de seguran\u00e7a online e defini\u00e7\u00f5es de conta. Os Tech Steppers procuram ajudar os grupos a melhorar a sua postura de seguran\u00e7a online e a defender melhor as suas reuni\u00f5es de potenciais e<a class=\"excerpt-read-more\" href=\"https:\/\/beta.aa-intergroup.org\/pt-pt\/ajuda-para-reunioes-online\/\" title=\"ReadAjuda para reuni\u00f5es online\">&#8230; Read more &raquo;<\/a><\/p>\n","protected":false},"author":18,"featured_media":0,"parent":0,"menu_order":0,"comment_status":"closed","ping_status":"closed","template":"","meta":{"_acf_changed":false,"_eb_attr":"","footnotes":""},"class_list":["post-15903","page","type-page","status-publish","hentry"],"acf":[],"_links":{"self":[{"href":"https:\/\/beta.aa-intergroup.org\/pt-pt\/wp-json\/wp\/v2\/pages\/15903","targetHints":{"allow":["GET"]}}],"collection":[{"href":"https:\/\/beta.aa-intergroup.org\/pt-pt\/wp-json\/wp\/v2\/pages"}],"about":[{"href":"https:\/\/beta.aa-intergroup.org\/pt-pt\/wp-json\/wp\/v2\/types\/page"}],"author":[{"embeddable":true,"href":"https:\/\/beta.aa-intergroup.org\/pt-pt\/wp-json\/wp\/v2\/users\/18"}],"replies":[{"embeddable":true,"href":"https:\/\/beta.aa-intergroup.org\/pt-pt\/wp-json\/wp\/v2\/comments?post=15903"}],"version-history":[{"count":1,"href":"https:\/\/beta.aa-intergroup.org\/pt-pt\/wp-json\/wp\/v2\/pages\/15903\/revisions"}],"predecessor-version":[{"id":15905,"href":"https:\/\/beta.aa-intergroup.org\/pt-pt\/wp-json\/wp\/v2\/pages\/15903\/revisions\/15905"}],"wp:attachment":[{"href":"https:\/\/beta.aa-intergroup.org\/pt-pt\/wp-json\/wp\/v2\/media?parent=15903"}],"curies":[{"name":"wp","href":"https:\/\/api.w.org\/{rel}","templated":true}]}}