{"id":15931,"date":"2020-03-18T14:41:03","date_gmt":"2020-03-18T18:41:03","guid":{"rendered":"https:\/\/beta.aa-intergroup.org\/diretrizes-do-diretorio-de-reunioes\/"},"modified":"2025-11-09T15:51:46","modified_gmt":"2025-11-09T20:51:46","slug":"diretrizes-do-diretorio-de-reunioes","status":"publish","type":"page","link":"https:\/\/beta.aa-intergroup.org\/pt-pt\/diretrizes-do-diretorio-de-reunioes\/","title":{"rendered":"Diretrizes do diret\u00f3rio de reuni\u00f5es"},"content":{"rendered":"\n<p>Qualquer grupo ou reuni\u00e3o de <strong>AA online<\/strong> pode ser listado no <a href=\"https:\/\/beta.aa-intergroup.org\/oiaa\/meetings\" data-type=\"URL\" data-id=\"https:\/\/beta.aa-intergroup.org\/oiaa\/meetings\"><strong>Diret\u00f3rio<\/strong><\/a>, desde que subscreva as Tradi\u00e7\u00f5es de Alco\u00f3licos An\u00f3nimos, utilizando o <strong><strong><a href=\"https:\/\/beta.aa-intergroup.org\/pt-pt\/submeter-uma-nova-reuniao-online\/\">Formul\u00e1rio de Submiss\u00e3o de Nova Reuni\u00e3o<\/a><\/strong>.<\/strong> As submiss\u00f5es de reuni\u00f5es ser\u00e3o revistas e filtradas com base nas diretrizes abaixo pelo <strong>Comit\u00e9 de Pol\u00edticas e Admiss\u00f5es<\/strong> (PAC).<\/p>\n\n<p>A Intergrupo Online <strong>n\u00e3o<\/strong> lista:<\/p>\n\n<ul class=\"wp-block-list\">\n<li>Reuni\u00f5es presenciais de AA (visite &#8220;Como Encontrar Reuni\u00f5es de AA&#8221; em <a rel=\"noreferrer noopener\" href=\"https:\/\/www.aa.org\/pages\/en_US\/find-aa-resources\" target=\"_blank\" data-type=\"page\">AA World Services, Inc.<\/a>).<\/li>\n\n\n\n<li>Grava\u00e7\u00e3o digital, &#8220;leituras di\u00e1rias&#8221; ou sites ou blogs de &#8220;redes sociais&#8221; (ver, por exemplo, &#8220;Sites Web de Redes Sociais Gerais&#8221; na publica\u00e7\u00e3o <a href=\"https:\/\/www.aa.org\/aa-guidelines-internet\" target=\"_blank\" rel=\"noreferrer noopener\">Diretrizes de AA na Internet<\/a>).<\/li>\n\n\n\n<li>Provedores de sites e listas de email n\u00e3o-AA. No entanto, se a sua reuni\u00e3o online for hospedada por um provedor como Google, Zoom, etc.; as submiss\u00f5es ser\u00e3o consideradas se a descri\u00e7\u00e3o for sobre a reuni\u00e3o AA e n\u00e3o sobre o provedor. Da mesma forma, o nome do grupo ou da reuni\u00e3o n\u00e3o deve conter o nome do provedor.<\/li>\n\n\n\n<li>Reuni\u00f5es que parecem ser conduzidas por uma organiza\u00e7\u00e3o ou por indiv\u00edduos que n\u00e3o s\u00e3o membros AA; por exemplo, sites comerciais que criaram &#8220;reuni\u00f5es&#8221; com o prop\u00f3sito de atrair tr\u00e1fego para seus sites. Apenas membros AA podem conduzir reuni\u00f5es AA.<\/li>\n\n\n\n<li>Grupos ou reuni\u00f5es que se autodenominam &#8220;AA&#8221; mas que participam de &#8220;programas de afiliados&#8221;; ou seja, recebem rendimentos de coloca\u00e7\u00e3o de an\u00fancios (ou de qualquer fonte n\u00e3o-AA). &#8220;Um grupo AA nunca deve entrar em neg\u00f3cios.&#8221;<\/li>\n<\/ul>\n\n<p>Para uma vis\u00e3o geral de como as Tradi\u00e7\u00f5es se aplicam aos grupos, consulte o folheto &#8220;O Grupo AA &#8230; Onde tudo come\u00e7a.&#8221; Em resumo:<\/p>\n\n<ul class=\"wp-block-list\">\n<li>todos os membros do grupo s\u00e3o alco\u00f3licos (ou t\u00eam o desejo de parar de beber) e o grupo est\u00e1 disposto a &#8220;abrir a porta a todos os alco\u00f3licos que procuram ajuda, independentemente da profiss\u00e3o, g\u00e9nero ou outra distin\u00e7\u00e3o&#8221; (&#8220;O Grupo de AA&#8221;, p. 15).<\/li>\n\n\n\n<li>o grupo \u00e9 totalmente autossuficiente, recusando contribui\u00e7\u00f5es externas.<\/li>\n\n\n\n<li>o grupo n\u00e3o tem outra afilia\u00e7\u00e3o.<\/li>\n\n\n\n<li>o grupo n\u00e3o endossa empresas externas.<\/li>\n\n\n\n<li>o grupo n\u00e3o tem opini\u00e3o sobre quest\u00f5es externas.<\/li>\n\n\n\n<li>o grupo mant\u00e9m o anonimato dos seus membros (sem nomes completos ou fotos de membros em exibi\u00e7\u00e3o p\u00fablica).<\/li>\n<\/ul>\n\n<p>Da p\u00e1gina 22 do folheto &#8220;O Grupo de AA&#8221; (copyright AAWS, Inc.; reimpresso com permiss\u00e3o):<\/p>\n\n<blockquote class=\"wp-block-quote is-layout-flow wp-block-quote-is-layout-flow\">\n<p>&#8220;Mesmo a apar\u00eancia de estar ligado a qualquer organiza\u00e7\u00e3o, clube, institui\u00e7\u00e3o pol\u00edtica ou religiosa precisa de ser evitada.<\/p>\n\n\n\n<p>&#8220;Portanto, um grupo AA que se re\u00fane em uma institui\u00e7\u00e3o correcional ou de tratamento ou em uma igreja [ou em um site n\u00e3o-AA, servidor de chat, etc.] pode cuidar de n\u00e3o usar o nome da institui\u00e7\u00e3o, mas de se chamar algo completamente diferente. Isso deixa claro que o grupo AA n\u00e3o est\u00e1 afiliado ao hospital, igreja, pris\u00e3o, institui\u00e7\u00e3o de tratamento, ou qualquer outra, mas simplesmente aluga espa\u00e7o l\u00e1 para reuni\u00f5es.<\/p>\n\n\n\n<p>&#8220;Nossa consci\u00eancia de grupo AA, conforme expressa pela Confer\u00eancia de Servi\u00e7os Gerais, recomendou que reuni\u00f5es de &#8216;fam\u00edlia&#8217;, &#8216;duplo problema&#8217; e &#8216;\u00e1lcool e p\u00edlula&#8217; n\u00e3o sejam listadas em nossos diret\u00f3rios AA. O uso da palavra &#8216;fam\u00edlia&#8217; tamb\u00e9m pode convidar \u00e0 confus\u00e3o com os Grupos Familiares Al-Anon, uma irmandade totalmente separada do AA.<\/p>\n\n\n\n<p>&#8220;O prop\u00f3sito principal de qualquer grupo AA \u00e9 transmitir a mensagem AA aos alco\u00f3licos. A experi\u00eancia com o \u00e1lcool \u00e9 algo que todos os membros AA t\u00eam em comum. \u00c9 enganoso insinuar ou dar a impress\u00e3o de que o AA resolve outros problemas ou sabe o que fazer sobre o v\u00edcio em drogas.<\/p>\n\n\n\n<p>&#8220;Tamb\u00e9m foi recomendado pela Confer\u00eancia de AA que nenhum grupo de AA seja nomeado em homenagem a qualquer pessoa real, viva ou morta, AA ou n\u00e3o AA. Esta \u00e9 uma forma de podermos &#8216;colocar os princ\u00edpios antes das personalidades&#8217;.&#8221;<\/p>\n<\/blockquote>\n\n<p><strong>Manter os diret\u00f3rios atualizados<\/strong>.<\/p>\n\n<p>O Comit\u00ea de Web do Intergrupo Online tenta manter seus diret\u00f3rios atualizados. Embora realizemos atualiza\u00e7\u00f5es peri\u00f3dicas de &#8220;chamada de presen\u00e7a&#8221; para garantir informa\u00e7\u00f5es de listagem corretas e contatos prim\u00e1rios e secund\u00e1rios, <strong>devemos confiar nas informa\u00e7\u00f5es fornecidas pelas reuni\u00f5es e grupos.<\/strong><\/p>\n\n<p>Se a sua reuni\u00e3o mudar os dias, hor\u00e1rios, IDs de reuni\u00e3o, links e informa\u00e7\u00f5es (senhas), \u00e9 importante fornecer uma <strong><a href=\"https:\/\/beta.aa-intergroup.org\/pt-pt\/atualizacoes-do-diretorio-de-reunioes\/\">atualiza\u00e7\u00e3o do diret\u00f3rio de reuni\u00f5es<\/a><\/strong> o mais r\u00e1pido poss\u00edvel. Se a sua reuni\u00e3o parar completamente, \u00e9 importante notificar a OIAA para remover a reuni\u00e3o do diret\u00f3rio. A \u00fanica maneira de os diret\u00f3rios de reuni\u00f5es permanecerem atualizados \u00e9 com a sua ajuda.<\/p>\n\n<p>Incentivamos voc\u00ea a pensar no rec\u00e9m-chegado ao visualizar as listagens do diret\u00f3rio. Imagine-o ou imagine-a, cheio de esperan\u00e7a, seguindo instru\u00e7\u00f5es e clicando em um link de reuni\u00e3o apenas para descobrir que precisa de uma senha quando uma n\u00e3o \u00e9 fornecida, ou que a senha n\u00e3o funciona, ou que a reuni\u00e3o simplesmente n\u00e3o est\u00e1 l\u00e1. Mesmo uma \u00fanica ocorr\u00eancia disso acontecer \u00e9 demais.<\/p>\n\n<p>Aqui est\u00e1 o que pode fazer para ajudar:<\/p>\n\n<ul class=\"wp-block-list\">\n<li>D\u00ea uma olhada na descri\u00e7\u00e3o do seu grupo ou reuni\u00e3o no diret\u00f3rio da OIAA. Est\u00e1 atualizada? Se n\u00e3o, por favor, forne\u00e7a uma <strong><a href=\"https:\/\/beta.aa-intergroup.org\/pt-pt\/atualizacoes-do-diretorio-de-reunioes\/\">atualiza\u00e7\u00e3o do diret\u00f3rio de reuni\u00f5es<\/a><\/strong>.<\/li>\n\n\n\n<li>O endere\u00e7o de email listado com sua reuni\u00e3o ou grupo ainda est\u00e1 sendo monitorado ativamente? Por favor, certifique-se de que os endere\u00e7os de email listados s\u00e3o v\u00e1lidos e visualizados regularmente.<\/li>\n\n\n\n<li>Aplique o conceito de Atra\u00e7\u00e3o em vez de Promo\u00e7\u00e3o ao escrever e atualizar as descri\u00e7\u00f5es das suas reuni\u00f5es.<\/li>\n\n\n\n<li>Pratique a Tradi\u00e7\u00e3o 4 ao enviar altera\u00e7\u00f5es para o nome do seu grupo ou reuni\u00e3o. Cada grupo \u00e9 aut\u00f4nomo, &#8220;exceto em quest\u00f5es que afetam outros grupos.&#8221; Pedidos para adicionar n\u00fameros (1-2-3) ou caracteres especiais no in\u00edcio do nome de um grupo ou reuni\u00e3o apenas para afetar a ordem de coloca\u00e7\u00e3o no diret\u00f3rio ser\u00e3o desconsiderados.<\/li>\n<\/ul>\n\n<p>&#8220;<strong>Links diretos<\/strong>&#8220;<strong> para Sites Web<\/strong>.<\/p>\n\n<p>A Intergrupo Online incluir\u00e1 &#8220;links diretos&#8221; (hiperliga\u00e7\u00f5es) para sites web juntamente com esta declara\u00e7\u00e3o de exonera\u00e7\u00e3o de responsabilidade:<\/p>\n\n<p>&#8220;Os links URL do grupo est\u00e3o agora ativos para facilitar a liga\u00e7\u00e3o aos grupos listados. Estes links URL n\u00e3o constituem ou indicam revis\u00e3o, endosso ou aprova\u00e7\u00e3o da Intergrupo Online.&#8221;<\/p>\n\n<blockquote class=\"wp-block-quote is-layout-flow wp-block-quote-is-layout-flow\">\n<p>Obrigado pela sua ajuda,<br\/>Comit\u00e9 de Tecnologia da OIAA &amp; Comit\u00e9 de Pol\u00edticas e Admiss\u00f5es da OIAA<\/p>\n<\/blockquote>\n","protected":false},"excerpt":{"rendered":"<p>Qualquer grupo ou reuni\u00e3o de AA online pode ser listado no Diret\u00f3rio, desde que subscreva as Tradi\u00e7\u00f5es de Alco\u00f3licos An\u00f3nimos, utilizando o Formul\u00e1rio de Submiss\u00e3o de Nova Reuni\u00e3o. As submiss\u00f5es de reuni\u00f5es ser\u00e3o revistas e filtradas com base nas diretrizes abaixo pelo Comit\u00e9 de Pol\u00edticas e Admiss\u00f5es (PAC). A Intergrupo Online n\u00e3o lista: Para uma<a class=\"excerpt-read-more\" href=\"https:\/\/beta.aa-intergroup.org\/pt-pt\/diretrizes-do-diretorio-de-reunioes\/\" title=\"ReadDiretrizes do diret\u00f3rio de reuni\u00f5es\">&#8230; Read more &raquo;<\/a><\/p>\n","protected":false},"author":9,"featured_media":0,"parent":0,"menu_order":0,"comment_status":"closed","ping_status":"closed","template":"","meta":{"_acf_changed":false,"_eb_attr":"","footnotes":""},"class_list":["post-15931","page","type-page","status-publish","hentry"],"acf":[],"_links":{"self":[{"href":"https:\/\/beta.aa-intergroup.org\/pt-pt\/wp-json\/wp\/v2\/pages\/15931","targetHints":{"allow":["GET"]}}],"collection":[{"href":"https:\/\/beta.aa-intergroup.org\/pt-pt\/wp-json\/wp\/v2\/pages"}],"about":[{"href":"https:\/\/beta.aa-intergroup.org\/pt-pt\/wp-json\/wp\/v2\/types\/page"}],"author":[{"embeddable":true,"href":"https:\/\/beta.aa-intergroup.org\/pt-pt\/wp-json\/wp\/v2\/users\/9"}],"replies":[{"embeddable":true,"href":"https:\/\/beta.aa-intergroup.org\/pt-pt\/wp-json\/wp\/v2\/comments?post=15931"}],"version-history":[{"count":2,"href":"https:\/\/beta.aa-intergroup.org\/pt-pt\/wp-json\/wp\/v2\/pages\/15931\/revisions"}],"predecessor-version":[{"id":40682,"href":"https:\/\/beta.aa-intergroup.org\/pt-pt\/wp-json\/wp\/v2\/pages\/15931\/revisions\/40682"}],"wp:attachment":[{"href":"https:\/\/beta.aa-intergroup.org\/pt-pt\/wp-json\/wp\/v2\/media?parent=15931"}],"curies":[{"name":"wp","href":"https:\/\/api.w.org\/{rel}","templated":true}]}}