{"id":16490,"date":"2025-08-04T16:07:26","date_gmt":"2025-08-04T20:07:26","guid":{"rendered":"https:\/\/beta.aa-intergroup.org\/oiaa2025\/pagina-de-voluntarios-oiaa2025\/"},"modified":"2025-11-26T13:44:32","modified_gmt":"2025-11-26T18:44:32","slug":"pagina-de-voluntarios-oiaa2025","status":"publish","type":"page","link":"https:\/\/beta.aa-intergroup.org\/pt-pt\/oiaa2025\/pagina-de-voluntarios-oiaa2025\/","title":{"rendered":"P\u00e1gina de volunt\u00e1rios OIAA2025"},"content":{"rendered":"\n<div style=\"height:34px\" aria-hidden=\"true\" class=\"wp-block-spacer\"><\/div>\n\n<h1 class=\"wp-block-heading has-text-align-center\">Seja volunt\u00e1rio para OIAA2025<\/h1>\n\n<div style=\"height:18px\" aria-hidden=\"true\" class=\"wp-block-spacer\"><\/div>\n<div class=\"wp-block-image is-style-rounded\">\n<figure class=\"aligncenter size-thumbnail\"><img loading=\"lazy\" decoding=\"async\" width=\"150\" height=\"150\" src=\"https:\/\/beta.aa-intergroup.org\/wp-content\/uploads\/2025\/02\/shutterstock_2044160207_volunteer-women-150x150.jpg\" alt=\"\" class=\"wp-image-11699\" srcset=\"https:\/\/beta.aa-intergroup.org\/wp-content\/uploads\/2025\/02\/shutterstock_2044160207_volunteer-women-150x150.jpg 150w, https:\/\/beta.aa-intergroup.org\/wp-content\/uploads\/2025\/02\/shutterstock_2044160207_volunteer-women-125x125.jpg 125w\" sizes=\"auto, (max-width: 150px) 100vw, 150px\" \/><\/figure><\/div>\n<div class=\"wp-block-columns is-layout-flex wp-container-core-columns-is-layout-9d6595d7 wp-block-columns-is-layout-flex\">\n<div class=\"wp-block-column is-layout-flow wp-block-column-is-layout-flow\" style=\"flex-basis:25%\"><\/div>\n\n\n\n<div class=\"wp-block-column is-layout-flow wp-block-column-is-layout-flow\" style=\"flex-basis:50%\">\n<h3 class=\"wp-block-heading has-text-align-center\">Gostaria de ser volunt\u00e1rio para ajudar a tornar a conven\u00e7\u00e3o um sucesso?<\/h3>\n\n\n<div class=\"wpforms-container wpforms-container-full\" id=\"wpforms-11660\"><form id=\"wpforms-form-11660\" class=\"wpforms-validate wpforms-form wpforms-ajax-form\" data-formid=\"11660\" method=\"post\" enctype=\"multipart\/form-data\" action=\"\/pt-pt\/wp-json\/wp\/v2\/pages\/16490\" data-token=\"4c1ffdded7335244668599e16b30dfa8\" data-token-time=\"1776204466\"><noscript class=\"wpforms-error-noscript\">Please enable JavaScript in your browser to complete this form.<\/noscript><div class=\"wpforms-field-container\"><div id=\"wpforms-11660-field_1-container\" class=\"wpforms-field wpforms-field-name\" data-field-id=\"1\"><label class=\"wpforms-field-label\" for=\"wpforms-11660-field_1\">Nome pr\u00f3prio e inicial do apelido <span class=\"wpforms-required-label\">*<\/span><\/label><input type=\"text\" id=\"wpforms-11660-field_1\" class=\"wpforms-field-medium wpforms-field-required\" name=\"wpforms[fields][1]\" required><\/div><div id=\"wpforms-11660-field_2-container\" class=\"wpforms-field wpforms-field-email\" data-field-id=\"2\"><label class=\"wpforms-field-label\" for=\"wpforms-11660-field_2\">Correio eletr\u00f3nico <span class=\"wpforms-required-label\">*<\/span><\/label><input type=\"email\" id=\"wpforms-11660-field_2\" class=\"wpforms-field-medium wpforms-field-required\" name=\"wpforms[fields][2]\" spellcheck=\"false\" required><\/div><div id=\"wpforms-11660-field_4-container\" class=\"wpforms-field wpforms-field-checkbox\" data-field-id=\"4\"><label class=\"wpforms-field-label\">Onde gostaria de se voluntariar? <span class=\"wpforms-required-label\">*<\/span><\/label><ul id=\"wpforms-11660-field_4\" class=\"wpforms-field-required\"><li class=\"choice-1 depth-1\"><input type=\"checkbox\" id=\"wpforms-11660-field_4_1\" name=\"wpforms[fields][4][]\" value=\"Volunt\u00e1rio geral\" required ><label class=\"wpforms-field-label-inline\" for=\"wpforms-11660-field_4_1\">Volunt\u00e1rio geral<\/label><\/li><li class=\"choice-2 depth-1\"><input type=\"checkbox\" id=\"wpforms-11660-field_4_2\" name=\"wpforms[fields][4][]\" value=\"T\u00e9cnico de eventos\" required ><label class=\"wpforms-field-label-inline\" for=\"wpforms-11660-field_4_2\">T\u00e9cnico de eventos<\/label><\/li><li class=\"choice-3 depth-1\"><input type=\"checkbox\" id=\"wpforms-11660-field_4_3\" name=\"wpforms[fields][4][]\" value=\"Eventos\/hospitalidade\" required ><label class=\"wpforms-field-label-inline\" for=\"wpforms-11660-field_4_3\">Eventos\/hospitalidade<\/label><\/li><\/ul><\/div><div id=\"wpforms-11660-field_3-container\" class=\"wpforms-field wpforms-field-textarea\" data-field-id=\"3\"><label class=\"wpforms-field-label\" for=\"wpforms-11660-field_3\">Coment\u00e1rio ou mensagem<\/label><textarea id=\"wpforms-11660-field_3\" class=\"wpforms-field-medium\" name=\"wpforms[fields][3]\" ><\/textarea><\/div><\/div><!-- .wpforms-field-container --><div class=\"wpforms-submit-container\" ><input type=\"hidden\" name=\"wpforms[id]\" value=\"11660\"><input type=\"hidden\" name=\"page_title\" value=\"\"><input type=\"hidden\" name=\"page_url\" value=\"https:\/\/beta.aa-intergroup.org\/pt-pt\/wp-json\/wp\/v2\/pages\/16490\"><button type=\"submit\" name=\"wpforms[submit]\" id=\"wpforms-submit-11660\" class=\"wpforms-submit\" data-alt-text=\"A enviar...\" data-submit-text=\"Submeter\" aria-live=\"assertive\" value=\"wpforms-submit\">Submeter<\/button><img loading=\"lazy\" decoding=\"async\" src=\"https:\/\/beta.aa-intergroup.org\/wp-content\/plugins\/wpforms\/assets\/images\/submit-spin.svg\" class=\"wpforms-submit-spinner\" style=\"display: none;\" width=\"26\" height=\"26\" alt=\"Loading\"><\/div><\/form><\/div>  <!-- .wpforms-container -->\n<\/div>\n\n\n\n<div class=\"wp-block-column is-layout-flow wp-block-column-is-layout-flow\" style=\"flex-basis:25%\"><\/div>\n<\/div>\n\n<div style=\"height:18px\" aria-hidden=\"true\" class=\"wp-block-spacer\"><\/div>\n\n<div class=\"wp-block-essential-blocks-button root-eb-button-a5a5w\"><div class=\"eb-parent-wrapper eb-parent-eb-button-a5a5w \"><div class=\"eb-button-wrapper eb-button-alignment eb-button-a5a5w\"><div class=\"eb-button\"><div class=\"eb-button-inner-wrapper \"><a class=\"eb-button-anchor \" href=\"https:\/\/beta.aa-intergroup.org\/pt-pt\/oiaa2025\/\" rel=\"noopener\">Voltar \u00e0 p\u00e1gina inicial do OIAA2025<\/a><\/div><\/div><\/div><\/div><\/div>\n","protected":false},"excerpt":{"rendered":"<p>Seja volunt\u00e1rio para OIAA2025 Gostaria de ser volunt\u00e1rio para ajudar a tornar a conven\u00e7\u00e3o um sucesso?<\/p>\n","protected":false},"author":153,"featured_media":0,"parent":15001,"menu_order":0,"comment_status":"closed","ping_status":"closed","template":"","meta":{"_acf_changed":false,"_eb_attr":"","footnotes":""},"class_list":["post-16490","page","type-page","status-publish","hentry"],"acf":[],"_links":{"self":[{"href":"https:\/\/beta.aa-intergroup.org\/pt-pt\/wp-json\/wp\/v2\/pages\/16490","targetHints":{"allow":["GET"]}}],"collection":[{"href":"https:\/\/beta.aa-intergroup.org\/pt-pt\/wp-json\/wp\/v2\/pages"}],"about":[{"href":"https:\/\/beta.aa-intergroup.org\/pt-pt\/wp-json\/wp\/v2\/types\/page"}],"author":[{"embeddable":true,"href":"https:\/\/beta.aa-intergroup.org\/pt-pt\/wp-json\/wp\/v2\/users\/153"}],"replies":[{"embeddable":true,"href":"https:\/\/beta.aa-intergroup.org\/pt-pt\/wp-json\/wp\/v2\/comments?post=16490"}],"version-history":[{"count":1,"href":"https:\/\/beta.aa-intergroup.org\/pt-pt\/wp-json\/wp\/v2\/pages\/16490\/revisions"}],"predecessor-version":[{"id":16492,"href":"https:\/\/beta.aa-intergroup.org\/pt-pt\/wp-json\/wp\/v2\/pages\/16490\/revisions\/16492"}],"up":[{"embeddable":true,"href":"https:\/\/beta.aa-intergroup.org\/pt-pt\/wp-json\/wp\/v2\/pages\/15001"}],"wp:attachment":[{"href":"https:\/\/beta.aa-intergroup.org\/pt-pt\/wp-json\/wp\/v2\/media?parent=16490"}],"curies":[{"name":"wp","href":"https:\/\/api.w.org\/{rel}","templated":true}]}}