{"id":16521,"date":"2024-11-23T23:27:35","date_gmt":"2024-11-24T04:27:35","guid":{"rendered":"https:\/\/beta.aa-intergroup.org\/orgao-de-governo-do-intergrupo-e-dos-membros-anos-2000\/"},"modified":"2025-10-28T07:01:31","modified_gmt":"2025-10-28T11:01:31","slug":"orgao-de-governo-do-intergrupo-e-dos-membros-anos-2000","status":"publish","type":"page","link":"https:\/\/beta.aa-intergroup.org\/pt-pt\/orgao-de-governo-do-intergrupo-e-dos-membros-anos-2000\/","title":{"rendered":"\u00d3rg\u00e3o de governo do intergrupo e dos membros (anos 2000)"},"content":{"rendered":"\n<p><strong>&#8212;- Escrito no in\u00edcio dos anos 2000 &#8212;-<\/strong><\/p>\n\n<p>O \u00f3rg\u00e3o de governo da OIAA \u00e9 o Comit\u00e9 do Intergrupo. O Comit\u00e9 do Intergrupo \u00e9 constitu\u00eddo por um Representante do Intergrupo ou Representante Alternativo de cada grupo membro; os dirigentes da OIAA; e os antigos dirigentes da OIAA (durante um ano ap\u00f3s o seu mandato). Um grupo \u00e9 membro da OIAA ao ter um representante ou suplente no Intergrupo que participa nas elei\u00e7\u00f5es bianuais e nos assuntos do Intergrupo. No entanto, a qualquer grupo de A.A. online que opte por n\u00e3o participar como grupo membro n\u00e3o podem ser negados os servi\u00e7os do Intergrupo (como a listagem nos Diret\u00f3rios de Reuni\u00f5es), desde que se qualifique como um grupo de A.A. segundo as tradi\u00e7\u00f5es de A.A. e as diretrizes do Intergrupo. A principal qualifica\u00e7\u00e3o para um grupo de A.A. \u00e9 que, como grupo, n\u00e3o tenha qualquer outra afilia\u00e7\u00e3o (Tradi\u00e7\u00f5es 5, 6 e 10).    <\/p>\n\n<p>Cada grupo tem um voto (atrav\u00e9s do seu representante ou do seu suplente) e nenhum indiv\u00edduo pode ter mais do que um voto \u2015 por isso, recomenda-se que cada representante sirva apenas um grupo membro. Ap\u00f3s a elei\u00e7\u00e3o para um cargo na OIAA, o dirigente eleito deixa de representar o grupo membro que anteriormente o elegeu. Desta forma, assegura-se que cada grupo tem uma representa\u00e7\u00e3o espec\u00edfica para as suas preocupa\u00e7\u00f5es e cada dirigente pode ent\u00e3o abordar as preocupa\u00e7\u00f5es da OIAA como um todo.  <\/p>\n\n<p><\/p>\n\n<div class=\"wp-block-essential-blocks-button root-eb-button-zva29\"><div class=\"eb-parent-wrapper eb-parent-eb-button-zva29 \"><div class=\"eb-button-wrapper eb-button-alignment eb-button-zva29\"><div class=\"eb-button\"><div class=\"eb-button-inner-wrapper \"><a class=\"eb-button-anchor \" href=\"https:\/\/beta.aa-intergroup.org\/pt-pt\/cronologia-da-historia-da-oiaa\/\" rel=\"noopener\"><i icon=\"fas fa-chevron-left\" class=\"fas fa-chevron-left eb-button-icon eb-button-icon-left hvr-icon\"><\/i>Voltar \u00e0 cronologia da hist\u00f3ria da OIAA<\/a><\/div><\/div><\/div><\/div><\/div>\n","protected":false},"excerpt":{"rendered":"<p>&#8212;- Escrito no in\u00edcio dos anos 2000 &#8212;- O \u00f3rg\u00e3o de governo da OIAA \u00e9 o Comit\u00e9 do Intergrupo. O Comit\u00e9 do Intergrupo \u00e9 constitu\u00eddo por um Representante do Intergrupo ou Representante Alternativo de cada grupo membro; os dirigentes da OIAA; e os antigos dirigentes da OIAA (durante um ano ap\u00f3s o seu mandato). Um<a class=\"excerpt-read-more\" href=\"https:\/\/beta.aa-intergroup.org\/pt-pt\/orgao-de-governo-do-intergrupo-e-dos-membros-anos-2000\/\" title=\"Read\u00d3rg\u00e3o de governo do intergrupo e dos membros (anos 2000)\">&#8230; Read more &raquo;<\/a><\/p>\n","protected":false},"author":153,"featured_media":0,"parent":0,"menu_order":0,"comment_status":"closed","ping_status":"closed","template":"","meta":{"_acf_changed":false,"_eb_attr":"","footnotes":""},"class_list":["post-16521","page","type-page","status-publish","hentry"],"acf":[],"_links":{"self":[{"href":"https:\/\/beta.aa-intergroup.org\/pt-pt\/wp-json\/wp\/v2\/pages\/16521","targetHints":{"allow":["GET"]}}],"collection":[{"href":"https:\/\/beta.aa-intergroup.org\/pt-pt\/wp-json\/wp\/v2\/pages"}],"about":[{"href":"https:\/\/beta.aa-intergroup.org\/pt-pt\/wp-json\/wp\/v2\/types\/page"}],"author":[{"embeddable":true,"href":"https:\/\/beta.aa-intergroup.org\/pt-pt\/wp-json\/wp\/v2\/users\/153"}],"replies":[{"embeddable":true,"href":"https:\/\/beta.aa-intergroup.org\/pt-pt\/wp-json\/wp\/v2\/comments?post=16521"}],"version-history":[{"count":1,"href":"https:\/\/beta.aa-intergroup.org\/pt-pt\/wp-json\/wp\/v2\/pages\/16521\/revisions"}],"predecessor-version":[{"id":16522,"href":"https:\/\/beta.aa-intergroup.org\/pt-pt\/wp-json\/wp\/v2\/pages\/16521\/revisions\/16522"}],"wp:attachment":[{"href":"https:\/\/beta.aa-intergroup.org\/pt-pt\/wp-json\/wp\/v2\/media?parent=16521"}],"curies":[{"name":"wp","href":"https:\/\/api.w.org\/{rel}","templated":true}]}}