{"id":16542,"date":"2023-06-21T11:56:23","date_gmt":"2023-06-21T15:56:23","guid":{"rendered":"https:\/\/beta.aa-intergroup.org\/assembleia-da-oiaa-29-de-julho-de-2023\/"},"modified":"2025-10-28T07:04:08","modified_gmt":"2025-10-28T11:04:08","slug":"assembleia-da-oiaa-29-de-julho-de-2023","status":"publish","type":"page","link":"https:\/\/beta.aa-intergroup.org\/pt-pt\/assembleia-da-oiaa-29-de-julho-de-2023\/","title":{"rendered":"Assembleia da OIAA 29 de julho de 2023"},"content":{"rendered":"\n<h5 class=\"wp-block-heading\"><strong>P\u00e1gina de arquivo da assembleia da OIAA de 29 de julho de 2023<\/strong><\/h5>\n\n<div style=\"height:41px\" aria-hidden=\"true\" class=\"wp-block-spacer\"><\/div>\n\n<p>Obrigado por fazer parte da Assembleia da OIAA de julho de 2023 e por contribuir com a sua voz.<\/p>\n\n<h3 class=\"wp-block-heading\">An\u00fancio da assembleia<\/h3>\n\n<ul class=\"wp-block-list\">\n<li>An\u00fancios de reuni\u00f5es<\/li>\n\n\n\n<li>Copie esta mensagem e liga\u00e7\u00e3o para o chat da sua reuni\u00e3o\n<ul class=\"wp-block-list\">\n<li>Reuni\u00e3o da Assembleia Geral &#8211; 29 de julho de 2023: <a href=\"https:\/\/beta.aa-intergroup.org\/pt-pt\/assembleia-da-oiaa-29-de-julho-de-2023\/\">https:\/\/beta.aa-intergroup.org\/oiaa-assembly-29-july-2023\/<\/a><\/li>\n<\/ul>\n<\/li>\n<\/ul>\n\n<h3 class=\"wp-block-heading\">Ordem de trabalhos da assembleia<\/h3>\n\n<ul class=\"wp-block-list\" id=\"block-b1e3529a-4f8b-4ca9-b34a-99f8022da30b\">\n<li><a href=\"https:\/\/beta.aa-intergroup.org\/documents\/oiaa-assembly-29-july-2023-agenda\/\"><\/a><a href=\"https:\/\/beta.aa-intergroup.org\/documents\/oiaa-assembly-29-july-2023-agenda\/\">Ordem de trabalhos da assembleia de 29 de julho de 2023<\/a><\/li>\n\n\n\n<li>A ata da Assembleia da OIAA de 17 de junho de 2023 ser\u00e1 votada na assembleia de 16 de setembro de 2023. Pedimos desculpa pelo atraso. <\/li>\n<\/ul>\n\n<h3 class=\"wp-block-heading\">Relat\u00f3rios<\/h3>\n\n<ul class=\"wp-block-list\" id=\"block-b1e3529a-4f8b-4ca9-b34a-99f8022da30b\">\n<li><a href=\"https:\/\/beta.aa-intergroup.org\/documents\/acting-chairs-report-29-july-2023\/\"><\/a><a href=\"https:\/\/beta.aa-intergroup.org\/documents\/acting-chairs-report-29-july-2023\/\">Relat\u00f3rio do presidente interino da OIAA julho 2023<\/a><\/li>\n\n\n\n<li>Resumos financeiros\n<ul class=\"wp-block-list\">\n<li><a href=\"https:\/\/beta.aa-intergroup.org\/documents\/7th-tradition-report-june-2023\/\"><\/a><a href=\"https:\/\/beta.aa-intergroup.org\/documents\/7th-tradition-report-june-2023\/\">Relat\u00f3rio da 7.\u00aa tradi\u00e7\u00e3o junho 2023<\/a><\/li>\n\n\n\n<li><a href=\"https:\/\/beta.aa-intergroup.org\/documents\/balance-sheet-june-2023\/\"><\/a><a href=\"https:\/\/beta.aa-intergroup.org\/documents\/balance-sheet-june-2023\/\">Balan\u00e7o junho 2023<\/a><\/li>\n\n\n\n<li><a href=\"https:\/\/beta.aa-intergroup.org\/documents\/budget-variance-june-2023\/\"><\/a><a href=\"https:\/\/beta.aa-intergroup.org\/documents\/budget-variance-june-2023\/\">Varia\u00e7\u00e3o or\u00e7amental junho 2023<\/a><\/li>\n<\/ul>\n<\/li>\n<\/ul>\n\n<h3 class=\"wp-block-heading\">Procedimentos<\/h3>\n\n<ul class=\"wp-block-list\">\n<li><a href=\"https:\/\/beta.aa-intergroup.org\/documents\/3-13-summary-of-assembly-procedures\/\"><\/a><a href=\"https:\/\/beta.aa-intergroup.org\/documents\/3-13-summary-of-assembly-procedures\/\">3.13 resumo dos procedimentos da assembleia<\/a><\/li>\n<\/ul>\n\n<h3 class=\"wp-block-heading\">Formul\u00e1rios da ordem de trabalhos<\/h3>\n\n<ul class=\"wp-block-list\">\n<li>Estes podem ser encontrados na Ordem de Trabalhos, mas tamb\u00e9m est\u00e3o aqui ligados para maior comodidade.\n<ul class=\"wp-block-list\">\n<li><a href=\"https:\/\/docs.google.com\/document\/d\/1QDFWNtXEakFvEY0uzVFJ6AqHSuS2p8Wq\/edit?usp=sharing&amp;ouid=104469751085684218626&amp;rtpof=true&amp;sd=true\" target=\"_blank\" rel=\"noreferrer noopener\"><\/a><a href=\"https:\/\/docs.google.com\/document\/d\/1QDFWNtXEakFvEY0uzVFJ6AqHSuS2p8Wq\/edit?usp=sharing&amp;ouid=104469751085684218626&amp;rtpof=true&amp;sd=true\">Contrato de fornecedor em branco<\/a><\/li>\n\n\n\n<li><a href=\"https:\/\/docs.google.com\/spreadsheets\/d\/1KiPYSmzQvW97OjgUcGlWrWbtX1Duicc0\/edit?usp=drive_link&amp;ouid=104469751085684218626&amp;rtpof=true&amp;sd=true\" target=\"_blank\" rel=\"noreferrer noopener\"><\/a><a href=\"https:\/\/docs.google.com\/spreadsheets\/d\/1KiPYSmzQvW97OjgUcGlWrWbtX1Duicc0\/edit?usp=drive_link&amp;ouid=104469751085684218626&amp;rtpof=true&amp;sd=true\">Formul\u00e1rio de pedido n\u00e3o or\u00e7amentado em branco<\/a><\/li>\n\n\n\n<li><a href=\"https:\/\/beta.aa-intergroup.org\/documents\/unbudgeted-expense-request-secretary\/\"><\/a><a href=\"https:\/\/beta.aa-intergroup.org\/documents\/unbudgeted-expense-request-secretary\/\">Pedido n\u00e3o or\u00e7amentado: Secret\u00e1rio<\/a><\/li>\n\n\n\n<li><a href=\"https:\/\/beta.aa-intergroup.org\/documents\/unbudgeted-expense-request-technology\/\"><\/a><a href=\"https:\/\/beta.aa-intergroup.org\/documents\/unbudgeted-expense-request-technology\/\">Pedido n\u00e3o or\u00e7amentado: tecnologia<\/a><\/li>\n\n\n\n<li><a href=\"https:\/\/beta.aa-intergroup.org\/documents\/unbudgeted-expense-request-unity\/\"><\/a><a href=\"https:\/\/beta.aa-intergroup.org\/documents\/unbudgeted-expense-request-unity\/\">Pedido n\u00e3o or\u00e7amentado: Unidade<\/a><\/li>\n<\/ul>\n<\/li>\n<\/ul>\n\n<h3 class=\"wp-block-heading\">Altera\u00e7\u00f5es propostas aos estatutos<\/h3>\n\n<ul class=\"wp-block-list\">\n<li><a href=\"https:\/\/beta.aa-intergroup.org\/documents\/bylaws-changes-presented-by-oiaa-treasurer\/\"><\/a><a href=\"https:\/\/beta.aa-intergroup.org\/documents\/bylaws-changes-presented-by-oiaa-treasurer\/\">Altera\u00e7\u00e3o proposta<\/a><\/li>\n\n\n\n<li><a href=\"https:\/\/beta.aa-intergroup.org\/documents\/oiaa-bylaws\/#officers\"><\/a><a href=\"https:\/\/beta.aa-intergroup.org\/documents\/oiaa-bylaws\/#officers\">Liga\u00e7\u00e3o direta para a altera\u00e7\u00e3o proposta aos Estatutos<\/a><\/li>\n\n\n\n<li><a href=\"https:\/\/beta.aa-intergroup.org\/documents\/oiaa-bylaws\/\"><\/a><a href=\"https:\/\/beta.aa-intergroup.org\/documents\/oiaa-bylaws\/\">Estatutos completos<\/a><\/li>\n<\/ul>\n\n<p><\/p>\n","protected":false},"excerpt":{"rendered":"<p>P\u00e1gina de arquivo da assembleia da OIAA de 29 de julho de 2023 Obrigado por fazer parte da Assembleia da OIAA de julho de 2023 e por contribuir com a sua voz. An\u00fancio da assembleia Ordem de trabalhos da assembleia Relat\u00f3rios Procedimentos Formul\u00e1rios da ordem de trabalhos Altera\u00e7\u00f5es propostas aos estatutos<\/p>\n","protected":false},"author":18,"featured_media":0,"parent":0,"menu_order":0,"comment_status":"closed","ping_status":"closed","template":"","meta":{"_acf_changed":false,"_eb_attr":"","footnotes":""},"class_list":["post-16542","page","type-page","status-publish","hentry"],"acf":[],"_links":{"self":[{"href":"https:\/\/beta.aa-intergroup.org\/pt-pt\/wp-json\/wp\/v2\/pages\/16542","targetHints":{"allow":["GET"]}}],"collection":[{"href":"https:\/\/beta.aa-intergroup.org\/pt-pt\/wp-json\/wp\/v2\/pages"}],"about":[{"href":"https:\/\/beta.aa-intergroup.org\/pt-pt\/wp-json\/wp\/v2\/types\/page"}],"author":[{"embeddable":true,"href":"https:\/\/beta.aa-intergroup.org\/pt-pt\/wp-json\/wp\/v2\/users\/18"}],"replies":[{"embeddable":true,"href":"https:\/\/beta.aa-intergroup.org\/pt-pt\/wp-json\/wp\/v2\/comments?post=16542"}],"version-history":[{"count":1,"href":"https:\/\/beta.aa-intergroup.org\/pt-pt\/wp-json\/wp\/v2\/pages\/16542\/revisions"}],"predecessor-version":[{"id":16544,"href":"https:\/\/beta.aa-intergroup.org\/pt-pt\/wp-json\/wp\/v2\/pages\/16542\/revisions\/16544"}],"wp:attachment":[{"href":"https:\/\/beta.aa-intergroup.org\/pt-pt\/wp-json\/wp\/v2\/media?parent=16542"}],"curies":[{"name":"wp","href":"https:\/\/api.w.org\/{rel}","templated":true}]}}