{"id":16546,"date":"2024-03-18T22:14:49","date_gmt":"2024-03-19T02:14:49","guid":{"rendered":"https:\/\/beta.aa-intergroup.org\/o-nosso-grupo-tem-um-novo-representante\/"},"modified":"2025-10-28T07:04:08","modified_gmt":"2025-10-28T11:04:08","slug":"o-nosso-grupo-tem-um-novo-representante","status":"publish","type":"page","link":"https:\/\/beta.aa-intergroup.org\/pt-pt\/o-nosso-grupo-tem-um-novo-representante\/","title":{"rendered":"O nosso grupo tem um novo representante&#8230;"},"content":{"rendered":"\n<p>Por favor, utilize este formul\u00e1rio para nos informar sobre um novo IGR ou Alt-IGR para o seu grupo. <\/p>\n\n<p><strong><em>Aten\u00e7\u00e3o <\/em><\/strong> &#8211; Este formul\u00e1rio <strong><em>N\u00c3O <\/em><\/strong>se destina a Atualiza\u00e7\u00f5es do Diret\u00f3rio de Reuni\u00f5es &#8211; Por favor, utilize <a href=\"https:\/\/beta.aa-intergroup.org\/pt-pt\/atualizacoes-do-diretorio-de-reunioes\/\">Este Formul\u00e1rio Para Atualizar os Detalhes da Sua Reuni\u00e3o<\/a><\/p>\n\n<p>Se tiver d\u00favidas, por favor envie um e-mail para registrar@aa-intergroup.org<\/p>\n\n<h2 class=\"wp-block-heading\">Novo(s) representante(s) do grupo<\/h2>\n<div class=\"wpforms-container wpforms-container-full wpforms-block wpforms-block-34136b54-879a-4955-9a5e-198deb2dd152\" id=\"wpforms-9279\"><form id=\"wpforms-form-9279\" class=\"wpforms-validate wpforms-form wpforms-ajax-form\" data-formid=\"9279\" method=\"post\" enctype=\"multipart\/form-data\" action=\"\/pt-pt\/wp-json\/wp\/v2\/pages\/16546\" data-token=\"654a025329984f563623d15254184228\" data-token-time=\"1776025014\"><noscript class=\"wpforms-error-noscript\">Please enable JavaScript in your browser to complete this form.<\/noscript><div class=\"wpforms-field-container\"><div id=\"wpforms-9279-field_1-container\" class=\"wpforms-field wpforms-field-text\" data-field-id=\"1\"><label class=\"wpforms-field-label\" for=\"wpforms-9279-field_1\">Nome do grupo <span class=\"wpforms-required-label\">*<\/span><\/label><input type=\"text\" id=\"wpforms-9279-field_1\" class=\"wpforms-field-medium wpforms-field-required\" name=\"wpforms[fields][1]\" required><\/div><div id=\"wpforms-9279-field_2-container\" class=\"wpforms-field wpforms-field-text\" data-field-id=\"2\"><label class=\"wpforms-field-label\" for=\"wpforms-9279-field_2\">Grupo OIMN<\/label><input type=\"text\" id=\"wpforms-9279-field_2\" class=\"wpforms-field-medium\" name=\"wpforms[fields][2]\" ><\/div><div id=\"wpforms-9279-field_7-container\" class=\"wpforms-field wpforms-field-select wpforms-conditional-trigger wpforms-field-select-style-classic\" data-field-id=\"7\"><label class=\"wpforms-field-label\" for=\"wpforms-9279-field_7\">Atualiza\u00e7\u00e3o de cargo <span class=\"wpforms-required-label\">*<\/span><\/label><select id=\"wpforms-9279-field_7\" class=\"wpforms-field-medium wpforms-field-required\" name=\"wpforms[fields][7]\" required=\"required\"><option value=\"Por favor escolha...\" >Por favor escolha&#8230;<\/option><option value=\"IGR\" >IGR<\/option><option value=\"Alt IGR\" >Alt IGR<\/option><\/select><\/div><div id=\"wpforms-9279-field_3-container\" class=\"wpforms-field wpforms-field-text wpforms-conditional-field wpforms-conditional-show\" data-field-id=\"3\" style=\"display:none;\"><label class=\"wpforms-field-label\" for=\"wpforms-9279-field_3\">Nome do IGR cessante <span class=\"wpforms-required-label\">*<\/span><\/label><input type=\"text\" id=\"wpforms-9279-field_3\" class=\"wpforms-field-medium wpforms-field-required\" name=\"wpforms[fields][3]\" required><\/div><div id=\"wpforms-9279-field_4-container\" class=\"wpforms-field wpforms-field-email wpforms-conditional-field wpforms-conditional-show\" data-field-id=\"4\" style=\"display:none;\"><label class=\"wpforms-field-label\" for=\"wpforms-9279-field_4\">E-mail do IGR cessante<\/label><input type=\"email\" id=\"wpforms-9279-field_4\" class=\"wpforms-field-medium\" name=\"wpforms[fields][4]\" spellcheck=\"false\" ><\/div><div id=\"wpforms-9279-field_5-container\" class=\"wpforms-field wpforms-field-text wpforms-conditional-field wpforms-conditional-show\" data-field-id=\"5\" style=\"display:none;\"><label class=\"wpforms-field-label\" for=\"wpforms-9279-field_5\">Nome do IGR entrante <span class=\"wpforms-required-label\">*<\/span><\/label><input type=\"text\" id=\"wpforms-9279-field_5\" class=\"wpforms-field-medium wpforms-field-required\" name=\"wpforms[fields][5]\" required><\/div><div id=\"wpforms-9279-field_6-container\" class=\"wpforms-field wpforms-field-email wpforms-conditional-field wpforms-conditional-show\" data-field-id=\"6\" style=\"display:none;\"><label class=\"wpforms-field-label\" for=\"wpforms-9279-field_6\">E-mail do IGR entrante <span class=\"wpforms-required-label\">*<\/span><\/label><input type=\"email\" id=\"wpforms-9279-field_6\" class=\"wpforms-field-medium wpforms-field-required\" name=\"wpforms[fields][6]\" spellcheck=\"false\" required><\/div><div id=\"wpforms-9279-field_9-container\" class=\"wpforms-field wpforms-field-text wpforms-conditional-field wpforms-conditional-show\" data-field-id=\"9\" style=\"display:none;\"><label class=\"wpforms-field-label\" for=\"wpforms-9279-field_9\">Nome do IGR suplente cessante <span class=\"wpforms-required-label\">*<\/span><\/label><input type=\"text\" id=\"wpforms-9279-field_9\" class=\"wpforms-field-medium wpforms-field-required\" name=\"wpforms[fields][9]\" required><\/div><div id=\"wpforms-9279-field_10-container\" class=\"wpforms-field wpforms-field-email wpforms-conditional-field wpforms-conditional-show\" data-field-id=\"10\" style=\"display:none;\"><label class=\"wpforms-field-label\" for=\"wpforms-9279-field_10\">E-mail do IGR suplente cessante<\/label><input type=\"email\" id=\"wpforms-9279-field_10\" class=\"wpforms-field-medium\" name=\"wpforms[fields][10]\" spellcheck=\"false\" ><\/div><div id=\"wpforms-9279-field_11-container\" class=\"wpforms-field wpforms-field-text wpforms-conditional-field wpforms-conditional-show\" data-field-id=\"11\" style=\"display:none;\"><label class=\"wpforms-field-label\" for=\"wpforms-9279-field_11\">Nome do IGR suplente entrante <span class=\"wpforms-required-label\">*<\/span><\/label><input type=\"text\" id=\"wpforms-9279-field_11\" class=\"wpforms-field-medium wpforms-field-required\" name=\"wpforms[fields][11]\" required><\/div><div id=\"wpforms-9279-field_12-container\" class=\"wpforms-field wpforms-field-email wpforms-conditional-field wpforms-conditional-show\" data-field-id=\"12\" style=\"display:none;\"><label class=\"wpforms-field-label\" for=\"wpforms-9279-field_12\">E-mail do IGR suplente entrante <span class=\"wpforms-required-label\">*<\/span><\/label><input type=\"email\" id=\"wpforms-9279-field_12\" class=\"wpforms-field-medium wpforms-field-required\" name=\"wpforms[fields][12]\" spellcheck=\"false\" required><\/div><div id=\"wpforms-9279-field_13-container\" class=\"wpforms-field wpforms-field-checkbox wpforms-conditional-trigger\" data-field-id=\"13\"><label class=\"wpforms-field-label\">Adicionar outro cargo<\/label><ul id=\"wpforms-9279-field_13\"><li class=\"choice-1 depth-1\"><input type=\"checkbox\" id=\"wpforms-9279-field_13_1\" name=\"wpforms[fields][13][]\" value=\"Pr\u00f3xima pessoa\"  ><label class=\"wpforms-field-label-inline\" for=\"wpforms-9279-field_13_1\">Pr\u00f3xima pessoa<\/label><\/li><\/ul><\/div><\/div><!-- .wpforms-field-container --><div class=\"wpforms-submit-container\" ><input type=\"hidden\" name=\"wpforms[id]\" value=\"9279\"><input type=\"hidden\" name=\"page_title\" value=\"\"><input type=\"hidden\" name=\"page_url\" value=\"https:\/\/beta.aa-intergroup.org\/pt-pt\/wp-json\/wp\/v2\/pages\/16546\"><button type=\"submit\" name=\"wpforms[submit]\" id=\"wpforms-submit-9279\" class=\"wpforms-submit\" data-alt-text=\"A enviar...\" data-submit-text=\"Submeter\" aria-live=\"assertive\" value=\"wpforms-submit\">Submeter<\/button><img loading=\"lazy\" decoding=\"async\" src=\"https:\/\/beta.aa-intergroup.org\/wp-content\/plugins\/wpforms\/assets\/images\/submit-spin.svg\" class=\"wpforms-submit-spinner\" style=\"display: none;\" width=\"26\" height=\"26\" alt=\"Loading\"><\/div><\/form><\/div>  <!-- .wpforms-container -->","protected":false},"excerpt":{"rendered":"<p>Por favor, utilize este formul\u00e1rio para nos informar sobre um novo IGR ou Alt-IGR para o seu grupo. Aten\u00e7\u00e3o &#8211; Este formul\u00e1rio N\u00c3O se destina a Atualiza\u00e7\u00f5es do Diret\u00f3rio de Reuni\u00f5es &#8211; Por favor, utilize Este Formul\u00e1rio Para Atualizar os Detalhes da Sua Reuni\u00e3o Se tiver d\u00favidas, por favor envie um e-mail para registrar@aa-intergroup.org Novo(s)<a class=\"excerpt-read-more\" href=\"https:\/\/beta.aa-intergroup.org\/pt-pt\/o-nosso-grupo-tem-um-novo-representante\/\" title=\"ReadO nosso grupo tem um novo representante&#8230;\">&#8230; Read more &raquo;<\/a><\/p>\n","protected":false},"author":12,"featured_media":0,"parent":0,"menu_order":0,"comment_status":"closed","ping_status":"closed","template":"","meta":{"_acf_changed":false,"_eb_attr":"","footnotes":""},"class_list":["post-16546","page","type-page","status-publish","hentry"],"acf":[],"_links":{"self":[{"href":"https:\/\/beta.aa-intergroup.org\/pt-pt\/wp-json\/wp\/v2\/pages\/16546","targetHints":{"allow":["GET"]}}],"collection":[{"href":"https:\/\/beta.aa-intergroup.org\/pt-pt\/wp-json\/wp\/v2\/pages"}],"about":[{"href":"https:\/\/beta.aa-intergroup.org\/pt-pt\/wp-json\/wp\/v2\/types\/page"}],"author":[{"embeddable":true,"href":"https:\/\/beta.aa-intergroup.org\/pt-pt\/wp-json\/wp\/v2\/users\/12"}],"replies":[{"embeddable":true,"href":"https:\/\/beta.aa-intergroup.org\/pt-pt\/wp-json\/wp\/v2\/comments?post=16546"}],"version-history":[{"count":1,"href":"https:\/\/beta.aa-intergroup.org\/pt-pt\/wp-json\/wp\/v2\/pages\/16546\/revisions"}],"predecessor-version":[{"id":16548,"href":"https:\/\/beta.aa-intergroup.org\/pt-pt\/wp-json\/wp\/v2\/pages\/16546\/revisions\/16548"}],"wp:attachment":[{"href":"https:\/\/beta.aa-intergroup.org\/pt-pt\/wp-json\/wp\/v2\/media?parent=16546"}],"curies":[{"name":"wp","href":"https:\/\/api.w.org\/{rel}","templated":true}]}}