{"id":16572,"date":"2023-06-14T21:57:13","date_gmt":"2023-06-15T01:57:13","guid":{"rendered":"https:\/\/beta.aa-intergroup.org\/politica-de-privacidade\/"},"modified":"2025-10-28T07:04:40","modified_gmt":"2025-10-28T11:04:40","slug":"politica-de-privacidade","status":"publish","type":"page","link":"https:\/\/beta.aa-intergroup.org\/pt-pt\/politica-de-privacidade\/","title":{"rendered":"Pol\u00edtica de Privacidade"},"content":{"rendered":"\n<p>Esta Pol\u00edtica de Privacidade foi atualizada pela \u00faltima vez em 14 de junho de 2023.<\/p>\n\n<p>A OIAA., Inc., tamb\u00e9m conhecida como Intergrupo Online dos Alco\u00f3licos An\u00f3nimos\u00a9, (\u201cOIAA\u201d) respeita a privacidade de cada indiv\u00edduo que visita este site. Esta declara\u00e7\u00e3o de privacidade fornece um aviso dos padr\u00f5es e termos sob os quais a OIAA protege a privacidade das informa\u00e7\u00f5es fornecidas pelos visitantes. Esta declara\u00e7\u00e3o de privacidade fornece um aviso das nossas pr\u00e1ticas de recolha de informa\u00e7\u00f5es e das formas como as suas informa\u00e7\u00f5es podem ser utilizadas. Esta pol\u00edtica pode mudar de tempos em tempos, por isso, verifique periodicamente para rever esta informa\u00e7\u00e3o.<\/p>\n\n<h3 class=\"wp-block-heading\">As informa\u00e7\u00f5es que recolhemos<\/h3>\n\n<p>A OIAA pode recolher informa\u00e7\u00f5es pessoalmente identific\u00e1veis de v\u00e1rias formas, incluindo atrav\u00e9s de formul\u00e1rios online e outras situa\u00e7\u00f5es em que os visitantes s\u00e3o convidados a fornecer voluntariamente essas informa\u00e7\u00f5es. A OIAA tamb\u00e9m pode recolher informa\u00e7\u00f5es sobre como os visitantes utilizam o nosso site, por exemplo, rastreando o n\u00famero de visualiza\u00e7\u00f5es \u00fanicas recebidas pelas p\u00e1ginas do site ou os dom\u00ednios de onde os visitantes se originam. <\/p>\n\n<p>Podemos usar \u201ccookies\u201d para rastrear como os visitantes utilizam o nosso site. Um cookie \u00e9 um pequeno ficheiro que um servidor web pode armazenar no computador do visitante e usar para identificar o visitante caso ele visite o site novamente. <\/p>\n\n<p><strong>Uso de cookies<\/strong><\/p>\n\n<p>Como muitos sites, a OIAA pode usar cookies, que s\u00e3o ficheiros armazenados no seu dispositivo que ajudam a OIAA a identificar utilizadores e otimizar a experi\u00eancia no site. A maioria dos navegadores aceita cookies automaticamente, mas permite que os desative. Recomendamos que mantenha os cookies ativados para que possamos oferecer-lhe uma melhor experi\u00eancia. A OIAA n\u00e3o deixar\u00e1 cookies ou outros m\u00e9todos de rastreamento que sejam persistentes e n\u00e3o possam ser apagados do seu dispositivo. O seu endere\u00e7o IP, pesquisas e outras informa\u00e7\u00f5es de uso podem ser recolhidas pelo Google Analytics, mas apenas para gerar dados agregados para nos ajudar a melhorar o nosso site. Pode desativar o uso de cookies no seu navegador. Se desativar o uso de cookies no seu navegador, pode n\u00e3o conseguir aceder a certas fun\u00e7\u00f5es do nosso site. Para saber mais sobre o uso de cookies, consulte a nossa Pol\u00edtica de Cookies.       <\/p>\n\n<p>Como usamos as informa\u00e7\u00f5es<\/p>\n\n<p>A OIAA pode usar informa\u00e7\u00f5es pessoalmente identific\u00e1veis recolhidas atrav\u00e9s do nosso site para contactar os visitantes sobre novas atividades e servi\u00e7os. A OIAA tamb\u00e9m pode usar as informa\u00e7\u00f5es recolhidas para melhorar a efic\u00e1cia do site. <\/p>\n\n<h3 class=\"wp-block-heading\">Reten\u00e7\u00e3o de informa\u00e7\u00f5es<\/h3>\n\n<p>Eliminamos as suas informa\u00e7\u00f5es pessoais assim que n\u00e3o precisarmos mais delas em rela\u00e7\u00e3o ao prop\u00f3sito para o qual foram submetidas ou recolhidas, a menos que sejamos obrigados por lei a ret\u00ea-las por um per\u00edodo mais longo e apenas as retemos de acordo com esta Pol\u00edtica de Privacidade.<\/p>\n\n<p>Divulga\u00e7\u00e3o de informa\u00e7\u00f5es<\/p>\n\n<p>A OIAA n\u00e3o empresta, aluga, vende ou transfere intencionalmente as informa\u00e7\u00f5es pessoais dos visitantes a terceiros.<\/p>\n\n<h3 class=\"wp-block-heading\">Manuten\u00e7\u00e3o de informa\u00e7\u00f5es<\/h3>\n\n<p>As informa\u00e7\u00f5es sobre visitantes e membros que s\u00e3o mantidas nos nossos sistemas s\u00e3o protegidas usando medidas de seguran\u00e7a padr\u00e3o da ind\u00fastria. Usamos medidas t\u00e9cnicas e organizacionais adequadas para manter as suas informa\u00e7\u00f5es pessoais seguras. No entanto, n\u00e3o podemos garantir que as informa\u00e7\u00f5es submetidas, mantidas ou transmitidas dos nossos sistemas ser\u00e3o completamente seguras.  <\/p>\n\n<h3 class=\"wp-block-heading\">Aviso para pessoas fora dos Estados Unidos<\/h3>\n\n<p>Por favor, note que:<\/p>\n\n<p>\u2022 as informa\u00e7\u00f5es pessoalmente identific\u00e1veis que fornecer \u00e0 OIAA ser\u00e3o transferidas para os Estados Unidos para processamento de acordo com esta Pol\u00edtica de Privacidade, para o qual obteremos o seu consentimento expresso, na medida exigida por lei;<\/p>\n\n<p>\u2022 tem o direito de aceder \u00e0s suas informa\u00e7\u00f5es pessoais mediante pedido, corrigi-las conforme necess\u00e1rio, elimin\u00e1-las quando n\u00e3o quiser mais usar o nosso site ou comunicar connosco, ou transmiti-las a quem escolher;<\/p>\n\n<p>\u2022 tamb\u00e9m tem o direito de partilhar as suas preocupa\u00e7\u00f5es se tiver alguma sobre como usamos e protegemos as suas informa\u00e7\u00f5es.<\/p>\n\n<p>Para exercer esses direitos, por favor contacte-nos em <strong>privacy@aa-intergroup.org<\/strong><\/p>\n\n<p>Se n\u00e3o estiver satisfeito com a nossa resposta, pode apresentar uma reclama\u00e7\u00e3o \u00e0 sua autoridade nacional de prote\u00e7\u00e3o de dados.<\/p>\n","protected":false},"excerpt":{"rendered":"<p>Esta Pol\u00edtica de Privacidade foi atualizada pela \u00faltima vez em 14 de junho de 2023. A OIAA., Inc., tamb\u00e9m conhecida como Intergrupo Online dos Alco\u00f3licos An\u00f3nimos\u00a9, (\u201cOIAA\u201d) respeita a privacidade de cada indiv\u00edduo que visita este site. Esta declara\u00e7\u00e3o de privacidade fornece um aviso dos padr\u00f5es e termos sob os quais a OIAA protege a<a class=\"excerpt-read-more\" href=\"https:\/\/beta.aa-intergroup.org\/pt-pt\/politica-de-privacidade\/\" title=\"ReadPol\u00edtica de Privacidade\">&#8230; Read more &raquo;<\/a><\/p>\n","protected":false},"author":12,"featured_media":0,"parent":0,"menu_order":0,"comment_status":"closed","ping_status":"closed","template":"","meta":{"_acf_changed":false,"_eb_attr":"","footnotes":""},"class_list":["post-16572","page","type-page","status-publish","hentry"],"acf":[],"_links":{"self":[{"href":"https:\/\/beta.aa-intergroup.org\/pt-pt\/wp-json\/wp\/v2\/pages\/16572","targetHints":{"allow":["GET"]}}],"collection":[{"href":"https:\/\/beta.aa-intergroup.org\/pt-pt\/wp-json\/wp\/v2\/pages"}],"about":[{"href":"https:\/\/beta.aa-intergroup.org\/pt-pt\/wp-json\/wp\/v2\/types\/page"}],"author":[{"embeddable":true,"href":"https:\/\/beta.aa-intergroup.org\/pt-pt\/wp-json\/wp\/v2\/users\/12"}],"replies":[{"embeddable":true,"href":"https:\/\/beta.aa-intergroup.org\/pt-pt\/wp-json\/wp\/v2\/comments?post=16572"}],"version-history":[{"count":1,"href":"https:\/\/beta.aa-intergroup.org\/pt-pt\/wp-json\/wp\/v2\/pages\/16572\/revisions"}],"predecessor-version":[{"id":16574,"href":"https:\/\/beta.aa-intergroup.org\/pt-pt\/wp-json\/wp\/v2\/pages\/16572\/revisions\/16574"}],"wp:attachment":[{"href":"https:\/\/beta.aa-intergroup.org\/pt-pt\/wp-json\/wp\/v2\/media?parent=16572"}],"curies":[{"name":"wp","href":"https:\/\/api.w.org\/{rel}","templated":true}]}}