{"id":16585,"date":"2024-01-27T13:02:59","date_gmt":"2024-01-27T18:02:59","guid":{"rendered":"https:\/\/beta.aa-intergroup.org\/assembleia-da-oiaa-16-de-marco-de-2024\/"},"modified":"2025-10-28T07:04:40","modified_gmt":"2025-10-28T11:04:40","slug":"assembleia-da-oiaa-16-de-marco-de-2024","status":"publish","type":"page","link":"https:\/\/beta.aa-intergroup.org\/pt-pt\/assembleia-da-oiaa-16-de-marco-de-2024\/","title":{"rendered":"Assembleia da OIAA 16 de mar\u00e7o de 2024"},"content":{"rendered":"\n<div style=\"height:20px\" aria-hidden=\"true\" class=\"wp-block-spacer\"><\/div>\n\n<p><strong>S\u00e1bado, 16 de mar\u00e7o de 2024<\/strong><br\/>8:00 HST | 11:00 PT | 13:00 CT | 14:00 ET<br\/>19:00 GMT | 20:00 CET<\/p>\n\n<p><strong>Domingo, 17 de mar\u00e7o de 2024<br\/><\/strong>3:00 AWST | 4:00 JST<br\/>6:00 AEDT | 8:00 NZDT<\/p>\n\n<p>ID: 839 1683 1125 <br\/>c\u00f3digo de acesso: OIAA<\/p>\n\n<p><a href=\"https:\/\/us06web.zoom.us\/j\/83916831125?pwd=cDQvSlcxUjZmWlo4aEoyR0tlUUQwdz09\" target=\"_blank\" rel=\"noreferrer noopener\">Participar na assembleia da OIAA<\/a><\/p>\n\n<figure class=\"wp-block-image size-full is-resized\"><img loading=\"lazy\" decoding=\"async\" width=\"200\" height=\"173\" src=\"https:\/\/beta.aa-intergroup.org\/wp-content\/uploads\/2023\/01\/ASL-Logo.png\" alt=\"\" class=\"wp-image-2437\" style=\"width:124px;height:auto\"\/><\/figure>\n\n<p>Interpreta\u00e7\u00e3o em ASL, espanhol e farsi estar\u00e1 dispon\u00edvel na Assembleia.<\/p>\n\n<div style=\"height:30px\" aria-hidden=\"true\" class=\"wp-block-spacer\"><\/div>\n\n<p>As liga\u00e7\u00f5es ficar\u00e3o ativas \u00e0 medida que o conte\u00fado estiver dispon\u00edvel.<\/p>\n\n<h4 class=\"wp-block-heading\">An\u00fancio da assembleia<\/h4>\n\n<ul class=\"wp-block-list\">\n<li><a href=\"https:\/\/beta.aa-intergroup.org\/documents\/assembly-announcement-16-march-2024\/\">An\u00fancio da assembleia<\/a> \n<ul class=\"wp-block-list\">\n<li>Para traduzir e\/ou imprimir para os vossos grupos.<\/li>\n<\/ul>\n<\/li>\n\n\n\n<li>Copie esta mensagem e liga\u00e7\u00e3o para o chat da vossa reuni\u00e3o online para anunciar a elei\u00e7\u00e3o.\n<ul class=\"wp-block-list\">\n<li>Reuni\u00e3o da Assembleia Geral: 16 de mar\u00e7o de 2024.<br\/><a href=\"https:\/\/beta.aa-intergroup.org\/pt-pt\/assembleia-da-oiaa-16-de-marco-de-2024\/\">https:\/\/beta.aa-intergroup.org\/oiaa-assembly-16-march-2024\/<\/a><\/li>\n<\/ul>\n<\/li>\n<\/ul>\n\n<h4 class=\"wp-block-heading\" id=\"assembly-agenda\">Ordem de trabalhos da assembleia<\/h4>\n\n<ul class=\"wp-block-list\">\n<li><a href=\"https:\/\/beta.aa-intergroup.org\/documents\/oiaa-assembly-agenda-16-march-2024\/\">A ordem de trabalhos da assembleia de mar\u00e7o de 2024 da OIAA<\/a>.<\/li>\n<\/ul>\n\n<h4 class=\"wp-block-heading\">Relat\u00f3rios<\/h4>\n\n<ul class=\"wp-block-list\">\n<li>Assembly minutes will be voted on please share with your groups.&nbsp;\n<ul class=\"wp-block-list\">\n<li><a href=\"https:\/\/beta.aa-intergroup.org\/documents\/minutes-from-the-oiaa-16-december-2023-assembly\/\" data-type=\"link\" data-id=\"https:\/\/beta.aa-intergroup.org\/documents\/minutes-from-the-oiaa-16-december-2023-assembly\/\">Ata da assembleia da OIAA de 16 de dezembro de 2023<\/a>.<\/li>\n<\/ul>\n<\/li>\n\n\n\n<li>Relat\u00f3rio do tesoureiro.\n<ul class=\"wp-block-list\">\n<li><a href=\"https:\/\/beta.aa-intergroup.org\/committee-updates\/update-for-finance-feb-2024\/\" data-type=\"link\" data-id=\"https:\/\/beta.aa-intergroup.org\/committee-updates\/update-for-finance-dec-2023-2\/\">Varia\u00e7\u00e3o or\u00e7amental<\/a>.<\/li>\n\n\n\n<li><a href=\"https:\/\/beta.aa-intergroup.org\/committee-updates\/update-for-finance-dec-2023\/\" data-type=\"link\" data-id=\"https:\/\/beta.aa-intergroup.org\/committee-updates\/update-for-finance-dec-2023\/\">Contribui\u00e7\u00f5es dos grupos<\/a>.<\/li>\n\n\n\n<li><a href=\"https:\/\/beta.aa-intergroup.org\/committee-updates\/update-for-finance-feb-2024-2\/\" data-type=\"link\" data-id=\"https:\/\/beta.aa-intergroup.org\/committee-updates\/update-for-finance-dec-2023-3\/\">Balan\u00e7o<\/a>.<\/li>\n<\/ul>\n<\/li>\n\n\n\n<li><a href=\"https:\/\/beta.aa-intergroup.org\/committee-updates\/update-for-unity-feb-2024\/\">An\u00fancio do comit\u00e9 da conven\u00e7\u00e3o de unidade.<\/a><\/li>\n<\/ul>\n\n<h4 class=\"wp-block-heading\">Novos assuntos<\/h4>\n\n<ul class=\"wp-block-list\">\n<li><strong>Mo\u00e7\u00e3o para aprovar as Diretrizes da OIAA.<\/strong>\n<ul class=\"wp-block-list\">\n<li><a href=\"https:\/\/beta.aa-intergroup.org\/documents\/oiaa-guidelines\/\">Diretrizes<\/a>.<\/li>\n\n\n\n<li><a href=\"https:\/\/beta.aa-intergroup.org\/wp-content\/uploads\/2024\/02\/GuidelineReviewPresentationFinal.pdf\" target=\"_blank\" rel=\"noreferrer noopener\">Apresenta\u00e7\u00e3o da revis\u00e3o das diretrizes<\/a>. (pdf) <\/li>\n<\/ul>\n<\/li>\n\n\n\n<li>M<strong>o\u00e7\u00e3o para promover o comit\u00e9 Ad Hoc de Comunica\u00e7\u00f5es a comit\u00e9 permanente.<\/strong>\n<ul class=\"wp-block-list\">\n<li><a href=\"https:\/\/beta.aa-intergroup.org\/pt-pt\/committees\/comunicacoes\/\">Comit\u00e9 de comunica\u00e7\u00f5es<\/a>.<\/li>\n\n\n\n<li><a href=\"https:\/\/beta.aa-intergroup.org\/documents\/communications-committee-charter\/\">Estatutos do comit\u00e9 de comunica\u00e7\u00f5es<\/a>.<\/li>\n<\/ul>\n<\/li>\n<\/ul>\n\n<h4 class=\"wp-block-heading\">Procedimento eleitoral<\/h4>\n\n<ul class=\"wp-block-list\">\n<li><a href=\"https:\/\/beta.aa-intergroup.org\/documents\/assembly-procedures\/\">Procedimentos da assembleia.<\/a><\/li>\n\n\n\n<li><a href=\"https:\/\/beta.aa-intergroup.org\/documents\/summary-of-motion-procedures-to-be-used-at-the-assembly\/\">Resumo das mo\u00e7\u00f5es<\/a>.<\/li>\n\n\n\n<li><a href=\"https:\/\/beta.aa-intergroup.org\/documents\/oiaa-bylaws\/\">Estatutos<\/a>.<\/li>\n<\/ul>\n\n<div style=\"height:100px\" aria-hidden=\"true\" class=\"wp-block-spacer\"><\/div>\n","protected":false},"excerpt":{"rendered":"<p>S\u00e1bado, 16 de mar\u00e7o de 20248:00 HST | 11:00 PT | 13:00 CT | 14:00 ET19:00 GMT | 20:00 CET Domingo, 17 de mar\u00e7o de 20243:00 AWST | 4:00 JST6:00 AEDT | 8:00 NZDT ID: 839 1683 1125 c\u00f3digo de acesso: OIAA Participar na assembleia da OIAA Interpreta\u00e7\u00e3o em ASL, espanhol e farsi estar\u00e1 dispon\u00edvel<a class=\"excerpt-read-more\" href=\"https:\/\/beta.aa-intergroup.org\/pt-pt\/assembleia-da-oiaa-16-de-marco-de-2024\/\" title=\"ReadAssembleia da OIAA 16 de mar\u00e7o de 2024\">&#8230; Read more &raquo;<\/a><\/p>\n","protected":false},"author":18,"featured_media":0,"parent":0,"menu_order":0,"comment_status":"closed","ping_status":"closed","template":"","meta":{"_acf_changed":false,"_eb_attr":"","footnotes":""},"class_list":["post-16585","page","type-page","status-publish","hentry"],"acf":[],"_links":{"self":[{"href":"https:\/\/beta.aa-intergroup.org\/pt-pt\/wp-json\/wp\/v2\/pages\/16585","targetHints":{"allow":["GET"]}}],"collection":[{"href":"https:\/\/beta.aa-intergroup.org\/pt-pt\/wp-json\/wp\/v2\/pages"}],"about":[{"href":"https:\/\/beta.aa-intergroup.org\/pt-pt\/wp-json\/wp\/v2\/types\/page"}],"author":[{"embeddable":true,"href":"https:\/\/beta.aa-intergroup.org\/pt-pt\/wp-json\/wp\/v2\/users\/18"}],"replies":[{"embeddable":true,"href":"https:\/\/beta.aa-intergroup.org\/pt-pt\/wp-json\/wp\/v2\/comments?post=16585"}],"version-history":[{"count":1,"href":"https:\/\/beta.aa-intergroup.org\/pt-pt\/wp-json\/wp\/v2\/pages\/16585\/revisions"}],"predecessor-version":[{"id":16586,"href":"https:\/\/beta.aa-intergroup.org\/pt-pt\/wp-json\/wp\/v2\/pages\/16585\/revisions\/16586"}],"wp:attachment":[{"href":"https:\/\/beta.aa-intergroup.org\/pt-pt\/wp-json\/wp\/v2\/media?parent=16585"}],"curies":[{"name":"wp","href":"https:\/\/api.w.org\/{rel}","templated":true}]}}