{"id":16600,"date":"2023-06-05T11:10:02","date_gmt":"2023-06-05T15:10:02","guid":{"rendered":"https:\/\/beta.aa-intergroup.org\/a-visao\/"},"modified":"2025-10-28T07:05:35","modified_gmt":"2025-10-28T11:05:35","slug":"a-visao","status":"publish","type":"page","link":"https:\/\/beta.aa-intergroup.org\/pt-pt\/a-visao\/","title":{"rendered":"A vis\u00e3o"},"content":{"rendered":"\n<h4 class=\"wp-block-heading\">Bem-vindo ao novo site da OIAA!<\/h4>\n\n<p>Estamos muito orgulhosos e gratos por termos feito parte da conce\u00e7\u00e3o e cria\u00e7\u00e3o desta nova vers\u00e3o do site da OIAA. Gostar\u00edamos de agradecer a toda a comunidade da OIAA pela vossa paci\u00eancia e participa\u00e7\u00e3o no desenvolvimento deste projeto. Esperamos que explorem e nos fa\u00e7am perguntas. Este \u00e9 o vosso site e queremos trabalhar convosco.   <\/p>\n\n<p>Come\u00e7\u00e1mos com o site existente e algumas ideias. Somos um intergrupo internacional online. N\u00e3o nos reunimos numa sala f\u00edsica, por isso precisamos de um local de encontro. O escrit\u00f3rio central da OIAA \u00e9 o site. O local onde os comit\u00e9s podem trocar ideias e fornecer relat\u00f3rios e atualiza\u00e7\u00f5es aos membros. O local onde os membros v\u00eam e comunicam, trocam ideias, recolhem informa\u00e7\u00f5es e se conectam com outros alco\u00f3licos.      <\/p>\n\n<p>Propusemo-nos a criar uma estrutura din\u00e2mica que responda e permita que os membros, o conselho e os comit\u00e9s falem uns com os outros. Uma plataforma linear vs. uma hierarquia. Um local de conex\u00e3o onde estamos todos dentro do grupo.  <\/p>\n\n<p>Vamos fazer uma pausa na adi\u00e7\u00e3o de novas funcionalidades por pelo menos 60 dias enquanto vemos o que funciona e o que n\u00e3o funciona. Por favor, d\u00ea-nos o seu <a href=\"https:\/\/beta.aa-intergroup.org\/pt-pt\/sugestoes-para-o-sitio-web\/\">feedback e sugest\u00f5es<\/a>!  <\/p>\n\n<p>O nosso novo <a href=\"https:\/\/beta.aa-intergroup.org\/pt-pt\/diretorio-de-reunioes\/\">guia de reuni\u00f5es<\/a> \u00e9 um dos destaques desta nova vers\u00e3o do site &#8211; por favor, explore!<strong> <\/strong>Ao desenvolver o novo guia de reuni\u00f5es, tivemos o prazer de desenvolver ainda mais uma rela\u00e7\u00e3o com o grupo incr\u00edvel &#8211; <a href=\"https:\/\/code4recovery.org\/about\" target=\"_blank\" rel=\"noreferrer noopener\">Code for Recovery<\/a>. <\/p>\n\n<p>Poucos saber\u00e3o que o antigo diret\u00f3rio de reuni\u00f5es era alimentado por uma Folha de C\u00e1lculo do Google. <\/p>\n\n<p><em>Qu\u00e3o incr\u00edvel \u00e9 isso? <\/em><\/p>\n\n<p>Quero dizer, quando se pensa que h\u00e1 mais de 6000 reuni\u00f5es, consegue imaginar como isso parecia numa folha de c\u00e1lculo. Qu\u00e3o f\u00e1cil seria inserir a informa\u00e7\u00e3o errada na c\u00e9lula errada? <\/p>\n\n<p>Ent\u00e3o, junt\u00e1mo-nos \u00e0 equipa da C4R e eles desenvolveram um backend de ponta para resolver o nosso problema. <\/p>\n\n<p>Estamos incrivelmente gratos pelo seu trabalho \u00e1rduo e encorajamos qualquer pessoa com interesse em programa\u00e7\u00e3o a conhec\u00ea-los e a envolver-se.<\/p>\n\n<blockquote class=\"wp-block-quote is-layout-flow wp-block-quote-is-layout-flow\">\n<p><em>Code for Recovery \u00e9 uma organiza\u00e7\u00e3o sem fins lucrativos que desenvolve projetos de tecnologia de c\u00f3digo aberto para ajudar a comunidade de recupera\u00e7\u00e3o a unir-se, organizar-se e recuperar da adi\u00e7\u00e3o. <\/em><\/p>\n<cite>Website: <a href=\"https:\/\/code4recovery.org\/about\" target=\"_blank\" rel=\"noreferrer noopener\">Code For Recovery<\/a>&nbsp; &nbsp; <\/cite><\/blockquote>\n\n<p><em>Email: info@code4recovery.org<\/em><\/p>\n\n<div style=\"height:31px\" aria-hidden=\"true\" class=\"wp-block-spacer\"><\/div>\n\n<h4 class=\"wp-block-heading\">Venha trabalhar connosco<\/h4>\n\n<p>Tem uma sugest\u00e3o para o site? <a href=\"https:\/\/beta.aa-intergroup.org\/pt-pt\/sugestoes-para-o-sitio-web\/\">Sugest\u00f5es para o site.<\/a> Interessado em ajudar a desenvolver o <a href=\"https:\/\/beta.aa-intergroup.org\/community\/\">F\u00f3rum<\/a>? Interessado em trabalhar mais de perto connosco? Temos muitas posi\u00e7\u00f5es de servi\u00e7o espec\u00edficas para o site.   <a href=\"https:\/\/beta.aa-intergroup.org\/pt-pt\/committees\/tecnologia\/\"><strong>Visite o comit\u00e9 de tecnologia.<\/strong><\/a><\/p>\n\n<p>Existem muitas, muitas maneiras de prestar servi\u00e7o na OIAA: <a href=\"https:\/\/beta.aa-intergroup.org\/pt-pt\/oportunidades-de-servico\/\">Oportunidades de Servi\u00e7o.<\/a><\/p>\n\n<p>Com amor e servi\u00e7o,<br\/>Comit\u00e9 de Tecnologia da OIAA<\/p>\n\n<div style=\"height:31px\" aria-hidden=\"true\" class=\"wp-block-spacer\"><\/div>\n\n<p><strong>ESPERA &#8211; ONDE EST\u00c3O OS MEUS PDFs?<\/strong><\/p>\n\n<p>Carregar um pdf n\u00e3o funciona para n\u00f3s porque somos uma organiza\u00e7\u00e3o internacional. Se eu falar espanhol ou eg\u00edpcio, o pdf \u00e9 in\u00fatil para mim. No entanto, quando copiamos e colamos todas estas informa\u00e7\u00f5es nestes belos formul\u00e1rios que cri\u00e1mos, tudo o que precisa de fazer \u00e9 clicar num bot\u00e3o e pronto. Est\u00e1 na sua l\u00edngua. Depois siga as instru\u00e7\u00f5es de impress\u00e3o no final das p\u00e1ginas dos documentos.     <\/p>\n","protected":false},"excerpt":{"rendered":"<p>Bem-vindo ao novo site da OIAA! Estamos muito orgulhosos e gratos por termos feito parte da conce\u00e7\u00e3o e cria\u00e7\u00e3o desta nova vers\u00e3o do site da OIAA. Gostar\u00edamos de agradecer a toda a comunidade da OIAA pela vossa paci\u00eancia e participa\u00e7\u00e3o no desenvolvimento deste projeto. Esperamos que explorem e nos fa\u00e7am perguntas. Este \u00e9 o vosso<a class=\"excerpt-read-more\" href=\"https:\/\/beta.aa-intergroup.org\/pt-pt\/a-visao\/\" title=\"ReadA vis\u00e3o\">&#8230; Read more &raquo;<\/a><\/p>\n","protected":false},"author":18,"featured_media":0,"parent":0,"menu_order":0,"comment_status":"closed","ping_status":"closed","template":"","meta":{"_acf_changed":false,"_eb_attr":"","footnotes":""},"class_list":["post-16600","page","type-page","status-publish","hentry"],"acf":[],"_links":{"self":[{"href":"https:\/\/beta.aa-intergroup.org\/pt-pt\/wp-json\/wp\/v2\/pages\/16600","targetHints":{"allow":["GET"]}}],"collection":[{"href":"https:\/\/beta.aa-intergroup.org\/pt-pt\/wp-json\/wp\/v2\/pages"}],"about":[{"href":"https:\/\/beta.aa-intergroup.org\/pt-pt\/wp-json\/wp\/v2\/types\/page"}],"author":[{"embeddable":true,"href":"https:\/\/beta.aa-intergroup.org\/pt-pt\/wp-json\/wp\/v2\/users\/18"}],"replies":[{"embeddable":true,"href":"https:\/\/beta.aa-intergroup.org\/pt-pt\/wp-json\/wp\/v2\/comments?post=16600"}],"version-history":[{"count":1,"href":"https:\/\/beta.aa-intergroup.org\/pt-pt\/wp-json\/wp\/v2\/pages\/16600\/revisions"}],"predecessor-version":[{"id":16601,"href":"https:\/\/beta.aa-intergroup.org\/pt-pt\/wp-json\/wp\/v2\/pages\/16600\/revisions\/16601"}],"wp:attachment":[{"href":"https:\/\/beta.aa-intergroup.org\/pt-pt\/wp-json\/wp\/v2\/media?parent=16600"}],"curies":[{"name":"wp","href":"https:\/\/api.w.org\/{rel}","templated":true}]}}