{"id":16628,"date":"2023-05-21T18:41:10","date_gmt":"2023-05-21T22:41:10","guid":{"rendered":"https:\/\/beta.aa-intergroup.org\/arquivo-de-relatorios-da-direcao\/"},"modified":"2023-05-21T18:41:10","modified_gmt":"2023-05-21T22:41:10","slug":"arquivo-de-relatorios-da-direcao","status":"publish","type":"page","link":"https:\/\/beta.aa-intergroup.org\/pt-pt\/arquivo-de-relatorios-da-direcao\/","title":{"rendered":"Arquivo de relat\u00f3rios da dire\u00e7\u00e3o"},"content":{"rendered":"","protected":false},"excerpt":{"rendered":"","protected":false},"author":12,"featured_media":0,"parent":0,"menu_order":0,"comment_status":"closed","ping_status":"closed","template":"page-board-report-archive.php","meta":{"_acf_changed":false,"_eb_attr":"","footnotes":""},"class_list":["post-16628","page","type-page","status-publish","hentry"],"acf":[],"_links":{"self":[{"href":"https:\/\/beta.aa-intergroup.org\/pt-pt\/wp-json\/wp\/v2\/pages\/16628","targetHints":{"allow":["GET"]}}],"collection":[{"href":"https:\/\/beta.aa-intergroup.org\/pt-pt\/wp-json\/wp\/v2\/pages"}],"about":[{"href":"https:\/\/beta.aa-intergroup.org\/pt-pt\/wp-json\/wp\/v2\/types\/page"}],"author":[{"embeddable":true,"href":"https:\/\/beta.aa-intergroup.org\/pt-pt\/wp-json\/wp\/v2\/users\/12"}],"replies":[{"embeddable":true,"href":"https:\/\/beta.aa-intergroup.org\/pt-pt\/wp-json\/wp\/v2\/comments?post=16628"}],"version-history":[{"count":0,"href":"https:\/\/beta.aa-intergroup.org\/pt-pt\/wp-json\/wp\/v2\/pages\/16628\/revisions"}],"wp:attachment":[{"href":"https:\/\/beta.aa-intergroup.org\/pt-pt\/wp-json\/wp\/v2\/media?parent=16628"}],"curies":[{"name":"wp","href":"https:\/\/api.w.org\/{rel}","templated":true}]}}