{"id":16665,"date":"2023-05-21T02:33:29","date_gmt":"2023-05-21T06:33:29","guid":{"rendered":"https:\/\/beta.aa-intergroup.org\/associe-o-seu-grupo\/"},"modified":"2025-10-28T07:06:37","modified_gmt":"2025-10-28T11:06:37","slug":"associe-o-seu-grupo","status":"publish","type":"page","link":"https:\/\/beta.aa-intergroup.org\/pt-pt\/associe-o-seu-grupo\/","title":{"rendered":"Associe o seu grupo"},"content":{"rendered":"\n<p>O comit\u00e9 do 12.\u00ba Passo da OIAA, composto por membros s\u00f3brios de AA em todo o mundo, responde diretamente por e-mail a pessoas que procuram ajuda para um problema com a bebida. As quest\u00f5es s\u00e3o respondidas o mais rapidamente poss\u00edvel. <\/p>\n\n<p>Ao colocar um link de texto ou gr\u00e1fico para os Steppers da OIAA no seu s\u00edtio Web, pode prestar um excelente servi\u00e7o \u00e0queles que contactam o AA pela primeira vez.<\/p>\n\n<figure class=\"wp-block-embed is-type-wp-embed is-provider-online-intergroup-of-alcoholics-anonymous wp-block-embed-online-intergroup-of-alcoholics-anonymous\"><div class=\"wp-block-embed__wrapper\">\n<blockquote class=\"wp-embedded-content\" data-secret=\"p65490KxKw\"><a href=\"https:\/\/beta.aa-intergroup.org\/pt-pt\/obtenha-ajuda-agora-para-um-problema-com-bebida\/\">Get Help Now for a Drinking Problem<\/a><\/blockquote><iframe loading=\"lazy\" class=\"wp-embedded-content\" sandbox=\"allow-scripts\" security=\"restricted\" style=\"position: absolute; visibility: hidden;\" title=\"&#8220;Get Help Now for a Drinking Problem&#8221; &#8212; Online Intergroup of Alcoholics Anonymous\" src=\"https:\/\/beta.aa-intergroup.org\/pt-pt\/obtenha-ajuda-agora-para-um-problema-com-bebida\/embed\/#?secret=YnSnMvyohK#?secret=p65490KxKw\" data-secret=\"p65490KxKw\" width=\"600\" height=\"338\" frameborder=\"0\" marginwidth=\"0\" marginheight=\"0\" scrolling=\"no\"><\/iframe>\n<\/div><\/figure>\n\n<p><\/p>\n\n<div style=\"height:30px\" aria-hidden=\"true\" class=\"wp-block-spacer\"><\/div>\n\n<p>Tamb\u00e9m pode utilizar o gr\u00e1fico abaixo e criar um link para n\u00f3s.<\/p>\n\n<figure class=\"wp-block-image size-full\"><a href=\"https:\/\/beta.aa-intergroup.org\/pt-pt\/obtenha-ajuda-agora-para-um-problema-com-bebida\/\"><img loading=\"lazy\" decoding=\"async\" width=\"300\" height=\"234\" src=\"https:\/\/beta.aa-intergroup.org\/wp-content\/uploads\/2023\/05\/12-step-v1-512x400-1-300x234-1.png\" alt=\"\" class=\"wp-image-4841\"\/><\/a><\/figure>\n\n<p>Se n\u00e3o conseguir utilizar um link gr\u00e1fico, sugerimos que inclua algo como o texto abaixo como descri\u00e7\u00e3o:<\/p>\n\n<blockquote class=\"wp-block-quote is-layout-flow wp-block-quote-is-layout-flow\">\n<p>Precisa de ajuda imediata para um problema com a bebida? A assist\u00eancia est\u00e1 dispon\u00edvel 24 horas por dia em v\u00e1rios idiomas.  <a href=\"https:\/\/beta.aa-intergroup.org\/oiaa\/get-help-now\/\">Enviar uma mensagem<\/a><\/p>\n<\/blockquote>\n","protected":false},"excerpt":{"rendered":"<p>O comit\u00e9 do 12.\u00ba Passo da OIAA, composto por membros s\u00f3brios de AA em todo o mundo, responde diretamente por e-mail a pessoas que procuram ajuda para um problema com a bebida. As quest\u00f5es s\u00e3o respondidas o mais rapidamente poss\u00edvel. Ao colocar um link de texto ou gr\u00e1fico para os Steppers da OIAA no seu<a class=\"excerpt-read-more\" href=\"https:\/\/beta.aa-intergroup.org\/pt-pt\/associe-o-seu-grupo\/\" title=\"ReadAssocie o seu grupo\">&#8230; Read more &raquo;<\/a><\/p>\n","protected":false},"author":18,"featured_media":0,"parent":0,"menu_order":0,"comment_status":"closed","ping_status":"closed","template":"","meta":{"_acf_changed":false,"_eb_attr":"","footnotes":""},"class_list":["post-16665","page","type-page","status-publish","hentry"],"acf":[],"_links":{"self":[{"href":"https:\/\/beta.aa-intergroup.org\/pt-pt\/wp-json\/wp\/v2\/pages\/16665","targetHints":{"allow":["GET"]}}],"collection":[{"href":"https:\/\/beta.aa-intergroup.org\/pt-pt\/wp-json\/wp\/v2\/pages"}],"about":[{"href":"https:\/\/beta.aa-intergroup.org\/pt-pt\/wp-json\/wp\/v2\/types\/page"}],"author":[{"embeddable":true,"href":"https:\/\/beta.aa-intergroup.org\/pt-pt\/wp-json\/wp\/v2\/users\/18"}],"replies":[{"embeddable":true,"href":"https:\/\/beta.aa-intergroup.org\/pt-pt\/wp-json\/wp\/v2\/comments?post=16665"}],"version-history":[{"count":1,"href":"https:\/\/beta.aa-intergroup.org\/pt-pt\/wp-json\/wp\/v2\/pages\/16665\/revisions"}],"predecessor-version":[{"id":16666,"href":"https:\/\/beta.aa-intergroup.org\/pt-pt\/wp-json\/wp\/v2\/pages\/16665\/revisions\/16666"}],"wp:attachment":[{"href":"https:\/\/beta.aa-intergroup.org\/pt-pt\/wp-json\/wp\/v2\/media?parent=16665"}],"curies":[{"name":"wp","href":"https:\/\/api.w.org\/{rel}","templated":true}]}}