{"id":16698,"date":"2024-11-23T22:52:55","date_gmt":"2024-11-24T03:52:55","guid":{"rendered":"https:\/\/beta.aa-intergroup.org\/declaracao-original-dos-objetivos-e-propositos-da-oiaa\/"},"modified":"2025-10-28T07:09:12","modified_gmt":"2025-10-28T11:09:12","slug":"declaracao-original-dos-objetivos-e-propositos-da-oiaa","status":"publish","type":"page","link":"https:\/\/beta.aa-intergroup.org\/pt-pt\/declaracao-original-dos-objetivos-e-propositos-da-oiaa\/","title":{"rendered":"Declara\u00e7\u00e3o original dos objetivos e prop\u00f3sitos da OIAA"},"content":{"rendered":"\n<p>&#8211;<strong>&#8212; Esta Declara\u00e7\u00e3o faz parte da hist\u00f3ria da OIAA. Foi escrita em meados dos anos 90 &#8212;-<\/strong><\/p>\n\n<p>O fen\u00f3meno da nova tecnologia de computadores, modems, World Wide Web e comunica\u00e7\u00e3o pela Internet deu origem a um novo meio de intera\u00e7\u00e3o atrav\u00e9s do qual os alco\u00f3licos podiam interagir com outros alco\u00f3licos. Ao longo dos \u00faltimos anos, surgiram muitas novas reuni\u00f5es online que, n\u00e3o tendo fronteiras geogr\u00e1ficas, n\u00e3o se enquadravam nas estruturas de servi\u00e7o das habituais reuni\u00f5es presenciais (f2f) de A.A.. Daqui surgiu o reconhecimento por parte de muitos grupos online de que era necess\u00e1ria alguma forma de grupo de servi\u00e7o para auxiliar e facilitar a comunica\u00e7\u00e3o e coordena\u00e7\u00e3o do ambiente A.A. no ciberespa\u00e7o. Enquanto a estrutura oficial de servi\u00e7o de A.A. tenta desenvolver uma estrat\u00e9gia para incluir as reuni\u00f5es online dentro dessa estrutura, o Online Intergroup of Alcoholics Anonymous (OIAA) foi formado para fornecer servi\u00e7os t\u00edpicos de Intergrupos ou Escrit\u00f3rios Centrais de reuni\u00f5es presenciais. Enquanto a maioria dos Intergrupos serve regi\u00f5es geogr\u00e1ficas espec\u00edficas, a OIAA foi estabelecida para servir o ciberespa\u00e7o.    <\/p>\n\n<p>O objetivo primordial de todos os grupos de Alco\u00f3licos An\u00f3nimos \u00e9 transmitir a sua mensagem ao alco\u00f3lico que ainda sofre. Com base nesse prop\u00f3sito, a OIAA comprometeu-se a auxiliar os grupos membros de v\u00e1rias formas, a maioria das quais relacionadas especificamente com o meio do ciberespa\u00e7o. Como a recupera\u00e7\u00e3o pessoal depende da unidade de A.A., n\u00f3s na OIAA dedicamo-nos a auxiliar e facilitar a melhor unidade poss\u00edvel de servi\u00e7o para e em nome de A.A. no ciberespa\u00e7o. A comunica\u00e7\u00e3o e a informa\u00e7\u00e3o s\u00e3o dois ingredientes essenciais para estabelecer e manter a unidade; portanto, a OIAA tem a obriga\u00e7\u00e3o de fornecer um f\u00f3rum central para a dissemina\u00e7\u00e3o de informa\u00e7\u00e3o sobre e para a comunidade online de A.A. e A.A. como um todo.   <\/p>\n\n<p>A OIAA atualmente fornece informa\u00e7\u00f5es de v\u00e1rias formas, e esperamos desenvolver ainda mais formas no futuro. Uma forma pela qual a OIAA dissemina informa\u00e7\u00e3o \u00e9 atrav\u00e9s do desenvolvimento e manuten\u00e7\u00e3o dos Diret\u00f3rios de Reuni\u00f5es Mundial na Web que inclui reuni\u00f5es e grupos por email, bem como reuni\u00f5es e grupos em tempo real (chat). Outro ve\u00edculo de comunica\u00e7\u00e3o \u00e9 o Comit\u00e9 de Unidade da OIAA, que \u00e9 respons\u00e1vel pela comunica\u00e7\u00e3o com outros \u00f3rg\u00e3os de servi\u00e7o de A.A., como distritos locais, intergrupos, \u00e1reas, regi\u00f5es, AAWS, GSO-NY e GSO-UK. Uma terceira forma de comunica\u00e7\u00e3o \u00e9 o Comit\u00e9 de Informa\u00e7\u00e3o P\u00fablica da OIAA, que responde \u00e0s necessidades a n\u00edvel p\u00fablico e facilita a consciencializa\u00e7\u00e3o e compreens\u00e3o p\u00fablica dos Alco\u00f3licos An\u00f3nimos atrav\u00e9s da Internet, meios de comunica\u00e7\u00e3o social, contacto pessoal ou fun\u00e7\u00f5es p\u00fablicas n\u00e3o-AA atrav\u00e9s de literatura aprovada pela confer\u00eancia, oradores ou correspond\u00eancia e de acordo com os 12 Passos, 12 Tradi\u00e7\u00f5es e 12 Conceitos dos Alco\u00f3licos An\u00f3nimos.   <\/p>\n\n<p>A OIAA est\u00e1 tamb\u00e9m em processo de desenvolvimento de diretrizes para auxiliar os seus grupos membros, futuros grupos, outros intergrupos, reuni\u00f5es presenciais, distritos, \u00e1reas, e GSOs, e AAWS com os pormenores da experi\u00eancia online. Isto pode traduzir-se na publica\u00e7\u00e3o online de documentos de servi\u00e7o sobre como estabelecer grupos online, ou lidar com as tradi\u00e7\u00f5es no ciberespa\u00e7o, ou uma s\u00e9rie de outras quest\u00f5es pr\u00e1ticas (como criar p\u00e1ginas iniciais, etc.). <\/p>\n\n<p>Outra prioridade para a OIAA \u00e9 o desenvolvimento de projetos conjuntos para os seus grupos membros. Estes incluiriam garantir uma presen\u00e7a nas Conven\u00e7\u00f5es Internacionais, conven\u00e7\u00f5es locais e encontros, e demonstra\u00e7\u00f5es de como funciona o A.A. online. A pr\u00f3pria OIAA nasceu de um desses projetos na Conven\u00e7\u00e3o Internacional de 1995 em San Diego. Esperamos garantir tal presen\u00e7a em muitas conven\u00e7\u00f5es no futuro.   <\/p>\n\n<p>O fen\u00f3meno online \u00e9 relativamente novo, mas o n\u00famero de membros dos grupos online tem aumentado tremendamente recentemente \u00e0 medida que a not\u00edcia da sua exist\u00eancia chega aos membros de A.A. em todo o mundo. Esperamos que esta tend\u00eancia continue e que a OIAA seja capaz de fornecer \u00e0 comunidade do ciberespa\u00e7o o tipo de servi\u00e7os que tal n\u00famero de membros ir\u00e1 exigir. \u00c9 uma experi\u00eancia empolgante e uma \u00e0 qual todos n\u00f3s na OIAA nos dedicamos a proporcionar sob os princ\u00edpios dos passos, tradi\u00e7\u00f5es e conceitos de A.A. <\/p>\n\n<div class=\"wp-block-essential-blocks-button root-eb-button-zva29\"><div class=\"eb-parent-wrapper eb-parent-eb-button-zva29 \"><div class=\"eb-button-wrapper eb-button-alignment eb-button-zva29\"><div class=\"eb-button\"><div class=\"eb-button-inner-wrapper \"><a class=\"eb-button-anchor \" href=\"https:\/\/beta.aa-intergroup.org\/pt-pt\/cronologia-da-historia-da-oiaa\/\" rel=\"noopener\"><i icon=\"fas fa-chevron-left\" class=\"fas fa-chevron-left eb-button-icon eb-button-icon-left hvr-icon\"><\/i>Voltar \u00e0 cronologia da hist\u00f3ria da OIAA<\/a><\/div><\/div><\/div><\/div><\/div>\n","protected":false},"excerpt":{"rendered":"<p>&#8211;&#8212; Esta Declara\u00e7\u00e3o faz parte da hist\u00f3ria da OIAA. Foi escrita em meados dos anos 90 &#8212;- O fen\u00f3meno da nova tecnologia de computadores, modems, World Wide Web e comunica\u00e7\u00e3o pela Internet deu origem a um novo meio de intera\u00e7\u00e3o atrav\u00e9s do qual os alco\u00f3licos podiam interagir com outros alco\u00f3licos. Ao longo dos \u00faltimos anos,<a class=\"excerpt-read-more\" href=\"https:\/\/beta.aa-intergroup.org\/pt-pt\/declaracao-original-dos-objetivos-e-propositos-da-oiaa\/\" title=\"ReadDeclara\u00e7\u00e3o original dos objetivos e prop\u00f3sitos da OIAA\">&#8230; Read more &raquo;<\/a><\/p>\n","protected":false},"author":153,"featured_media":0,"parent":0,"menu_order":0,"comment_status":"closed","ping_status":"closed","template":"","meta":{"_acf_changed":false,"_eb_attr":"","footnotes":""},"class_list":["post-16698","page","type-page","status-publish","hentry"],"acf":[],"_links":{"self":[{"href":"https:\/\/beta.aa-intergroup.org\/pt-pt\/wp-json\/wp\/v2\/pages\/16698","targetHints":{"allow":["GET"]}}],"collection":[{"href":"https:\/\/beta.aa-intergroup.org\/pt-pt\/wp-json\/wp\/v2\/pages"}],"about":[{"href":"https:\/\/beta.aa-intergroup.org\/pt-pt\/wp-json\/wp\/v2\/types\/page"}],"author":[{"embeddable":true,"href":"https:\/\/beta.aa-intergroup.org\/pt-pt\/wp-json\/wp\/v2\/users\/153"}],"replies":[{"embeddable":true,"href":"https:\/\/beta.aa-intergroup.org\/pt-pt\/wp-json\/wp\/v2\/comments?post=16698"}],"version-history":[{"count":1,"href":"https:\/\/beta.aa-intergroup.org\/pt-pt\/wp-json\/wp\/v2\/pages\/16698\/revisions"}],"predecessor-version":[{"id":16699,"href":"https:\/\/beta.aa-intergroup.org\/pt-pt\/wp-json\/wp\/v2\/pages\/16698\/revisions\/16699"}],"wp:attachment":[{"href":"https:\/\/beta.aa-intergroup.org\/pt-pt\/wp-json\/wp\/v2\/media?parent=16698"}],"curies":[{"name":"wp","href":"https:\/\/api.w.org\/{rel}","templated":true}]}}