{"id":16847,"date":"2020-03-16T18:32:33","date_gmt":"2020-03-16T22:32:33","guid":{"rendered":"https:\/\/beta.aa-intergroup.org\/historia-da-oiaa\/"},"modified":"2025-10-28T07:12:03","modified_gmt":"2025-10-28T11:12:03","slug":"historia-da-oiaa","status":"publish","type":"page","link":"https:\/\/beta.aa-intergroup.org\/pt-pt\/historia-da-oiaa\/","title":{"rendered":"Hist\u00f3ria da OIAA"},"content":{"rendered":"\n<p>Em 2023, a OIAA teve a sorte de ver preenchido o cargo de Arquivista, que h\u00e1 muito estava vago. Atualmente est\u00e1 a ser formada uma comiss\u00e3o de Arquivos e est\u00e1 a ser reunida documenta\u00e7\u00e3o hist\u00f3rica de eventos significativos para inclus\u00e3o na Hist\u00f3ria da OIAA em evolu\u00e7\u00e3o.  <\/p>\n\n<p>As primeiras reuni\u00f5es de AA online utilizaram Quadros de Avisos e foram por volta de 1986. Os grupos de correio eletr\u00f3nico come\u00e7aram a formar-se no in\u00edcio dos anos noventa e o desenvolvimento da internet mundial alimentou rapidamente o crescimento e a variedade de grupos. O primeiro grupo de AA online, Lamp-lighters, foi formado em 1990 e tem-se reunido por correio eletr\u00f3nico continuamente desde ent\u00e3o. Agora existem milhares de grupos e membros de AA, ligados atrav\u00e9s deste Intergrupo Online. Utilizando v\u00e1rios mecanismos como videoconfer\u00eancia, confer\u00eancia telef\u00f3nica, quadros de mensagens, listas de correio eletr\u00f3nico e salas de conversa\u00e7\u00e3o; a comunidade AA est\u00e1 constantemente a conectar-se e a encontrar formas novas e criativas de comunicar a experi\u00eancia, for\u00e7a e esperan\u00e7a de recupera\u00e7\u00e3o nos Alco\u00f3licos An\u00f3nimos.    <\/p>\n\n<div style=\"height:21px\" aria-hidden=\"true\" class=\"wp-block-spacer\"><\/div>\n\n<h4 class=\"wp-block-heading\">Uma breve hist\u00f3ria da OIAA <\/h4>\n\n<p>Em 1994, os membros online da Comunidade de Alco\u00f3licos An\u00f3nimos come\u00e7aram a ansiar por participar na Conven\u00e7\u00e3o Internacional em San Diego, realizada em junho de 1995. Muitos na nossa comunidade sentiram que seria uma excelente oportunidade para conhecer pessoalmente alguns dos nossos companheiros alco\u00f3licos, fortalecendo ainda mais as amizades pr\u00f3ximas que t\u00ednhamos feito nos nossos grupos online.<\/p>\n\n<p>A Comiss\u00e3o Living Cyber foi formada em mar\u00e7o de 1994 para coordenar o alojamento de uma suite de hospitalidade na conven\u00e7\u00e3o. A participa\u00e7\u00e3o \u2015 ou ades\u00e3o \u2015 na LCC estava aberta a todos os alco\u00f3licos em recupera\u00e7\u00e3o que desejassem aderir. Alco\u00f3licos de todos os cantos da comunidade online \u2015 quadros de avisos, servi\u00e7os comerciais online e a Internet \u2015 juntaram-se ao esfor\u00e7o. Antes da conven\u00e7\u00e3o, a LCC esfor\u00e7ou-se por comunicar a sua exist\u00eancia, prop\u00f3sito e atividades a todos os grupos de A.A. online conhecidos. Foi criada uma p\u00e1gina Web. Foram compilados, impressos e distribu\u00eddos na conven\u00e7\u00e3o panfletos contendo informa\u00e7\u00f5es sobre como contactar a Irmandade online e como encontrar recursos de A.A. online.    <\/p>\n\n<p>Os nossos planos evolu\u00edram para incluir uma liga\u00e7\u00e3o \u00e0 irmandade online \u2015 \u00e0queles que n\u00e3o puderam comparecer \u00e0 conven\u00e7\u00e3o pessoalmente. Tr\u00eas computadores foram instalados na suite e permaneceram online continuamente com alco\u00f3licos de todo o mundo. <\/p>\n\n<p>A Suite Cibern\u00e9tica Viva foi um sucesso retumbante, proporcionando um local de encontro para os membros dos grupos online se conhecerem pessoalmente, geralmente pela primeira vez. Os visitantes tiveram a oportunidade de aceder \u00e0 verdadeira Irmandade online. Aqueles que n\u00e3o puderam viajar para San Diego puderam participar &#8220;virtualmente&#8221; na conven\u00e7\u00e3o atrav\u00e9s da suite.   Dois grandes grupos de correio eletr\u00f3nico, v\u00e1rios grupos dos principais servi\u00e7os online e um canal de Internet Relay Chat participaram na uni\u00e3o de alco\u00f3licos de todo o mundo com os membros online e visitantes na suite.<\/p>\n\n<p>Ap\u00f3s a conven\u00e7\u00e3o, foi decidido dissolver o comit\u00e9 existente e reform\u00e1-lo. Todos os grupos de A.A. online foram convidados a enviar um representante para o comit\u00e9. Decidimos que dever\u00edamos servir como um Intergrupo, servindo os grupos de A.A. online.  <\/p>\n\n<p>O Intergrupo Online dos Alco\u00f3licos An\u00f3nimos representa agora dezenas de grupos online com uma ades\u00e3o combinada que conta muitos milhares.<\/p>\n\n<div style=\"height:20px\" aria-hidden=\"true\" class=\"wp-block-spacer\"><\/div>\n\n<h4 class=\"wp-block-heading\">Declara\u00e7\u00e3o original de prop\u00f3sito e objetivos (escrita em meados dos anos 1990)<\/h4>\n\n<p>O fen\u00f3meno da nova tecnologia de computadores, modems, World Wide Web e comunica\u00e7\u00e3o pela Internet deu origem a um novo meio de intera\u00e7\u00e3o atrav\u00e9s do qual os alco\u00f3licos podiam interagir com outros alco\u00f3licos. Ao longo dos \u00faltimos anos, surgiram muitas novas reuni\u00f5es online que, n\u00e3o tendo fronteiras geogr\u00e1ficas, n\u00e3o se enquadravam nas estruturas de servi\u00e7o das habituais reuni\u00f5es presenciais (f2f) de A.A.. Daqui surgiu o reconhecimento por parte de muitos grupos online de que era necess\u00e1ria alguma forma de grupo de servi\u00e7o para auxiliar e facilitar a comunica\u00e7\u00e3o e coordena\u00e7\u00e3o do ambiente A.A. no ciberespa\u00e7o. Enquanto a estrutura oficial de servi\u00e7o de A.A. tenta desenvolver uma estrat\u00e9gia para incluir as reuni\u00f5es online dentro dessa estrutura, o Online Intergroup of Alcoholics Anonymous (OIAA) foi formado para fornecer servi\u00e7os t\u00edpicos de Intergrupos ou Escrit\u00f3rios Centrais de reuni\u00f5es presenciais. Enquanto a maioria dos Intergrupos serve regi\u00f5es geogr\u00e1ficas espec\u00edficas, a OIAA foi estabelecida para servir o ciberespa\u00e7o.    <\/p>\n\n<p>O objetivo primordial de todos os grupos de Alco\u00f3licos An\u00f3nimos \u00e9 transmitir a sua mensagem ao alco\u00f3lico que ainda sofre. Com base nesse prop\u00f3sito, a OIAA comprometeu-se a auxiliar os grupos membros de v\u00e1rias formas, a maioria das quais relacionadas especificamente com o meio do ciberespa\u00e7o. Como a recupera\u00e7\u00e3o pessoal depende da unidade de A.A., n\u00f3s na OIAA dedicamo-nos a auxiliar e facilitar a melhor unidade poss\u00edvel de servi\u00e7o para e em nome de A.A. no ciberespa\u00e7o. A comunica\u00e7\u00e3o e a informa\u00e7\u00e3o s\u00e3o dois ingredientes essenciais para estabelecer e manter a unidade; portanto, a OIAA tem a obriga\u00e7\u00e3o de fornecer um f\u00f3rum central para a dissemina\u00e7\u00e3o de informa\u00e7\u00e3o sobre e para a comunidade online de A.A. e A.A. como um todo.   <\/p>\n\n<p>A OIAA atualmente fornece informa\u00e7\u00f5es de v\u00e1rias formas, e esperamos desenvolver ainda mais formas no futuro. Uma forma pela qual a OIAA dissemina informa\u00e7\u00e3o \u00e9 atrav\u00e9s do desenvolvimento e manuten\u00e7\u00e3o dos Diret\u00f3rios de Reuni\u00f5es Mundial na Web que inclui reuni\u00f5es e grupos por email, bem como reuni\u00f5es e grupos em tempo real (chat). Outro ve\u00edculo de comunica\u00e7\u00e3o \u00e9 o Comit\u00e9 de Unidade da OIAA, que \u00e9 respons\u00e1vel pela comunica\u00e7\u00e3o com outros \u00f3rg\u00e3os de servi\u00e7o de A.A., como distritos locais, intergrupos, \u00e1reas, regi\u00f5es, AAWS, GSO-NY e GSO-UK. Uma terceira forma de comunica\u00e7\u00e3o \u00e9 o Comit\u00e9 de Informa\u00e7\u00e3o P\u00fablica da OIAA, que responde \u00e0s necessidades a n\u00edvel p\u00fablico e facilita a consciencializa\u00e7\u00e3o e compreens\u00e3o p\u00fablica dos Alco\u00f3licos An\u00f3nimos atrav\u00e9s da Internet, meios de comunica\u00e7\u00e3o social, contacto pessoal ou fun\u00e7\u00f5es p\u00fablicas n\u00e3o-AA atrav\u00e9s de literatura aprovada pela confer\u00eancia, oradores ou correspond\u00eancia e de acordo com os 12 Passos, 12 Tradi\u00e7\u00f5es e 12 Conceitos dos Alco\u00f3licos An\u00f3nimos.   <\/p>\n\n<p>A OIAA est\u00e1 tamb\u00e9m em processo de desenvolvimento de diretrizes para auxiliar os seus grupos membros, futuros grupos, outros intergrupos, reuni\u00f5es presenciais, distritos, \u00e1reas, e GSOs, e AAWS com os pormenores da experi\u00eancia online. Isto pode traduzir-se na publica\u00e7\u00e3o online de documentos de servi\u00e7o sobre como estabelecer grupos online, ou lidar com as tradi\u00e7\u00f5es no ciberespa\u00e7o, ou uma s\u00e9rie de outras quest\u00f5es pr\u00e1ticas (como criar p\u00e1ginas iniciais, etc.). <\/p>\n\n<p>Outra prioridade para a OIAA \u00e9 o desenvolvimento de projetos conjuntos para os seus grupos membros. Estes incluiriam garantir uma presen\u00e7a nas Conven\u00e7\u00f5es Internacionais, conven\u00e7\u00f5es locais e encontros, e demonstra\u00e7\u00f5es de como funciona o A.A. online. A pr\u00f3pria OIAA nasceu de um desses projetos na Conven\u00e7\u00e3o Internacional de 1995 em San Diego. Esperamos garantir tal presen\u00e7a em muitas conven\u00e7\u00f5es no futuro.   <\/p>\n\n<p>O fen\u00f3meno online \u00e9 relativamente novo, mas o n\u00famero de membros dos grupos online tem aumentado tremendamente recentemente \u00e0 medida que a not\u00edcia da sua exist\u00eancia chega aos membros de A.A. em todo o mundo. Esperamos que esta tend\u00eancia continue e que a OIAA seja capaz de fornecer \u00e0 comunidade do ciberespa\u00e7o o tipo de servi\u00e7os que tal n\u00famero de membros ir\u00e1 exigir. \u00c9 uma experi\u00eancia empolgante e uma \u00e0 qual todos n\u00f3s na OIAA nos dedicamos a proporcionar sob os princ\u00edpios dos passos, tradi\u00e7\u00f5es e conceitos de A.A. <\/p>\n\n<div style=\"height:20px\" aria-hidden=\"true\" class=\"wp-block-spacer\"><\/div>\n\n<h4 class=\"wp-block-heading\">\u00d3rg\u00e3o dirigente do intergrupo e ades\u00e3o (anos 2000)<\/h4>\n\n<p>O \u00f3rg\u00e3o de governo da OIAA \u00e9 o Comit\u00e9 do Intergrupo. O Comit\u00e9 do Intergrupo \u00e9 constitu\u00eddo por um Representante do Intergrupo ou Representante Alternativo de cada grupo membro; os dirigentes da OIAA; e os antigos dirigentes da OIAA (durante um ano ap\u00f3s o seu mandato). Um grupo \u00e9 membro da OIAA ao ter um representante ou suplente no Intergrupo que participa nas elei\u00e7\u00f5es bianuais e nos assuntos do Intergrupo. No entanto, a qualquer grupo de A.A. online que opte por n\u00e3o participar como grupo membro n\u00e3o podem ser negados os servi\u00e7os do Intergrupo (como a listagem nos Diret\u00f3rios de Reuni\u00f5es), desde que se qualifique como um grupo de A.A. segundo as tradi\u00e7\u00f5es de A.A. e as diretrizes do Intergrupo. A principal qualifica\u00e7\u00e3o para um grupo de A.A. \u00e9 que, como grupo, n\u00e3o tenha qualquer outra afilia\u00e7\u00e3o (Tradi\u00e7\u00f5es 5, 6 e 10).    <\/p>\n\n<p>Cada grupo tem um voto (atrav\u00e9s do seu representante ou do seu suplente) e nenhum indiv\u00edduo pode ter mais do que um voto \u2015 por isso, recomenda-se que cada representante sirva apenas um grupo membro. Ap\u00f3s a elei\u00e7\u00e3o para um cargo na OIAA, o dirigente eleito deixa de representar o grupo membro que anteriormente o elegeu. Desta forma, assegura-se que cada grupo tem uma representa\u00e7\u00e3o espec\u00edfica para as suas preocupa\u00e7\u00f5es e cada dirigente pode ent\u00e3o abordar as preocupa\u00e7\u00f5es da OIAA como um todo.  <\/p>\n\n<p>Os dirigentes da OIAA consistem atualmente num Presidente do Intergrupo, Presidente Suplente, Secret\u00e1rio, Tesoureiro, Historiador\/Arquivista, Respons\u00e1vel pelas Listas e os Presidentes das nossas comiss\u00f5es permanentes: Pol\u00edtica e Admiss\u00f5es, World Wide Web, Finan\u00e7as, Informa\u00e7\u00e3o P\u00fablica, Conven\u00e7\u00e3o e Unidade.<\/p>\n","protected":false},"excerpt":{"rendered":"<p>Em 2023, a OIAA teve a sorte de ver preenchido o cargo de Arquivista, que h\u00e1 muito estava vago. Atualmente est\u00e1 a ser formada uma comiss\u00e3o de Arquivos e est\u00e1 a ser reunida documenta\u00e7\u00e3o hist\u00f3rica de eventos significativos para inclus\u00e3o na Hist\u00f3ria da OIAA em evolu\u00e7\u00e3o. As primeiras reuni\u00f5es de AA online utilizaram Quadros de<a class=\"excerpt-read-more\" href=\"https:\/\/beta.aa-intergroup.org\/pt-pt\/historia-da-oiaa\/\" title=\"ReadHist\u00f3ria da OIAA\">&#8230; Read more &raquo;<\/a><\/p>\n","protected":false},"author":9,"featured_media":0,"parent":0,"menu_order":0,"comment_status":"closed","ping_status":"closed","template":"","meta":{"_acf_changed":false,"_eb_attr":"","footnotes":""},"class_list":["post-16847","page","type-page","status-publish","hentry"],"acf":[],"_links":{"self":[{"href":"https:\/\/beta.aa-intergroup.org\/pt-pt\/wp-json\/wp\/v2\/pages\/16847","targetHints":{"allow":["GET"]}}],"collection":[{"href":"https:\/\/beta.aa-intergroup.org\/pt-pt\/wp-json\/wp\/v2\/pages"}],"about":[{"href":"https:\/\/beta.aa-intergroup.org\/pt-pt\/wp-json\/wp\/v2\/types\/page"}],"author":[{"embeddable":true,"href":"https:\/\/beta.aa-intergroup.org\/pt-pt\/wp-json\/wp\/v2\/users\/9"}],"replies":[{"embeddable":true,"href":"https:\/\/beta.aa-intergroup.org\/pt-pt\/wp-json\/wp\/v2\/comments?post=16847"}],"version-history":[{"count":1,"href":"https:\/\/beta.aa-intergroup.org\/pt-pt\/wp-json\/wp\/v2\/pages\/16847\/revisions"}],"predecessor-version":[{"id":16848,"href":"https:\/\/beta.aa-intergroup.org\/pt-pt\/wp-json\/wp\/v2\/pages\/16847\/revisions\/16848"}],"wp:attachment":[{"href":"https:\/\/beta.aa-intergroup.org\/pt-pt\/wp-json\/wp\/v2\/media?parent=16847"}],"curies":[{"name":"wp","href":"https:\/\/api.w.org\/{rel}","templated":true}]}}