{"id":16980,"date":"2023-03-01T04:46:44","date_gmt":"2023-03-01T09:46:44","guid":{"rendered":"https:\/\/beta.aa-intergroup.org\/assembleia-oiaa-18-de-marco-de-2023\/"},"modified":"2025-10-28T07:15:14","modified_gmt":"2025-10-28T11:15:14","slug":"assembleia-oiaa-18-de-marco-de-2023","status":"publish","type":"page","link":"https:\/\/beta.aa-intergroup.org\/pt-pt\/assembleia-oiaa-18-de-marco-de-2023\/","title":{"rendered":"Assembleia OIAA 18 de mar\u00e7o de 2023"},"content":{"rendered":"\n<h5 class=\"wp-block-heading\"><strong>P\u00e1gina de arquivo da assembleia OIAA de 18 de mar\u00e7o de 2023<\/strong><\/h5>\n\n<div style=\"height:40px\" aria-hidden=\"true\" class=\"wp-block-spacer\"><\/div>\n\n<p>Obrigado por fazer parte da Assembleia OIAA de mar\u00e7o de 2023 e por contribuir com a sua voz.<\/p>\n\n<h3 class=\"wp-block-heading\">An\u00fancio da assembleia<\/h3>\n\n<ul class=\"wp-block-list\">\n<li>An\u00fancios de reuni\u00f5es<\/li>\n\n\n\n<li><a href=\"https:\/\/beta.aa-intergroup.org\/documents\/oiaa-march-general-assembly-announcement\/\" data-type=\"URL\" data-id=\"https:\/\/beta.aa-intergroup.org\/documents\/oiaa-march-general-assembly-announcement\/\">An\u00fancio da assembleia<\/a><\/li>\n\n\n\n<li>Copie esta mensagem e liga\u00e7\u00e3o para o chat da sua reuni\u00e3o\n<ul class=\"wp-block-list\">\n<li>Reuni\u00e3o da Assembleia Geral &#8211; 18 de mar\u00e7o de 2023: <a href=\"https:\/\/beta.aa-intergroup.org\/march-assembly-2023\/\" data-type=\"URL\" data-id=\"https:\/\/beta.aa-intergroup.org\/march-assembly-2023\/\"> https:\/\/beta.aa-intergroup.org\/march-assembly-2023\/<\/a><\/li>\n<\/ul>\n<\/li>\n<\/ul>\n\n<div style=\"height:20px\" aria-hidden=\"true\" class=\"wp-block-spacer\"><\/div>\n\n<h3 class=\"wp-block-heading\">Ordem de trabalhos da assembleia<\/h3>\n\n<ul class=\"wp-block-list\">\n<li><a href=\"https:\/\/beta.aa-intergroup.org\/documents\/assembly-agenda-march-2023\/\" data-type=\"URL\" data-id=\"https:\/\/beta.aa-intergroup.org\/documents\/assembly-agenda-march-2023\/\">A agenda da assembleia de 18 de mar\u00e7o de 2023<\/a><\/li>\n\n\n\n<li><a href=\"https:\/\/beta.aa-intergroup.org\/documents\/oiaa-chair-report-february-2023\/\">Relat\u00f3rio do presidente<\/a><\/li>\n\n\n\n<li><span style=\"font-family: -apple-system, system-ui, BlinkMacSystemFont, \" segoe=\"\" ui=\"\" helvetica=\"\" arial=\"\" sans-serif=\"\" color=\"\" emoji=\"\" symbol=\"\"><a href=\"https:\/\/beta.aa-intergroup.org\/documents\/minutes-from-the-oiaa-december-03-2022-assembly\/\">As atas da Assembleia OIAA de 3 de dezembro de 2022<\/a> ser\u00e3o votadas na assembleia. Por favor, leia e reveja antes da assembleia. <\/span><\/li>\n<\/ul>\n\n<div style=\"height:20px\" aria-hidden=\"true\" class=\"wp-block-spacer\"><\/div>\n\n<p><\/p>\n\n<h3 class=\"wp-block-heading\">Relat\u00f3rio do tesoureiro<\/h3>\n\n<ul class=\"wp-block-list\">\n<li><a href=\"https:\/\/beta.aa-intergroup.org\/documents\/treasurers-update\/\">Resumos financeiros<\/a><\/li>\n\n\n\n<li>Apresenta\u00e7\u00e3o\n<ul class=\"wp-block-list\">\n<li><a href=\"https:\/\/beta.aa-intergroup.org\/wp-content\/uploads\/2023\/05\/OIAA-Assembly-Treasurers-Report-March-2023.pdf\" data-type=\"URL\" data-id=\"https:\/\/beta.aa-intergroup.org\/wp-content\/uploads\/2023\/05\/OIAA-Assembly-Treasurers-Report-March-2023.pdf\" target=\"_blank\" rel=\"noreferrer noopener\">Descarregar PDF<\/a><\/li>\n<\/ul>\n<\/li>\n<\/ul>\n\n<div style=\"height:20px\" aria-hidden=\"true\" class=\"wp-block-spacer\"><\/div>\n\n<p><\/p>\n\n<h3 class=\"wp-block-heading\">Relat\u00f3rio do comit\u00e9 de tecnologia<\/h3>\n\n<ul class=\"wp-block-list\">\n<li>Apresenta\u00e7\u00e3o\n<ul class=\"wp-block-list\">\n<li><a href=\"https:\/\/beta.aa-intergroup.org\/wp-content\/uploads\/2023\/05\/Tech-Committee-March-Assembly.pptx.pdf\" data-type=\"URL\" data-id=\"https:\/\/beta.aa-intergroup.org\/wp-content\/uploads\/2023\/05\/Tech-Committee-March-Assembly.pptx.pdf\" target=\"_blank\" rel=\"noreferrer noopener\">Descarregar PDF<\/a><\/li>\n<\/ul>\n<\/li>\n<\/ul>\n\n<div style=\"height:20px\" aria-hidden=\"true\" class=\"wp-block-spacer\"><\/div>\n\n<p><\/p>\n\n<h3 class=\"wp-block-heading\">RGI<\/h3>\n\n<p>Informa\u00e7\u00e3o para levar de volta ao seu grupo.<\/p>\n\n<ul class=\"wp-block-list\">\n<li><a href=\"https:\/\/beta.aa-intergroup.org\/documents\/list-of-volunteers-needed-for-oiaa\/\">Chamada para volunt\u00e1rios<\/a><\/li>\n\n\n\n<li><a href=\"https:\/\/beta.aa-intergroup.org\/documents\/3-13-summary-of-assembly-procedures\/\">Resumo dos procedimentos da assembleia<\/a><\/li>\n\n\n\n<li><a href=\"https:\/\/beta.aa-intergroup.org\/documents\/the-third-legacy-procedure\/\">Procedimento do Terceiro Legado de A.A. para Elei\u00e7\u00f5es<\/a><\/li>\n\n\n\n<li><a href=\"https:\/\/beta.aa-intergroup.org\/documents\/oiaa-bylaws\/\">Estatutos<\/a><\/li>\n<\/ul>\n\n<div style=\"height:20px\" aria-hidden=\"true\" class=\"wp-block-spacer\"><\/div>\n","protected":false},"excerpt":{"rendered":"<p>P\u00e1gina de arquivo da assembleia OIAA de 18 de mar\u00e7o de 2023 Obrigado por fazer parte da Assembleia OIAA de mar\u00e7o de 2023 e por contribuir com a sua voz. An\u00fancio da assembleia Ordem de trabalhos da assembleia Relat\u00f3rio do tesoureiro Relat\u00f3rio do comit\u00e9 de tecnologia RGI Informa\u00e7\u00e3o para levar de volta ao seu grupo.<\/p>\n","protected":false},"author":18,"featured_media":0,"parent":0,"menu_order":0,"comment_status":"closed","ping_status":"closed","template":"","meta":{"_acf_changed":false,"_eb_attr":"","footnotes":""},"class_list":["post-16980","page","type-page","status-publish","hentry"],"acf":[],"_links":{"self":[{"href":"https:\/\/beta.aa-intergroup.org\/pt-pt\/wp-json\/wp\/v2\/pages\/16980","targetHints":{"allow":["GET"]}}],"collection":[{"href":"https:\/\/beta.aa-intergroup.org\/pt-pt\/wp-json\/wp\/v2\/pages"}],"about":[{"href":"https:\/\/beta.aa-intergroup.org\/pt-pt\/wp-json\/wp\/v2\/types\/page"}],"author":[{"embeddable":true,"href":"https:\/\/beta.aa-intergroup.org\/pt-pt\/wp-json\/wp\/v2\/users\/18"}],"replies":[{"embeddable":true,"href":"https:\/\/beta.aa-intergroup.org\/pt-pt\/wp-json\/wp\/v2\/comments?post=16980"}],"version-history":[{"count":1,"href":"https:\/\/beta.aa-intergroup.org\/pt-pt\/wp-json\/wp\/v2\/pages\/16980\/revisions"}],"predecessor-version":[{"id":16981,"href":"https:\/\/beta.aa-intergroup.org\/pt-pt\/wp-json\/wp\/v2\/pages\/16980\/revisions\/16981"}],"wp:attachment":[{"href":"https:\/\/beta.aa-intergroup.org\/pt-pt\/wp-json\/wp\/v2\/media?parent=16980"}],"curies":[{"name":"wp","href":"https:\/\/api.w.org\/{rel}","templated":true}]}}