{"id":17106,"date":"2023-10-01T16:06:54","date_gmt":"2023-10-01T20:06:54","guid":{"rendered":"https:\/\/beta.aa-intergroup.org\/assembleia-da-oiaa-16-de-dezembro-de-2023\/"},"modified":"2025-10-28T07:18:00","modified_gmt":"2025-10-28T11:18:00","slug":"assembleia-da-oiaa-16-de-dezembro-de-2023","status":"publish","type":"page","link":"https:\/\/beta.aa-intergroup.org\/pt-pt\/assembleia-da-oiaa-16-de-dezembro-de-2023\/","title":{"rendered":"Assembleia da OIAA 16 de dezembro de 2023"},"content":{"rendered":"\n<div style=\"height:20px\" aria-hidden=\"true\" class=\"wp-block-spacer\"><\/div>\n\n<p><strong>Esta \u00e9 a p\u00e1gina de arquivo para a Assembleia de 6 de dezembro.<\/strong><\/p>\n\n<div style=\"height:30px\" aria-hidden=\"true\" class=\"wp-block-spacer\"><\/div>\n\n<h4 class=\"wp-block-heading\">An\u00fancio da assembleia<\/h4>\n\n<ul class=\"wp-block-list\">\n<li><a href=\"https:\/\/beta.aa-intergroup.org\/documents\/assembly-announcement-16-december-2023\/\">An\u00fancio da Assembleia<\/a> Para traduzir e\/ou imprimir para os seus grupos.<\/li>\n\n\n\n<li>Copie esta mensagem e liga\u00e7\u00e3o para o chat da vossa reuni\u00e3o online para anunciar a elei\u00e7\u00e3o.\n<ul class=\"wp-block-list\">\n<li>Reuni\u00e3o da assembleia geral: 16 de dezembro de 2023.<br\/> <a href=\"https:\/\/beta.aa-intergroup.org\/pt-pt\/assembleia-da-oiaa-16-de-marco-de-2024\/\">https:\/\/beta.aa-intergroup.org\/oiaa-assembly-16-march-2024\/<\/a><\/li>\n<\/ul>\n<\/li>\n<\/ul>\n\n<h4 class=\"wp-block-heading\" id=\"assembly-agenda\">Ordem de trabalhos da assembleia<\/h4>\n\n<ul class=\"wp-block-list\">\n<li><a href=\"https:\/\/beta.aa-intergroup.org\/documents\/oiaa-assembly-16-december-2023-agenda\/\">Agenda da assembleia da OIAA 2023<\/a>.<\/li>\n\n\n\n<li><a href=\"https:\/\/beta.aa-intergroup.org\/board-updates\/chair-report-dec-2023\/\">Relat\u00f3rio do presidente<\/a>.<\/li>\n\n\n\n<li>Minutes from the OIAA 16 September, 2023 Assembly&nbsp;were approved by the Assembly. \n<ul class=\"wp-block-list\">\n<li><a href=\"https:\/\/beta.aa-intergroup.org\/documents\/minutes-from-the-oiaa-16-september-2023-assembly\/\">Por favor, leia e reveja antes da assembleia.<\/a><\/li>\n<\/ul>\n<\/li>\n<\/ul>\n\n<h4 class=\"wp-block-heading\">Elei\u00e7\u00e3o de dirigentes da OIAA<\/h4>\n\n<p>Incentivamos todos os qualificados a candidatar-se \u00e0 elei\u00e7\u00e3o. As posi\u00e7\u00f5es de dirigentes em elei\u00e7\u00e3o s\u00e3o: <g id=\"gid_0\">Presidente, Vice-Presidente e Tesoureiro<\/g>. Por favor, envie curr\u00edculos para estas posi\u00e7\u00f5es para <strong><strong>OIAA.Board@aa-intergroup.org<\/strong><\/strong> at\u00e9 1 de novembro.   <\/p>\n\n<p>Qualquer pessoa que tenha servido numa posi\u00e7\u00e3o de servi\u00e7o da OIAA \u00e9 eleg\u00edvel para servir como Dirigente do Intergrupo. Nenhuma pessoa pode ocupar mais de um cargo no Intergrupo ao mesmo tempo, nem qualquer Dirigente pode servir simultaneamente como Alternativo. Nenhum dirigente pode servir simultaneamente como IGR. Todos os Dirigentes devem ter pelo menos dezoito (18) anos de idade.   <\/p>\n\n<ul class=\"wp-block-list\">\n<li><a href=\"https:\/\/beta.aa-intergroup.org\/documents\/descriptions-qualifications-2023\/\">Descri\u00e7\u00f5es, elegibilidade e qualifica\u00e7\u00f5es<\/a>.<\/li>\n\n\n\n<li><a href=\"https:\/\/beta.aa-intergroup.org\/documents\/resume-presentation-page\/\">Esbo\u00e7o para apresenta\u00e7\u00e3o de curr\u00edculo<\/a>. <\/li>\n<\/ul>\n\n<h4 class=\"wp-block-heading\">Elei\u00e7\u00e3o de administrador internacional e administrador geral<\/h4>\n\n<p>O Conselho criou duas novas posi\u00e7\u00f5es de administrador n\u00e3o dirigente: Administrador Internacional e Administrador Geral. Por favor, envie curr\u00edculos para estas posi\u00e7\u00f5es para <strong><strong>OIAA.Board@aa-intergroup.org<\/strong><\/strong> at\u00e9 1 de novembro.  <\/p>\n\n<ul class=\"wp-block-list\">\n<li><a href=\"https:\/\/beta.aa-intergroup.org\/documents\/descriptions-eligibility-qualifications-2023international-trustee-and-trustee-at-large\/\">Descri\u00e7\u00f5es, elegibilidade e qualifica\u00e7\u00f5es<\/a>.<\/li>\n\n\n\n<li><a href=\"https:\/\/beta.aa-intergroup.org\/documents\/resume-presentation-page\/\">Esbo\u00e7o para apresenta\u00e7\u00e3o de curr\u00edculo<\/a>.<\/li>\n<\/ul>\n\n<p><\/p>\n\n<h4 class=\"wp-block-heading\">Procedimento eleitoral<\/h4>\n\n<p>Os Membros Votantes eleger\u00e3o os dirigentes em elei\u00e7\u00e3o.<\/p>\n\n<ul class=\"wp-block-list\">\n<li><a href=\"https:\/\/beta.aa-intergroup.org\/documents\/third-legacy-pdfs\/\">O procedimento do terceiro legado<\/a>.<\/li>\n\n\n\n<li><a href=\"https:\/\/beta.aa-intergroup.org\/documents\/assembly-procedures\/\">Procedimentos da assembleia.<\/a><\/li>\n\n\n\n<li><a href=\"https:\/\/beta.aa-intergroup.org\/documents\/summary-of-motion-procedures-to-be-used-at-the-assembly\/\">Resumo das mo\u00e7\u00f5es<\/a>.<\/li>\n\n\n\n<li><a href=\"https:\/\/beta.aa-intergroup.org\/documents\/oiaa-bylaws\/\">Estatutos<\/a>.<\/li>\n<\/ul>\n\n<h4 class=\"wp-block-heading\" id=\"budget\">Or\u00e7amento de 2024 <\/h4>\n\n<ul class=\"wp-block-list\">\n<li>O Or\u00e7amento Operacional da OIAA de 2024 foi aprovado pela Assembleia. \n<ul class=\"wp-block-list\">\n<li><a href=\"https:\/\/beta.aa-intergroup.org\/documents\/2024-budget-compared-with-2023-notes\/\">Or\u00e7amento de 2024 comparado com 2023 com notas.<\/a><\/li>\n\n\n\n<li><a href=\"https:\/\/beta.aa-intergroup.org\/documents\/2024-oiaa-budget\/\">Or\u00e7amento operacional da OIAA de 2024<\/a>.<\/li>\n<\/ul>\n<\/li>\n\n\n\n<li>N\u00e3o haver\u00e1 tempo para apresentar as demonstra\u00e7\u00f5es financeiras de novembro na Assembleia, mas elas est\u00e3o na <a href=\"https:\/\/beta.aa-intergroup.org\/pt-pt\/committees\/financas\/\">p\u00e1gina do comit\u00ea de finan\u00e7as<\/a> e ligadas abaixo para levar de volta aos seus grupos.\n<ul class=\"wp-block-list\">\n<li><a href=\"https:\/\/beta.aa-intergroup.org\/committee-updates\/update-for-finance-nov-2023-4\/\">Varia\u00e7\u00e3o do or\u00e7amento para novembro de 2023<\/a>.<\/li>\n\n\n\n<li><a href=\"https:\/\/beta.aa-intergroup.org\/committee-updates\/update-for-finance-nov-2023-3\/\">Contribui\u00e7\u00f5es do grupo para novembro de 2023<\/a>.<\/li>\n\n\n\n<li><a href=\"https:\/\/beta.aa-intergroup.org\/committee-updates\/update-for-finance-nov-2023-2\/\">Balan\u00e7o para novembro de 2023<\/a>.<\/li>\n<\/ul>\n<\/li>\n<\/ul>\n\n<p><\/p>\n","protected":false},"excerpt":{"rendered":"<p>Esta \u00e9 a p\u00e1gina de arquivo para a Assembleia de 6 de dezembro. An\u00fancio da assembleia Ordem de trabalhos da assembleia Elei\u00e7\u00e3o de dirigentes da OIAA Incentivamos todos os qualificados a candidatar-se \u00e0 elei\u00e7\u00e3o. As posi\u00e7\u00f5es de dirigentes em elei\u00e7\u00e3o s\u00e3o: Presidente, Vice-Presidente e Tesoureiro. Por favor, envie curr\u00edculos para estas posi\u00e7\u00f5es para OIAA.Board@aa-intergroup.org at\u00e9<a class=\"excerpt-read-more\" href=\"https:\/\/beta.aa-intergroup.org\/pt-pt\/assembleia-da-oiaa-16-de-dezembro-de-2023\/\" title=\"ReadAssembleia da OIAA 16 de dezembro de 2023\">&#8230; Read more &raquo;<\/a><\/p>\n","protected":false},"author":18,"featured_media":0,"parent":0,"menu_order":0,"comment_status":"closed","ping_status":"closed","template":"","meta":{"_acf_changed":false,"_eb_attr":"","footnotes":""},"class_list":["post-17106","page","type-page","status-publish","hentry"],"acf":[],"_links":{"self":[{"href":"https:\/\/beta.aa-intergroup.org\/pt-pt\/wp-json\/wp\/v2\/pages\/17106","targetHints":{"allow":["GET"]}}],"collection":[{"href":"https:\/\/beta.aa-intergroup.org\/pt-pt\/wp-json\/wp\/v2\/pages"}],"about":[{"href":"https:\/\/beta.aa-intergroup.org\/pt-pt\/wp-json\/wp\/v2\/types\/page"}],"author":[{"embeddable":true,"href":"https:\/\/beta.aa-intergroup.org\/pt-pt\/wp-json\/wp\/v2\/users\/18"}],"replies":[{"embeddable":true,"href":"https:\/\/beta.aa-intergroup.org\/pt-pt\/wp-json\/wp\/v2\/comments?post=17106"}],"version-history":[{"count":1,"href":"https:\/\/beta.aa-intergroup.org\/pt-pt\/wp-json\/wp\/v2\/pages\/17106\/revisions"}],"predecessor-version":[{"id":17107,"href":"https:\/\/beta.aa-intergroup.org\/pt-pt\/wp-json\/wp\/v2\/pages\/17106\/revisions\/17107"}],"wp:attachment":[{"href":"https:\/\/beta.aa-intergroup.org\/pt-pt\/wp-json\/wp\/v2\/media?parent=17106"}],"curies":[{"name":"wp","href":"https:\/\/api.w.org\/{rel}","templated":true}]}}