{"id":17123,"date":"2023-08-12T12:18:30","date_gmt":"2023-08-12T16:18:30","guid":{"rendered":"https:\/\/beta.aa-intergroup.org\/assembleia-da-oiaa-16-de-setembro-de-2023\/"},"modified":"2025-10-28T07:18:31","modified_gmt":"2025-10-28T11:18:31","slug":"assembleia-da-oiaa-16-de-setembro-de-2023","status":"publish","type":"page","link":"https:\/\/beta.aa-intergroup.org\/pt-pt\/assembleia-da-oiaa-16-de-setembro-de-2023\/","title":{"rendered":"Assembleia da OIAA 16 de setembro de 2023"},"content":{"rendered":"\n<h5 class=\"wp-block-heading\"><strong>P\u00e1gina de arquivo para a assembleia da OIAA de 16 de setembro de 2023<\/strong><\/h5>\n\n<div style=\"height:40px\" aria-hidden=\"true\" class=\"wp-block-spacer\"><\/div>\n\n<p>Obrigado a todos os que participaram na Assembleia.<\/p>\n\n<p><\/p>\n\n<h3 class=\"wp-block-heading\">An\u00fancio da assembleia<\/h3>\n\n<p><\/p>\n\n<ul class=\"wp-block-list\">\n<li>Copie esta mensagem e liga\u00e7\u00e3o para o chat do Zoom do seu grupo.\n<ul class=\"wp-block-list\">\n<li>Reuni\u00e3o da Assembleia Geral &#8211; 16 de setembro de 2023: <a href=\"https:\/\/beta.aa-intergroup.org\/pt-pt\/assembleia-da-oiaa-16-de-setembro-de-2023\/\">https:\/\/beta.aa-intergroup.org\/oiaa-assembly-16-september-2023\/<\/a><\/li>\n<\/ul>\n<\/li>\n<\/ul>\n\n<h3 class=\"wp-block-heading\">Ordem de trabalhos da assembleia<\/h3>\n\n<ul class=\"wp-block-list\" id=\"block-b1e3529a-4f8b-4ca9-b34a-99f8022da30b\">\n<li><a href=\"https:\/\/beta.aa-intergroup.org\/documents\/oiaa-assembly-16-september-2023-agenda\/\">A agenda da assembleia de 16 de setembro de 2023<\/a><\/li>\n\n\n\n<li>As atas da Assembleia ser\u00e3o votadas, por favor, partilhe com os seus grupos.\n<ul class=\"wp-block-list\">\n<li><a href=\"https:\/\/beta.aa-intergroup.org\/documents\/minutes-from-the-oiaa-17-june-2023-assembly\/\">Atas da assembleia da OIAA de 17 de junho de 2023<\/a> <\/li>\n\n\n\n<li><a href=\"https:\/\/beta.aa-intergroup.org\/documents\/minutes-from-the-oiaa-29-july-2023-assembly\/\">Atas da assembleia da OIAA de 29 de julho de 2023<\/a><\/li>\n<\/ul>\n<\/li>\n<\/ul>\n\n<h3 class=\"wp-block-heading\">Relat\u00f3rios<\/h3>\n\n<ul class=\"wp-block-list\">\n<li>Finan\u00e7as\n<ul class=\"wp-block-list\">\n<li><a href=\"https:\/\/beta.aa-intergroup.org\/documents\/7th-tradition-report-august-2023\/\">Relat\u00f3rio da 7\u00aa tradi\u00e7\u00e3o de agosto de 2023<\/a><\/li>\n\n\n\n<li><a href=\"https:\/\/beta.aa-intergroup.org\/documents\/balance-sheet-august-2023\/\">Balan\u00e7o de agosto de 2023<\/a><\/li>\n\n\n\n<li><a href=\"https:\/\/beta.aa-intergroup.org\/documents\/budget-variance-august-2023\/\">Varia\u00e7\u00e3o or\u00e7amental de agosto de 2023<\/a><\/li>\n<\/ul>\n<\/li>\n\n\n\n<li><a href=\"https:\/\/beta.aa-intergroup.org\/documents\/oiaa-september-vice-chairs-report\/\">Relat\u00f3rio do vice-presidente de setembro de 2023<\/a><\/li>\n\n\n\n<li><a href=\"https:\/\/beta.aa-intergroup.org\/documents\/oiaa-september-chairs-report\/\">Relat\u00f3rio do presidente de setembro de 2023<\/a><\/li>\n<\/ul>\n\n<h3 class=\"wp-block-heading\">Informa\u00e7\u00e3o adicional<\/h3>\n\n<ul class=\"wp-block-list\">\n<li><a href=\"https:\/\/beta.aa-intergroup.org\/documents\/motion-for-redirection-of-funds\/\">Mo\u00e7\u00e3o para redirecionamento de fundos<\/a><\/li>\n\n\n\n<li><a href=\"https:\/\/beta.aa-intergroup.org\/documents\/new-trustee-positions\/\">Novas posi\u00e7\u00f5es de administrador<\/a><\/li>\n\n\n\n<li><a href=\"https:\/\/beta.aa-intergroup.org\/documents\/oiaa-bylaws\/\">Estatutos<\/a><\/li>\n<\/ul>\n\n<h3 class=\"wp-block-heading\">Procedimentos<\/h3>\n\n<ul class=\"wp-block-list\">\n<li><a href=\"https:\/\/beta.aa-intergroup.org\/documents\/assembly-procedures\/\">Procedimentos da assembleia<\/a><\/li>\n<\/ul>\n","protected":false},"excerpt":{"rendered":"<p>P\u00e1gina de arquivo para a assembleia da OIAA de 16 de setembro de 2023 Obrigado a todos os que participaram na Assembleia. An\u00fancio da assembleia Ordem de trabalhos da assembleia Relat\u00f3rios Informa\u00e7\u00e3o adicional Procedimentos<\/p>\n","protected":false},"author":18,"featured_media":0,"parent":0,"menu_order":0,"comment_status":"closed","ping_status":"closed","template":"","meta":{"_acf_changed":false,"_eb_attr":"","footnotes":""},"class_list":["post-17123","page","type-page","status-publish","hentry"],"acf":[],"_links":{"self":[{"href":"https:\/\/beta.aa-intergroup.org\/pt-pt\/wp-json\/wp\/v2\/pages\/17123","targetHints":{"allow":["GET"]}}],"collection":[{"href":"https:\/\/beta.aa-intergroup.org\/pt-pt\/wp-json\/wp\/v2\/pages"}],"about":[{"href":"https:\/\/beta.aa-intergroup.org\/pt-pt\/wp-json\/wp\/v2\/types\/page"}],"author":[{"embeddable":true,"href":"https:\/\/beta.aa-intergroup.org\/pt-pt\/wp-json\/wp\/v2\/users\/18"}],"replies":[{"embeddable":true,"href":"https:\/\/beta.aa-intergroup.org\/pt-pt\/wp-json\/wp\/v2\/comments?post=17123"}],"version-history":[{"count":1,"href":"https:\/\/beta.aa-intergroup.org\/pt-pt\/wp-json\/wp\/v2\/pages\/17123\/revisions"}],"predecessor-version":[{"id":17125,"href":"https:\/\/beta.aa-intergroup.org\/pt-pt\/wp-json\/wp\/v2\/pages\/17123\/revisions\/17125"}],"wp:attachment":[{"href":"https:\/\/beta.aa-intergroup.org\/pt-pt\/wp-json\/wp\/v2\/media?parent=17123"}],"curies":[{"name":"wp","href":"https:\/\/api.w.org\/{rel}","templated":true}]}}