{"id":17178,"date":"2023-06-05T23:42:55","date_gmt":"2023-06-06T03:42:55","guid":{"rendered":"https:\/\/beta.aa-intergroup.org\/politica-de-cookies\/"},"modified":"2025-10-28T07:20:38","modified_gmt":"2025-10-28T11:20:38","slug":"politica-de-cookies","status":"publish","type":"page","link":"https:\/\/beta.aa-intergroup.org\/pt-pt\/politica-de-cookies\/","title":{"rendered":"Pol\u00edtica de cookies"},"content":{"rendered":"\n<p><strong>Esta Pol\u00edtica de Cookies foi atualizada pela \u00faltima vez em 14 de junho de 2023.<\/strong><\/p>\n\n<p>O site da OIAA utiliza cookies para otimizar e melhorar a funcionalidade do nosso site. Como queremos garantir a sua privacidade e melhorar a facilidade de uso da sua visita ao nosso site, consideramos importante que saiba como e por que usamos cookies. Esta pol\u00edtica fornece informa\u00e7\u00f5es sobre o uso de cookies em toda a nossa plataforma.  <\/p>\n\n<p><strong>O que s\u00e3o cookies?<\/strong><\/p>\n\n<p>Os cookies s\u00e3o pequenos e simples ficheiros de texto que s\u00e3o armazenados pelo seu computador ou dispositivo m\u00f3vel quando utiliza um dos nossos sites ou aplica\u00e7\u00f5es. Quase todos os sites existentes utilizam cookies. <\/p>\n\n<p>Ao usar cookies, podemos garantir que, por exemplo, \u00e9 f\u00e1cil para si navegar no nosso site, que quando visita os nossos sites, n\u00e3o lhe \u00e9 apresentada a mesma informa\u00e7\u00e3o repetidamente. Os cookies tamb\u00e9m nos permitem medir como o nosso site est\u00e1 a ser utilizado e como podemos melhor\u00e1-lo ainda mais. <\/p>\n\n<p><strong>As suas op\u00e7\u00f5es<\/strong><\/p>\n\n<p>S\u00f3 podemos colocar cookies se o seu navegador permitir o uso de cookies. \u00c9 sua escolha aceitar ou recusar os cookies e h\u00e1 sempre a op\u00e7\u00e3o de revogar a sua permiss\u00e3o para colocar cookies. <\/p>\n\n<p>Se n\u00e3o quiser receber cookies de todo, pode ajustar as configura\u00e7\u00f5es do seu navegador de Internet para bloquear totalmente o uso de cookies. Neste caso, algumas funcionalidades do nosso site ser\u00e3o desativadas. No entanto, pode consultar o site para obter informa\u00e7\u00f5es. Tamb\u00e9m pode ajustar as configura\u00e7\u00f5es do seu navegador de Internet para ser informado pelo seu navegador quando um cookie \u00e9 colocado.   <\/p>\n\n<p><strong>Cookies de terceiros<\/strong><\/p>\n\n<p>O nosso site tamb\u00e9m permite a coloca\u00e7\u00e3o de cookies de terceiros. No caso de outras empresas utilizarem cookies, aplicam-se as pol\u00edticas de privacidade e cookies da empresa relevante. <\/p>\n\n<p><strong>Cookies anal\u00edticos<\/strong><\/p>\n\n<p>Podemos usar cookies do Google Analytics para recolher estat\u00edsticas sobre o uso e os utilizadores do nosso site. Ao medir o uso de (partes espec\u00edficas do) site, podemos melhor\u00e1-lo em benef\u00edcio dos utilizadores. Usamos ainda estas estat\u00edsticas para medir a quantidade de visitantes e a dura\u00e7\u00e3o da visita de cada visitante, para determinar como os visitantes navegam pelas diferentes p\u00e1ginas do nosso site, para considerar quais sec\u00e7\u00f5es do nosso site precisam de ajustes\/devem ser revistas e para otimizar o nosso site em geral.  <\/p>\n\n<p>Os cookies anal\u00edticos fornecem-nos as seguintes informa\u00e7\u00f5es\/dados que ser\u00e3o armazenados no nosso sistema de an\u00e1lise web:<\/p>\n\n<ul class=\"wp-block-list\">\n<li>O endere\u00e7o IP anonimizado;<\/li>\n\n\n\n<li>Fonte de tr\u00e1fego ou campanha que explica como o utilizador chegou ao site;<\/li>\n\n\n\n<li>Quais (sub)p\u00e1ginas s\u00e3o visitadas no site;<\/li>\n\n\n\n<li>A dura\u00e7\u00e3o da visita\/uso do site e das suas subp\u00e1ginas. Os seguintes cookies anal\u00edticos usados nos nossos sites s\u00e3o: <br\/> <\/li>\n<\/ul>\n\n<figure class=\"wp-block-table\"><table><tbody><tr><td><strong>Nome<\/strong><\/td><td><strong>Descri\u00e7\u00e3o<\/strong><\/td><td><strong>Tempo de expira\u00e7\u00e3o<\/strong><\/td><\/tr><tr><td>_ga<\/td><td>Usado para distinguir utilizadores.<\/td><td>2 anos<\/td><\/tr><tr><td>_gid<\/td><td>Usado para distinguir utilizadores.<\/td><td>24 horas<\/td><\/tr><tr><td>_gat_dc_gtm_<property-id><\/property-id><\/td><td>Usado para limitar a taxa de pedidos.<\/td><td>1 minuto<\/td><\/tr><tr><td>AMP_TOKEN<\/td><td>Usado para recuperar um ID de Cliente do servi\u00e7o AMP Client ID. Pode tamb\u00e9m indicar exclus\u00e3o, pedido em andamento ou um erro ao recuperar um ID de Cliente do servi\u00e7o AMP Client ID. <\/td><td>30 segundos a 1 ano<\/td><\/tr><tr><td>_gac_<property-id><\/property-id><\/td><td>Cont\u00e9m informa\u00e7\u00f5es relacionadas com a campanha para o utilizador. Se tiver ligado as suas contas do Google Analytics e Google Ads, as etiquetas de convers\u00e3o do site GoogleAds ler\u00e3o este cookie, a menos que opte por n\u00e3o participar. <\/td><td>90 dias<\/td><\/tr><\/tbody><\/table><\/figure>\n\n<p><br\/><strong>Configura\u00e7\u00f5es do navegador<\/strong><\/p>\n\n<p>Se n\u00e3o quiser que os nossos sites armazenem cookies no seu computador, deve ajustar as configura\u00e7\u00f5es do seu navegador. Ser\u00e1 ent\u00e3o avisado antes de os cookies serem colocados. Tamb\u00e9m pode ajustar as suas configura\u00e7\u00f5es de modo que o seu navegador recuse todos os cookies ou apenas aqueles de terceiros. Pode eliminar cookies que tenham sido colocados. Note que tem de ajustar as configura\u00e7\u00f5es para cada navegador e computador que utiliza.    <\/p>\n\n<p>Note tamb\u00e9m que n\u00e3o podemos garantir que o nosso site funcionar\u00e1 corretamente se n\u00e3o quiser aceitar cookies. Pode ser que algumas fun\u00e7\u00f5es do site sejam perdidas ou que n\u00e3o veja certas p\u00e1ginas de todo. Al\u00e9m disso, rejeitar cookies neste site n\u00e3o significa que n\u00e3o ver\u00e1 an\u00fancios relacionados noutras plataformas. Tem a op\u00e7\u00e3o de optar por n\u00e3o receber publicidade personalizada do Google. Por favor, visite    <a> <\/a><a href=\"https:\/\/www.google.com\/settings\/ads\" target=\"_blank\" rel=\"noreferrer noopener\">https:\/\/www.google.com\/settings\/ads<\/a> ou para optar por n\u00e3o participar do uso de cookies para publicidade personalizada por parte de um fornecedor terceiro, visite <a href=\"http:\/\/www.aboutads.info\/choices\/\" target=\"_blank\" rel=\"noreferrer noopener\">www.aboutads.info<\/a>.<\/p>\n\n<p><br\/><strong>Eliminar cookies<\/strong><\/p>\n\n<p><em>Eliminar cookies no Internet Explorer<\/em><\/p>\n\n<p>V\u00e1 ao menu Extra &gt; Op\u00e7\u00f5es da Internet &gt; Geral. Em Hist\u00f3rico de Navega\u00e7\u00e3o, clique em Eliminar. Pode ser que n\u00e3o queira eliminar tudo. Apenas certifique-se de que a caixa de Cookies est\u00e1 assinalada e clique em Eliminar.   <\/p>\n\n<p><em>Eliminar cookies no Firefox<\/em><\/p>\n\n<p>V\u00e1 a Extra &gt; Op\u00e7\u00f5es &gt; Privacidade. Clique em Eliminar o seu hist\u00f3rico recente. Em Detalhes, pode indicar exatamente o que deseja eliminar. Em qualquer caso, assinale a caixa de Cookies. Tamb\u00e9m pode indicar a antiguidade dos cookies. Depois, clique em Tudo.     <\/p>\n\n<p><em>Eliminar cookies no Chrome<\/em><\/p>\n\n<p>Clique no \u00edcone com as 3 linhas no canto superior direito. Clique em Mais ferramentas &gt; Limpar dados de navega\u00e7\u00e3o. Certifique-se de que a caixa &#8220;Eliminar cookies e outros dados de sites e plug-ins&#8221; est\u00e1 assinalada. Tamb\u00e9m pode indicar a antiguidade dos cookies. Depois, clique em Tudo.    <\/p>\n\n<p><em>Eliminar cookies no Safari<\/em><\/p>\n\n<p>Clique no \u00edcone de radar no canto superior direito. Clique em Prefer\u00eancias, v\u00e1 a Privacidade e clique em Remover Todos os Dados do Site. Tamb\u00e9m pode clicar em Detalhes e remover dados selecionados.  <\/p>\n\n<p><strong>Quest\u00f5es<\/strong><\/p>\n\n<p>Se tiver perguntas ou reclama\u00e7\u00f5es sobre o uso de cookies pela OIAA, ou gostaria de responder \u00e0 nossa pol\u00edtica de cookies, por favor, contacte a OIAA enviando um email para <strong>privacy@aa-intergroup.org<\/strong>.<\/p>\n","protected":false},"excerpt":{"rendered":"<p>Esta Pol\u00edtica de Cookies foi atualizada pela \u00faltima vez em 14 de junho de 2023. O site da OIAA utiliza cookies para otimizar e melhorar a funcionalidade do nosso site. Como queremos garantir a sua privacidade e melhorar a facilidade de uso da sua visita ao nosso site, consideramos importante que saiba como e por<a class=\"excerpt-read-more\" href=\"https:\/\/beta.aa-intergroup.org\/pt-pt\/politica-de-cookies\/\" title=\"ReadPol\u00edtica de cookies\">&#8230; Read more &raquo;<\/a><\/p>\n","protected":false},"author":12,"featured_media":0,"parent":0,"menu_order":0,"comment_status":"closed","ping_status":"closed","template":"","meta":{"_acf_changed":false,"_eb_attr":"","footnotes":""},"class_list":["post-17178","page","type-page","status-publish","hentry"],"acf":[],"_links":{"self":[{"href":"https:\/\/beta.aa-intergroup.org\/pt-pt\/wp-json\/wp\/v2\/pages\/17178","targetHints":{"allow":["GET"]}}],"collection":[{"href":"https:\/\/beta.aa-intergroup.org\/pt-pt\/wp-json\/wp\/v2\/pages"}],"about":[{"href":"https:\/\/beta.aa-intergroup.org\/pt-pt\/wp-json\/wp\/v2\/types\/page"}],"author":[{"embeddable":true,"href":"https:\/\/beta.aa-intergroup.org\/pt-pt\/wp-json\/wp\/v2\/users\/12"}],"replies":[{"embeddable":true,"href":"https:\/\/beta.aa-intergroup.org\/pt-pt\/wp-json\/wp\/v2\/comments?post=17178"}],"version-history":[{"count":1,"href":"https:\/\/beta.aa-intergroup.org\/pt-pt\/wp-json\/wp\/v2\/pages\/17178\/revisions"}],"predecessor-version":[{"id":17180,"href":"https:\/\/beta.aa-intergroup.org\/pt-pt\/wp-json\/wp\/v2\/pages\/17178\/revisions\/17180"}],"wp:attachment":[{"href":"https:\/\/beta.aa-intergroup.org\/pt-pt\/wp-json\/wp\/v2\/media?parent=17178"}],"curies":[{"name":"wp","href":"https:\/\/api.w.org\/{rel}","templated":true}]}}