{"id":17200,"date":"2024-08-15T17:10:39","date_gmt":"2024-08-15T21:10:39","guid":{"rendered":"https:\/\/beta.aa-intergroup.org\/assembleia-do-oiaa-21-de-setembro-de-2024\/"},"modified":"2025-10-28T07:21:14","modified_gmt":"2025-10-28T11:21:14","slug":"assembleia-do-oiaa-21-de-setembro-de-2024","status":"publish","type":"page","link":"https:\/\/beta.aa-intergroup.org\/pt-pt\/assembleia-do-oiaa-21-de-setembro-de-2024\/","title":{"rendered":"Assembleia do OIAA, 21 de setembro de 2024"},"content":{"rendered":"\n<p><strong>S\u00e1bado, 21 de setembro de 2024<\/strong><br\/>8:00 am HST | 11:00 am PT | 13:00 pm CT | 14:00 pm ET<br\/>19:00 pm GMT | 20:00 pm CET<\/p>\n\n<p><strong>Domingo, 22 de setembro<\/strong><strong>, 2024<br\/><\/strong>3:00 am AWST | 4:00 am JST<br\/>6:00 am AEDT | 8:00 am NZDT<\/p>\n\n<p><strong>ID da reuni\u00e3o Zoom: 839 1683 1125<br\/>C\u00f3digo de acesso: OIAA<\/strong><\/p>\n\n<p class=\"has-large-font-size\"><em><a href=\"https:\/\/us06web.zoom.us\/j\/83916831125?pwd=cDQvSlcxUjZmWlo4aEoyR0tlUUQwdz09\"><strong>JUNTE-SE AGORA<\/strong><\/a><\/em><mark style=\"background-color:rgba(0, 0, 0, 0)\" class=\"has-inline-color has-vivid-red-color\"><mark style=\"background-color:rgba(0, 0, 0, 0)\" class=\"has-inline-color has-vivid-red-color\"><\/mark><\/mark><\/p>\n\n<p>Bem-vindo(a) \u00e0 nossa assembleia de neg\u00f3cios de setembro do OIAA! Est\u00e1 aberta a todos os que desejem participar, mas apenas os representantes intergrupos, os presidentes dos comit\u00e9s permanentes do OIAA, os funcion\u00e1rios do OIAA e os administradores n\u00e3o funcion\u00e1rios s\u00e3o membros votantes. Solicitamos a todos os membros votantes que compare\u00e7am, pois precisamos de qu\u00f3rum para realizar neg\u00f3cios. Os membros ser\u00e3o notificados se a agenda for alterada.<\/p>\n\n<p><strong><em>Para participar, o seu grupo deve registar-se no OIAA e ter um representante intergrupos registado.<\/em><\/strong> <strong>Para a assembleia de setembro, a data limite <\/strong><strong>para adi\u00e7\u00f5es ou altera\u00e7\u00f5es \u00e0 nossa ades\u00e3o \u00e9<\/strong> <strong>sexta-feira, 13 de setembro, \u00e0s 23:59<\/strong>.<\/p>\n\n<p><strong><em>Junte-se ao OIAA aqui:<\/em><\/strong> <a href=\"https:\/\/beta.aa-intergroup.org\/pt-pt\/aderir-a-oiaa\/\" target=\"_blank\" rel=\"noreferrer noopener\"><strong><em>Junte-se ao OIAA<\/em><\/strong><\/a><strong><em> &#8211; <\/em><\/strong><a href=\"https:\/\/beta.aa-intergroup.org\/pt-pt\/aderir-a-oiaa\/\" target=\"_blank\" rel=\"noreferrer noopener\"><strong><em>https:\/\/beta.aa-intergroup.org\/join-oiaa\/<\/em><\/strong><\/a><strong><em><\/em><\/strong><\/p>\n\n<p><strong><em>Atualize as informa\u00e7\u00f5es aqui Representa\u00e7\u00e3o Intergrupos aqui:<\/em><\/strong><br\/><a href=\"https:\/\/beta.aa-intergroup.org\/pt-pt\/o-nosso-grupo-tem-um-novo-representante\/\">https:\/\/beta.aa-intergroup.org\/group-rep-update-request\/<\/a><\/p>\n\n<p><strong><em>Envie as suas perguntas ao Secret\u00e1rio:<\/em><\/strong> <a href=\"mailto:registrar@aa-intergroup.org\"><strong><em>registrar@aa-intergroup.org<\/em><\/strong><\/a><\/p>\n\n<p><mark style=\"background-color:rgba(0, 0, 0, 0)\" class=\"has-inline-color has-vivid-red-color\">Interpreta\u00e7\u00e3o: Espanhol; Franc\u00eas; ASL<\/mark><\/p>\n\n<h4 class=\"wp-block-heading\">An\u00fancio da assembleia<\/h4>\n\n<ul class=\"wp-block-list\">\n<li><a href=\"https:\/\/beta.aa-intergroup.org\/updates\/assembly-announcement-21-september-2024\/\">An\u00fancio da assembleia<\/a>\n<ul class=\"wp-block-list\">\n<li>Para traduzir e\/ou imprimir para os vossos grupos.<\/li>\n<\/ul>\n<\/li>\n\n\n\n<li>Copie esta mensagem e o link para o chat da sua reuni\u00e3o online para anunciar a assembleia.\n<ul class=\"wp-block-list\">\n<li>Reuni\u00e3o da Assembleia do OIAA: 21 de setembro de 2024.<br\/><a href=\"https:\/\/beta.aa-intergroup.org\/pt-pt\/assembleia-do-oiaa-21-de-setembro-de-2024\/\">https:\/\/beta.aa-intergroup.org\/oiaa-assembly-21-september-2024\/<\/a><\/li>\n<\/ul>\n<\/li>\n<\/ul>\n\n<h4 class=\"wp-block-heading\" id=\"assembly-agenda\">Ordem de trabalhos da assembleia<\/h4>\n\n<ul class=\"wp-block-list\">\n<li><a href=\"https:\/\/beta.aa-intergroup.org\/documents\/oiaa-assembly-agenda-21-september-2024\/\">A agenda da assembleia de setembro de 2024 do OIAA<\/a>.<\/li>\n<\/ul>\n\n<h4 class=\"wp-block-heading\">Relat\u00f3rios<\/h4>\n\n<ul class=\"wp-block-list\">\n<li>As atas da Assembleia ser\u00e3o votadas, por favor, partilhe com os seus grupos.\n<ul class=\"wp-block-list\">\n<li><a href=\"https:\/\/beta.aa-intergroup.org\/board-updates\/minutes-sep-2024\/\">Minutas da Assembleia de junho<\/a><\/li>\n<\/ul>\n<\/li>\n\n\n\n<li><a href=\"https:\/\/beta.aa-intergroup.org\/documents\/chair-annual-report-to-assembly-sep-2024\/\" data-type=\"link\" data-id=\"https:\/\/beta.aa-intergroup.org\/documents\/chair-annual-report-to-assembly-sep-2024\/\">Relat\u00f3rio da assembleia do presidente do conselho<\/a><\/li>\n\n\n\n<li>Relat\u00f3rio do tesoureiro.\n<ul class=\"wp-block-list\">\n<li>Varia\u00e7\u00e3o or\u00e7amental.<\/li>\n\n\n\n<li>Contribui\u00e7\u00f5es do grupo.<\/li>\n\n\n\n<li>Balan\u00e7o.<\/li>\n<\/ul>\n<\/li>\n\n\n\n<li><a href=\"https:\/\/beta.aa-intergroup.org\/documents\/oiaa-unbudgeted-expense-request-form\/\" data-type=\"link\" data-id=\"https:\/\/beta.aa-intergroup.org\/documents\/oiaa-unbudgeted-expense-request-form\/\">Comit\u00e9 de unidade &#8211; pedido de fundos n\u00e3o or\u00e7amentados<\/a><\/li>\n<\/ul>\n\n<h4 class=\"wp-block-heading\">Documentos de diretrizes da assembleia<\/h4>\n\n<ul class=\"wp-block-list\">\n<li><a href=\"https:\/\/beta.aa-intergroup.org\/documents\/assembly-procedures\/\">Procedimentos da assembleia.<\/a><\/li>\n\n\n\n<li><a href=\"https:\/\/beta.aa-intergroup.org\/documents\/summary-of-motion-procedures-to-be-used-at-the-assembly\/\">Resumo das mo\u00e7\u00f5es<\/a>.<\/li>\n\n\n\n<li><a href=\"https:\/\/beta.aa-intergroup.org\/documents\/oiaa-bylaws\/\">Estatutos<\/a>.<\/li>\n<\/ul>\n","protected":false},"excerpt":{"rendered":"<p>S\u00e1bado, 21 de setembro de 20248:00 am HST | 11:00 am PT | 13:00 pm CT | 14:00 pm ET19:00 pm GMT | 20:00 pm CET Domingo, 22 de setembro, 20243:00 am AWST | 4:00 am JST6:00 am AEDT | 8:00 am NZDT ID da reuni\u00e3o Zoom: 839 1683 1125C\u00f3digo de acesso: OIAA JUNTE-SE AGORA<a class=\"excerpt-read-more\" href=\"https:\/\/beta.aa-intergroup.org\/pt-pt\/assembleia-do-oiaa-21-de-setembro-de-2024\/\" title=\"ReadAssembleia do OIAA, 21 de setembro de 2024\">&#8230; Read more &raquo;<\/a><\/p>\n","protected":false},"author":153,"featured_media":0,"parent":0,"menu_order":0,"comment_status":"closed","ping_status":"closed","template":"","meta":{"_acf_changed":false,"_eb_attr":"","footnotes":""},"class_list":["post-17200","page","type-page","status-publish","hentry"],"acf":[],"_links":{"self":[{"href":"https:\/\/beta.aa-intergroup.org\/pt-pt\/wp-json\/wp\/v2\/pages\/17200","targetHints":{"allow":["GET"]}}],"collection":[{"href":"https:\/\/beta.aa-intergroup.org\/pt-pt\/wp-json\/wp\/v2\/pages"}],"about":[{"href":"https:\/\/beta.aa-intergroup.org\/pt-pt\/wp-json\/wp\/v2\/types\/page"}],"author":[{"embeddable":true,"href":"https:\/\/beta.aa-intergroup.org\/pt-pt\/wp-json\/wp\/v2\/users\/153"}],"replies":[{"embeddable":true,"href":"https:\/\/beta.aa-intergroup.org\/pt-pt\/wp-json\/wp\/v2\/comments?post=17200"}],"version-history":[{"count":1,"href":"https:\/\/beta.aa-intergroup.org\/pt-pt\/wp-json\/wp\/v2\/pages\/17200\/revisions"}],"predecessor-version":[{"id":17201,"href":"https:\/\/beta.aa-intergroup.org\/pt-pt\/wp-json\/wp\/v2\/pages\/17200\/revisions\/17201"}],"wp:attachment":[{"href":"https:\/\/beta.aa-intergroup.org\/pt-pt\/wp-json\/wp\/v2\/media?parent=17200"}],"curies":[{"name":"wp","href":"https:\/\/api.w.org\/{rel}","templated":true}]}}