{"id":17210,"date":"2022-12-19T01:44:54","date_gmt":"2022-12-19T06:44:54","guid":{"rendered":"https:\/\/beta.aa-intergroup.org\/assembleia-da-oiaa-3-de-dezembro-de-2022\/"},"modified":"2025-10-28T07:22:46","modified_gmt":"2025-10-28T11:22:46","slug":"assembleia-da-oiaa-3-de-dezembro-de-2022","status":"publish","type":"page","link":"https:\/\/beta.aa-intergroup.org\/pt-pt\/assembleia-da-oiaa-3-de-dezembro-de-2022\/","title":{"rendered":"Assembleia da OIAA 3 de dezembro de 2022"},"content":{"rendered":"\n<h5 class=\"wp-block-heading\"><strong>P\u00e1gina de arquivo para a assembleia da OIAA de 3 de dezembro de 2022<\/strong><\/h5>\n\n<div style=\"height:40px\" aria-hidden=\"true\" class=\"wp-block-spacer\"><\/div>\n\n<h4 class=\"wp-block-heading\">An\u00fancio da assembleia<\/h4>\n\n<ul class=\"wp-block-list\">\n<li><a href=\"https:\/\/beta.aa-intergroup.org\/documents\/announcement\/\">An\u00fancio da assembleia<\/a><\/li>\n\n\n\n<li>Copie esta mensagem e liga\u00e7\u00e3o para o chat da sua reuni\u00e3o\n<ul class=\"wp-block-list\">\n<li>Reuni\u00e3o da Assembleia Geral &#8211; 3 de dezembro de 2022: https:\/\/beta.aa-intergroup.org\/general-assembly<\/li>\n<\/ul>\n<\/li>\n<\/ul>\n\n<h4 class=\"wp-block-heading\" id=\"assembly-agenda\">Ordem de trabalhos da assembleia<\/h4>\n\n<ul class=\"wp-block-list\">\n<li><a href=\"https:\/\/beta.aa-intergroup.org\/documents\/oiaa-general-annual-assembly-agenda-december-3-2022\/\">A agenda da assembleia de 3 de dezembro de 2022<\/a><\/li>\n\n\n\n<li><a href=\"https:\/\/beta.aa-intergroup.org\/documents\/a-note-from-the-chair\/\">Nota do presidente<\/a>\n<ul class=\"wp-block-list\">\n<li><a href=\"https:\/\/beta.aa-intergroup.org\/documents\/minutes-from-the-oiaa-september-10-2022-assembly\/\">A ata da Assembleia da OIAA de 10 de setembro de 2022<\/a> ser\u00e1 votada na assembleia. Por favor, leia e reveja antes da assembleia. <\/li>\n<\/ul>\n<\/li>\n<\/ul>\n\n<h4 class=\"wp-block-heading\">Elei\u00e7\u00e3o de dirigentes da OIAA<\/h4>\n\n<p>Encorajamos todos os que est\u00e3o qualificados a candidatar-se \u00e0 elei\u00e7\u00e3o. Os cargos de dirigentes a serem eleitos s\u00e3o: Presidente, Vice-Presidente, Secret\u00e1rio, Tesoureiro, Presidente de Finan\u00e7as e Presidente de Tecnologia.  <\/p>\n\n<p>Qualquer pessoa que tenha servido numa posi\u00e7\u00e3o de servi\u00e7o da OIAA \u00e9 eleg\u00edvel para servir como Dirigente do Intergrupo. Nenhuma pessoa pode ocupar mais do que um cargo no Intergrupo ao mesmo tempo, nem qualquer Dirigente pode servir simultaneamente como Suplente. Nenhum dirigente pode servir simultaneamente como IGR. Todos os Dirigentes devem ter pelo menos dezoito (18) anos de idade.   <\/p>\n\n<ul class=\"wp-block-list\">\n<li><a href=\"https:\/\/beta.aa-intergroup.org\/documents\/qualifications\/\">Descri\u00e7\u00f5es e qualifica\u00e7\u00f5es <\/a><\/li>\n\n\n\n<li><a href=\"https:\/\/beta.aa-intergroup.org\/documents\/resume-presentation-page\/\">Esquema para Apresenta\u00e7\u00e3o do Curr\u00edculo<\/a> Este formato n\u00e3o \u00e9 obrigat\u00f3rio; mas \u00e9 fornecido como uma ferramenta \u00fatil.<\/li>\n<\/ul>\n\n<h4 class=\"wp-block-heading\">Procedimento eleitoral<\/h4>\n\n<p>Os Membros Votantes eleger\u00e3o os dirigentes em elei\u00e7\u00e3o.<\/p>\n\n<ul class=\"wp-block-list\">\n<li><a href=\"https:\/\/beta.aa-intergroup.org\/documents\/third-legacy-pdfs\/\">O procedimento do terceiro legado<\/a><\/li>\n\n\n\n<li><a href=\"https:\/\/beta.aa-intergroup.org\/documents\/summary-of-motion-procedures-to-be-used-at-the-assembly\/\">Resumo das mo\u00e7\u00f5es<\/a><\/li>\n<\/ul>\n\n<h4 class=\"wp-block-heading\" id=\"budget\">Or\u00e7amento de 2023 <\/h4>\n\n<ul class=\"wp-block-list\">\n<li><a href=\"https:\/\/beta.aa-intergroup.org\/documents\/note-from-the-oiaa-treasurer-and-oiaa-finance-committee-chair\/\">Nota do Tesoureiro da OIAA e do presidente do comit\u00e9 de finan\u00e7as da OIAA<\/a><\/li>\n\n\n\n<li><a href=\"https:\/\/beta.aa-intergroup.org\/documents\/proposed-budget-and-operating-statement\/\">O Or\u00e7amento Operacional da OIAA para 2023<\/a> ser\u00e1 votado na assembleia. Por favor, leia e reveja antes da assembleia. <\/li>\n<\/ul>\n","protected":false},"excerpt":{"rendered":"<p>P\u00e1gina de arquivo para a assembleia da OIAA de 3 de dezembro de 2022 An\u00fancio da assembleia Ordem de trabalhos da assembleia Elei\u00e7\u00e3o de dirigentes da OIAA Encorajamos todos os que est\u00e3o qualificados a candidatar-se \u00e0 elei\u00e7\u00e3o. Os cargos de dirigentes a serem eleitos s\u00e3o: Presidente, Vice-Presidente, Secret\u00e1rio, Tesoureiro, Presidente de Finan\u00e7as e Presidente de<a class=\"excerpt-read-more\" href=\"https:\/\/beta.aa-intergroup.org\/pt-pt\/assembleia-da-oiaa-3-de-dezembro-de-2022\/\" title=\"ReadAssembleia da OIAA 3 de dezembro de 2022\">&#8230; Read more &raquo;<\/a><\/p>\n","protected":false},"author":12,"featured_media":0,"parent":0,"menu_order":0,"comment_status":"closed","ping_status":"closed","template":"","meta":{"_acf_changed":false,"_eb_attr":"","footnotes":""},"class_list":["post-17210","page","type-page","status-publish","hentry"],"acf":[],"_links":{"self":[{"href":"https:\/\/beta.aa-intergroup.org\/pt-pt\/wp-json\/wp\/v2\/pages\/17210","targetHints":{"allow":["GET"]}}],"collection":[{"href":"https:\/\/beta.aa-intergroup.org\/pt-pt\/wp-json\/wp\/v2\/pages"}],"about":[{"href":"https:\/\/beta.aa-intergroup.org\/pt-pt\/wp-json\/wp\/v2\/types\/page"}],"author":[{"embeddable":true,"href":"https:\/\/beta.aa-intergroup.org\/pt-pt\/wp-json\/wp\/v2\/users\/12"}],"replies":[{"embeddable":true,"href":"https:\/\/beta.aa-intergroup.org\/pt-pt\/wp-json\/wp\/v2\/comments?post=17210"}],"version-history":[{"count":1,"href":"https:\/\/beta.aa-intergroup.org\/pt-pt\/wp-json\/wp\/v2\/pages\/17210\/revisions"}],"predecessor-version":[{"id":17211,"href":"https:\/\/beta.aa-intergroup.org\/pt-pt\/wp-json\/wp\/v2\/pages\/17210\/revisions\/17211"}],"wp:attachment":[{"href":"https:\/\/beta.aa-intergroup.org\/pt-pt\/wp-json\/wp\/v2\/media?parent=17210"}],"curies":[{"name":"wp","href":"https:\/\/api.w.org\/{rel}","templated":true}]}}