{"id":17311,"date":"2023-01-13T14:27:43","date_gmt":"2023-01-13T19:27:43","guid":{"rendered":"https:\/\/beta.aa-intergroup.org\/recursos-de-seguranca\/"},"modified":"2025-10-28T07:27:53","modified_gmt":"2025-10-28T11:27:53","slug":"recursos-de-seguranca","status":"publish","type":"page","link":"https:\/\/beta.aa-intergroup.org\/pt-pt\/recursos-de-seguranca\/","title":{"rendered":"Recursos de seguran\u00e7a"},"content":{"rendered":"\n<div style=\"height:20px\" aria-hidden=\"true\" class=\"wp-block-spacer\"><\/div>\n\n<p>Se conhecer outros recursos, particularmente noutras l\u00ednguas, envie-nos um e-mail para<br\/><strong> oiaa.tech@aa-intergroup.org<\/strong><\/p>\n\n<div style=\"height:20px\" aria-hidden=\"true\" class=\"wp-block-spacer\"><\/div>\n\n<h4 class=\"wp-block-heading\"><a href=\"https:\/\/docs.google.com\/document\/d\/12AFTKiXTE2r0PZay047LwdKpRrykus8jEAKQ8DHlzrI\/edit\">O Guia de Seguran\u00e7a do Zoom<\/a> por Thom R.<\/h4>\n\n<p class=\"margin-left-small\">Recurso de seguran\u00e7a do Zoom regularmente atualizado.<\/p>\n\n<div style=\"height:20px\" aria-hidden=\"true\" class=\"wp-block-spacer\"><\/div>\n\n<h5 class=\"wp-block-heading\">Recursos publicados de A.A. dispon\u00edveis (a partir de 10.01.2023)<\/h5>\n\n<h5 class=\"wp-block-heading\"><a href=\"https:\/\/www.aa.org\/\" target=\"_blank\" rel=\"noreferrer noopener\">Escrit\u00f3rio de servi\u00e7os gerais<\/a> (e.s.g.) de alco\u00f3licos an\u00f3nimos<\/h5>\n\n<p class=\"margin-left-small\">Tem alguma quest\u00e3o sobre A.A. e seguran\u00e7a? <\/p>\n\n<h5 class=\"wp-block-heading\">Cart\u00e3o de seguran\u00e7a de A.A. para grupos<\/h5>\n\n<p><a rel=\"noreferrer noopener\" href=\"https:\/\/www.aa.org\/sites\/default\/files\/literature\/f-211_en_0422.pdf\" target=\"_blank\">(Ingl\u00eas)<\/a>  <a rel=\"noreferrer noopener\" href=\"https:\/\/www.aa.org\/sites\/default\/files\/literature\/f-211_sp_0422.pdf\" target=\"_blank\">(Espanhol)<\/a>  <a rel=\"noreferrer noopener\" href=\"https:\/\/www.aa.org\/sites\/default\/files\/literature\/f-211_sp_0422.pdf\" target=\"_blank\">(Franc\u00eas)<\/a><br\/>aa.org<\/p>\n\n<p class=\"margin-left-small\"><em>&#8220;O Escrit\u00f3rio de Servi\u00e7os Gerais disponibilizou este cart\u00e3o opcional como um elemento de servi\u00e7o de A.A. para grupos presenciais\/online que desejem utiliz\u00e1-lo. Sinta-se \u00e0 vontade para utilizar, escolher uma sec\u00e7\u00e3o ou adaptar o texto \u00e0s necessidades do seu grupo.&#8221;<\/em><\/p>\n\n<div style=\"height:20px\" aria-hidden=\"true\" class=\"wp-block-spacer\"><\/div>\n\n<h5 class=\"wp-block-heading\">Folheto informativo sobre seguran\u00e7a e A.A.<\/h5>\n\n<p><a rel=\"noreferrer noopener\" href=\"https:\/\/www.aa.org\/sites\/default\/files\/literature\/f-228_en_0422.pdf\" target=\"_blank\">(Ingl\u00eas)<\/a>  <a rel=\"noreferrer noopener\" href=\"https:\/\/www.aa.org\/sites\/default\/files\/literature\/sf-228_Safety_and_AA_Flyer.pdf\" target=\"_blank\">(Espanhol)<\/a><br\/>aa.org<\/p>\n\n<p class=\"margin-left-small\"><em>&#8220;A seguran\u00e7a \u00e9 um t\u00f3pico dentro de A.A. que os grupos e membros podem precisar de abordar para ajudar a garantir a capacidade de transmitir a mensagem ao alco\u00f3lico que ainda sofre. As nossas Doze Tradi\u00e7\u00f5es fornecem um conjunto de princ\u00edpios para nos orientar, e a experi\u00eancia partilhada adicional relacionada especificamente com a seguran\u00e7a fornecida nesta pe\u00e7a de servi\u00e7o pode ser \u00fatil se surgirem desafios em ambientes presenciais ou virtuais.&#8221;<\/em><\/p>\n\n<div style=\"height:20px\" aria-hidden=\"true\" class=\"wp-block-spacer\"><\/div>\n\n<h5 class=\"wp-block-heading\">Seguran\u00e7a e A.A.: o nosso bem-estar comum<\/h5>\n\n<p><a rel=\"noreferrer noopener\" href=\"https:\/\/www.aa.org\/sites\/default\/files\/literature\/smf-209_en_0422_0.pdf\" target=\"_blank\">(Ingl\u00eas)<\/a>  <a rel=\"noreferrer noopener\" href=\"https:\/\/www.aa.org\/sites\/default\/files\/literature\/smf-209_sp.pdf\" target=\"_blank\">(Espanhol)<\/a>  <a rel=\"noreferrer noopener\" href=\"https:\/\/www.aa.org\/sites\/default\/files\/literature\/smf-209_fr_0422_0.pdf\" target=\"_blank\">(Franc\u00eas)<\/a><br\/>aa.org<\/p>\n\n<p class=\"margin-left-small\"><em>&#8220;A seguran\u00e7a \u00e9 uma quest\u00e3o importante dentro de A.A. \u2014 uma que todos os grupos e membros podem abordar para desenvolver solu\u00e7\u00f5es vi\u00e1veis para ajudar a manter as nossas reuni\u00f5es seguras com base nos princ\u00edpios fundamentais da Irmandade.&#8221;<\/em><\/p>\n\n<div style=\"height:20px\" aria-hidden=\"true\" class=\"wp-block-spacer\"><\/div>\n\n<h5 class=\"wp-block-heading\">Compreender o anonimato<\/h5>\n\n<p><a rel=\"noreferrer noopener\" href=\"https:\/\/www.aa.org\/sites\/default\/files\/literature\/assets\/p-47_understandinganonymity.pdf\" target=\"_blank\">(Ingl\u00eas)<\/a>  <a rel=\"noreferrer noopener\" href=\"https:\/\/www.aa.org\/sites\/default\/files\/literature\/assets\/sp-47_understandinganonymity.pdf\" target=\"_blank\">(Espanhol)<\/a>  <a rel=\"noreferrer noopener\" href=\"https:\/\/www.aa.org\/sites\/default\/files\/literature\/p-47_fr_0222.pdf\" target=\"_blank\">(Franc\u00eas)<\/a><br\/>aa.org<\/p>\n\n<p class=\"margin-left-small\"><em>&#8220;O anonimato \u00e9 o fundamento espiritual de todas as nossas tradi\u00e7\u00f5es, lembrando-nos sempre de colocar os princ\u00edpios acima das personalidades.&#8221;<\/em><\/p>\n\n<div style=\"height:20px\" aria-hidden=\"true\" class=\"wp-block-spacer\"><\/div>\n\n<h5 class=\"wp-block-heading\">Anonimato online e meios digitais<\/h5>\n\n<p><a rel=\"noreferrer noopener\" href=\"https:\/\/www.aa.org\/sites\/default\/files\/literature\/assets\/smf-197_en.pdf\" target=\"_blank\">(Ingl\u00eas)<\/a>  <a rel=\"noreferrer noopener\" href=\"https:\/\/www.aa.org\/sites\/default\/files\/literature\/assets\/smf-197_sp.pdf\" target=\"_blank\">(Espanhol)<\/a>  <a rel=\"noreferrer noopener\" href=\"https:\/\/www.aa.org\/sites\/default\/files\/literature\/assets\/smf-197_fr.pdf\" target=\"_blank\">(Franc\u00eas)<\/a><br\/><em>aa.org<\/em><\/p>\n\n<p class=\"margin-left-small\">&#8220;<em>Recursos e experi\u00eancia partilhada sobre anonimato online e em meios digitais.<\/em>&#8220;<\/p>\n\n<div style=\"height:20px\" aria-hidden=\"true\" class=\"wp-block-spacer\"><\/div>\n\n<h5 class=\"wp-block-heading\">Cart\u00e3o de anonimato<\/h5>\n\n<p><a rel=\"noreferrer noopener\" href=\"https:\/\/www.aa.org\/sites\/default\/files\/literature\/f-20_anonymitycard.pdf\" target=\"_blank\">(Ingl\u00eas)<\/a>  <a rel=\"noreferrer noopener\" href=\"https:\/\/www.aa.org\/sites\/default\/files\/literature\/sf-20_anonymitycard.pdf\" target=\"_blank\">(Espanhol)<\/a>  <a rel=\"noreferrer noopener\" href=\"https:\/\/www.aa.org\/sites\/default\/files\/literature\/ff-20_anonymitycard-2.pdf\" target=\"_blank\">(Franc\u00eas)<\/a><br\/><em>aa.org<\/em><\/p>\n\n<p class=\"margin-left-small\"><em>&#8220;An\u00fancio para leitura em reuni\u00f5es abertas ao p\u00fablico&#8221;<\/em><\/p>\n\n<p>  <\/p>\n\n<div style=\"height:20px\" aria-hidden=\"true\" class=\"wp-block-spacer\"><\/div>\n\n<div style=\"height:20px\" aria-hidden=\"true\" class=\"wp-block-spacer\"><\/div>\n\n<h4 class=\"wp-block-heading\">Outros folhetos sobre seguran\u00e7a em A.A.<\/h4>\n\n<h5 class=\"wp-block-heading\">Problemas al\u00e9m do \u00e1lcool <\/h5>\n\n<p><a rel=\"noreferrer noopener\" href=\"https:\/\/www.aa.org\/sites\/default\/files\/literature\/assets\/P-35_Problems_Other_than_Alcohol.pdf\" target=\"_blank\">(Ingl\u00eas)<\/a>  <a rel=\"noreferrer noopener\" href=\"https:\/\/www.aa.org\/sites\/default\/files\/literature\/p-35_sp_0222.pdf\" target=\"_blank\">(Espanhol)<\/a>  <a rel=\"noreferrer noopener\" href=\"https:\/\/www.aa.org\/sites\/default\/files\/literature\/assets\/fp-35_ProOtherThanAlcohol.pdf\" target=\"_blank\">(Franc\u00eas)<\/a><br\/><em>aa.org<\/em><\/p>\n\n<div style=\"height:20px\" aria-hidden=\"true\" class=\"wp-block-spacer\"><\/div>\n\n<h5 class=\"wp-block-heading\">O Membro de A.A. &#8211; Medicamentos e Outras Drogas<\/h5>\n\n<p><a rel=\"noreferrer noopener\" href=\"https:\/\/www.aa.org\/sites\/default\/files\/literature\/assets\/p-11_aamembersMedDrug.pdf\" target=\"_blank\">(Ingl\u00eas)<\/a>  <a rel=\"noreferrer noopener\" href=\"https:\/\/www.aa.org\/sites\/default\/files\/literature\/assets\/sp-11_aamembersMedDrug.pdf\" target=\"_blank\">(Espanhol)<\/a>  <a rel=\"noreferrer noopener\" href=\"https:\/\/www.aa.org\/sites\/default\/files\/literature\/p-11_fr_0522.pdf\" target=\"_blank\">(Franc\u00eas)<\/a><br\/><em>aa.org<\/em><\/p>\n\n<div style=\"height:20px\" aria-hidden=\"true\" class=\"wp-block-spacer\"><\/div>\n\n<h5 class=\"wp-block-heading\">Perguntas e respostas sobre apadrinhamento<\/h5>\n\n<p><a rel=\"noreferrer noopener\" href=\"https:\/\/www.aa.org\/sites\/default\/files\/literature\/p-15_en_0722.pdf\" target=\"_blank\">(Ingl\u00eas)<\/a>  <a rel=\"noreferrer noopener\" href=\"https:\/\/www.aa.org\/sites\/default\/files\/literature\/assets\/sp-15_Q%26AonSpon.pdf\" target=\"_blank\">(Espanhol)<\/a>  <a rel=\"noreferrer noopener\" href=\"https:\/\/www.aa.org\/sites\/default\/files\/literature\/p-15_fr_0722.pdf\" target=\"_blank\">(Franc\u00eas)<\/a><br\/><em>aa.org<\/em><\/p>\n\n<div style=\"height:20px\" aria-hidden=\"true\" class=\"wp-block-spacer\"><\/div>\n\n<div style=\"height:20px\" aria-hidden=\"true\" class=\"wp-block-spacer\"><\/div>\n\n<h4 class=\"wp-block-heading\">Gr\u00e3-Bretanha e Europa Continental de l\u00edngua inglesa <\/h4>\n\n<p><a rel=\"noreferrer noopener\" href=\"https:\/\/www.alcoholics-anonymous.org.uk\" target=\"_blank\">Alco\u00f3licos An\u00f3nimos &#8211; Gr\u00e3-Bretanha e Europa Continental de l\u00edngua inglesa <\/a><\/p>\n\n<h5 class=\"wp-block-heading\"><a rel=\"noreferrer noopener\" href=\"https:\/\/www.alcoholics-anonymous.org.uk\/download\/1\/Library\/Documents\/Safeguarding\/Safeguarding%20(GSB).pdf\" target=\"_blank\">Pol\u00edtica de salvaguarda da irmandade de A.A.<\/a> Reino Unido<\/h5>\n\n<h5 class=\"wp-block-heading\"><a rel=\"noreferrer noopener\" href=\"https:\/\/docs.google.com\/document\/d\/1Y8Pf_POhU-Qx-xv4RkoHY1Eog0dHRjbL\/edit?usp=sharing&amp;ouid=114988520185251640249&amp;rtpof=true&amp;sd=true\" target=\"_blank\">Salvaguarda e conduta pessoal<\/a> Reino Unido<\/h5>\n\n<h5 class=\"wp-block-heading\"><a rel=\"noreferrer noopener\" href=\"https:\/\/www.alcoholics-anonymous.org.uk\/download\/1\/Library\/Documents\/Safeguarding\/310522-Whistleblowing-Policy-GSB-AA-GB.pdf\" target=\"_blank\">Pol\u00edtica de den\u00fancia GSB AA GB<\/a> Reino Unido<\/h5>\n\n<h5 class=\"wp-block-heading\"><a href=\"https:\/\/www.alcoholics-anonymous.org.uk\/download\/1\/Library\/Documents\/Safeguarding\/310522-Complaints-Policy-GSB-AA-GB.pdf\" target=\"_blank\" rel=\"noreferrer noopener\">Pol\u00edtica de reclama\u00e7\u00f5es GSB AA GB<\/a> Reino Unido<\/h5>\n\n<p><\/p>\n\n<div style=\"height:20px\" aria-hidden=\"true\" class=\"wp-block-spacer\"><\/div>\n","protected":false},"excerpt":{"rendered":"<p>Se conhecer outros recursos, particularmente noutras l\u00ednguas, envie-nos um e-mail para oiaa.tech@aa-intergroup.org O Guia de Seguran\u00e7a do Zoom por Thom R. Recurso de seguran\u00e7a do Zoom regularmente atualizado. Recursos publicados de A.A. dispon\u00edveis (a partir de 10.01.2023) Escrit\u00f3rio de servi\u00e7os gerais (e.s.g.) de alco\u00f3licos an\u00f3nimos Tem alguma quest\u00e3o sobre A.A. e seguran\u00e7a? Cart\u00e3o de seguran\u00e7a<a class=\"excerpt-read-more\" href=\"https:\/\/beta.aa-intergroup.org\/pt-pt\/recursos-de-seguranca\/\" title=\"ReadRecursos de seguran\u00e7a\">&#8230; Read more &raquo;<\/a><\/p>\n","protected":false},"author":12,"featured_media":0,"parent":0,"menu_order":0,"comment_status":"closed","ping_status":"closed","template":"","meta":{"_acf_changed":false,"_eb_attr":"","footnotes":""},"class_list":["post-17311","page","type-page","status-publish","hentry"],"acf":[],"_links":{"self":[{"href":"https:\/\/beta.aa-intergroup.org\/pt-pt\/wp-json\/wp\/v2\/pages\/17311","targetHints":{"allow":["GET"]}}],"collection":[{"href":"https:\/\/beta.aa-intergroup.org\/pt-pt\/wp-json\/wp\/v2\/pages"}],"about":[{"href":"https:\/\/beta.aa-intergroup.org\/pt-pt\/wp-json\/wp\/v2\/types\/page"}],"author":[{"embeddable":true,"href":"https:\/\/beta.aa-intergroup.org\/pt-pt\/wp-json\/wp\/v2\/users\/12"}],"replies":[{"embeddable":true,"href":"https:\/\/beta.aa-intergroup.org\/pt-pt\/wp-json\/wp\/v2\/comments?post=17311"}],"version-history":[{"count":1,"href":"https:\/\/beta.aa-intergroup.org\/pt-pt\/wp-json\/wp\/v2\/pages\/17311\/revisions"}],"predecessor-version":[{"id":17312,"href":"https:\/\/beta.aa-intergroup.org\/pt-pt\/wp-json\/wp\/v2\/pages\/17311\/revisions\/17312"}],"wp:attachment":[{"href":"https:\/\/beta.aa-intergroup.org\/pt-pt\/wp-json\/wp\/v2\/media?parent=17311"}],"curies":[{"name":"wp","href":"https:\/\/api.w.org\/{rel}","templated":true}]}}