{"id":17369,"date":"2024-06-01T00:01:00","date_gmt":"2024-06-01T04:01:00","guid":{"rendered":"https:\/\/beta.aa-intergroup.org\/1-a-convencao-internacional-online-da-oiaa\/"},"modified":"2025-10-28T07:39:09","modified_gmt":"2025-10-28T11:39:09","slug":"1-a-convencao-internacional-online-da-oiaa","status":"publish","type":"page","link":"https:\/\/beta.aa-intergroup.org\/pt-pt\/1-a-convencao-internacional-online-da-oiaa\/","title":{"rendered":"1.\u00aa conven\u00e7\u00e3o internacional online da OIAA"},"content":{"rendered":"\n<div class=\"wp-block-cover\"><img loading=\"lazy\" decoding=\"async\" width=\"1018\" height=\"1012\" class=\"wp-block-cover__image-background wp-image-9317\" alt=\"\" src=\"https:\/\/beta.aa-intergroup.org\/wp-content\/uploads\/2024\/03\/OIAA-View-from-space-Square.png\" data-object-fit=\"cover\" srcset=\"https:\/\/beta.aa-intergroup.org\/wp-content\/uploads\/2024\/03\/OIAA-View-from-space-Square.png 1018w, https:\/\/beta.aa-intergroup.org\/wp-content\/uploads\/2024\/03\/OIAA-View-from-space-Square-300x298.png 300w, https:\/\/beta.aa-intergroup.org\/wp-content\/uploads\/2024\/03\/OIAA-View-from-space-Square-150x150.png 150w, https:\/\/beta.aa-intergroup.org\/wp-content\/uploads\/2024\/03\/OIAA-View-from-space-Square-768x763.png 768w, https:\/\/beta.aa-intergroup.org\/wp-content\/uploads\/2024\/03\/OIAA-View-from-space-Square-125x125.png 125w\" sizes=\"auto, (max-width: 1018px) 100vw, 1018px\" \/><span aria-hidden=\"true\" class=\"wp-block-cover__background has-background-dim\"><\/span><div class=\"wp-block-cover__inner-container is-layout-constrained wp-block-cover-is-layout-constrained\">\n<div style=\"height:50px\" aria-hidden=\"true\" class=\"wp-block-spacer\"><\/div>\n\n\n\n<p><\/p>\n\n\n\n<h3 class=\"wp-block-heading has-text-align-center has-white-color has-text-color has-link-color has-medium-font-size wp-elements-9e1be55b128c9003b9e299773eebbe1e\">Obrigado pela sua participa\u00e7\u00e3o na nossa  <\/h3>\n\n\n\n<div style=\"height:12px\" aria-hidden=\"true\" class=\"wp-block-spacer\"><\/div>\n\n\n\n<p class=\"has-text-align-center has-white-color has-text-color has-link-color has-x-large-font-size wp-elements-74cb535d2a0850b9c4c16efa9c431f6b\"><strong>1.\u00aa conven\u00e7\u00e3o internacional da OIAA<\/strong><br\/>25 a 27 de outubro de 2024<\/p>\n\n\n\n<div class=\"wp-block-essential-blocks-button root-eb-button-him5r\"><div class=\"eb-parent-wrapper eb-parent-eb-button-him5r \"><div class=\"eb-button-wrapper eb-button-alignment eb-button-him5r\"><div class=\"eb-button\"><div class=\"eb-button-inner-wrapper \"><a class=\"eb-button-anchor hvr-grow \" href=\"https:\/\/beta.aa-intergroup.org\/pt-pt\/memorias-da-1-a-convencao-internacional-da-oiaa\/\" rel=\"noopener\">Mem\u00f3rias da conven\u00e7\u00e3o<\/a><\/div><\/div><\/div><\/div><\/div>\n\n\n\n<div style=\"height:50px\" aria-hidden=\"true\" class=\"wp-block-spacer\"><\/div>\n\n\n\n<h4 class=\"wp-block-heading has-text-align-center\">Muito obrigado por se juntar a n\u00f3s na nossa viagem virtual \u00e0 volta do mundo, celebrando<br\/>os Alco\u00f3licos An\u00f3nimos e a linguagem universal do cora\u00e7\u00e3o.<\/h4>\n\n\n\n<h5 class=\"wp-block-heading has-text-align-center has-white-color has-text-color has-link-color wp-elements-06f2ce3c47d3998582585fc867c810b6\"><strong>Um evento global de tr\u00eas dias<\/strong> <strong>com cada dia a destacar uma zona global diferente<\/strong> <\/h5>\n\n\n\n<h5 class=\"wp-block-heading has-text-align-center has-white-color has-text-color has-link-color wp-elements-390c3c2b23f0860b4b5297a3438ed693\"><strong>Dia 1 \u2013 \u00c1sia, Oce\u00e2nia<br\/><\/strong><strong>Dia 2 \u2013 Am\u00e9rica do Norte e do Sul<br\/><\/strong><strong>Dia 3 \u2013 Europa, \u00c1frica, \u00c1sia<\/strong><\/h5>\n\n\n\n<div style=\"height:38px\" aria-hidden=\"true\" class=\"wp-block-spacer\"><\/div>\n\n\n\n<h5 class=\"wp-block-heading has-text-align-center has-white-color has-text-color has-link-color wp-elements-dca750e96a5d9ac2530482648219523a\"><strong>mais de 50 grupos de 18 pa\u00edses \u00fanicos a servir como anfitri\u00f5es de reuni\u00f5es<\/strong><\/h5>\n\n\n\n<h5 class=\"wp-block-heading has-text-align-center has-white-color has-text-color has-link-color wp-elements-522fc80221f9d920a37472fdba428686\"><strong>4 salas de confer\u00eancia virtuais <\/strong><\/h5>\n\n\n\n<h5 class=\"wp-block-heading has-text-align-center has-white-color has-text-color has-link-color wp-elements-457c1e837893814dc847dbbf34ab8d2f\"><strong>mais de 70 reuni\u00f5es internacionais de AA para participar\u2026<\/strong><\/h5>\n\n\n\n<h5 class=\"wp-block-heading has-text-align-center has-white-color has-text-color has-link-color wp-elements-83f18422eca3c1a578f1ee217821cd63\"><strong>tudo a partir do interior do Centro de conven\u00e7\u00f5es virtual da OIAA<\/strong><\/h5>\n\n\n\n<p class=\"has-text-align-center\">convention2024@aa-intergroup.org<\/p>\n<\/div><\/div>\n\n<div style=\"height:20px\" aria-hidden=\"true\" class=\"wp-block-spacer\"><\/div>\n\n<div style=\"height:16px\" aria-hidden=\"true\" class=\"wp-block-spacer\"><\/div>\n\n<h3 class=\"wp-block-heading has-text-align-center\"><a href=\"https:\/\/beta.aa-intergroup.org\/documents\/oiaa-convention-faq\/\" data-type=\"link\" data-id=\"https:\/\/beta.aa-intergroup.org\/documents\/oiaa-convention-faq\/\"><strong>Perguntas frequentes sobre a conven\u00e7\u00e3o<\/strong><\/a><\/h3>\n\n<div style=\"height:26px\" aria-hidden=\"true\" class=\"wp-block-spacer\"><\/div>\n\n<h3 class=\"wp-block-heading has-text-align-center\"><strong><a href=\"https:\/\/beta.aa-intergroup.org\/documents\/zoom-how-to-information\/\" data-type=\"link\" data-id=\"https:\/\/beta.aa-intergroup.org\/documents\/zoom-how-to-information\/\">Instru\u00e7\u00f5es de &#8220;Como fazer&#8221; para o Zoom<\/a><\/strong><\/h3>\n\n<div style=\"height:26px\" aria-hidden=\"true\" class=\"wp-block-spacer\"><\/div>\n\n<div class=\"wp-block-cover is-light has-parallax\"><div class=\"wp-block-cover__image-background wp-image-9316 has-parallax\" style=\"background-position:50% 50%;background-image:url(https:\/\/beta.aa-intergroup.org\/wp-content\/uploads\/2024\/03\/OIAA-AIRPLANE-RECTANGLE.png)\"><\/div><span aria-hidden=\"true\" class=\"wp-block-cover__background has-white-background-color has-background-dim-80 has-background-dim\"><\/span><div class=\"wp-block-cover__inner-container is-layout-constrained wp-block-cover-is-layout-constrained\">\n<h2 class=\"wp-block-heading\">1.\u00aa Conven\u00e7\u00e3o Internacional da OIAA<br\/>25 a 27 de outubro de 2024<\/h2>\n\n\n\n<h3 class=\"wp-block-heading\"><strong>Dia 1 \u2013 \u00c1sia, Oce\u00e2nia <\/strong><\/h3>\n\n\n\n<p><strong>Hora de in\u00edcio local para a zona global UTC:<\/strong><br\/><strong>S\u00c1BADO, 26 de outubro, 9:00 &#8211; 16:00 Auckland, Nova Zel\u00e2ndia &#8211; NZDT<\/strong><br\/><strong><mark style=\"background-color:rgba(0, 0, 0, 0)\" class=\"has-inline-color has-vivid-red-color\">(*SEXTA-FEIRA, 25 de outubro, 16:00 &#8211; 23:00 Nova Iorque EDT)<\/mark><\/strong><\/p>\n\n\n\n<p><strong><u>Destinos:<\/u> Nova Zel\u00e2ndia, Austr\u00e1lia, Col\u00f4mbia, S\u00e9rvia, EUA, Alemanha, Argentina<\/strong><\/p>\n\n\n\n<div class=\"wp-block-buttons is-layout-flex wp-block-buttons-is-layout-flex\">\n<div class=\"wp-block-button has-custom-width wp-block-button__width-25\"><a class=\"wp-block-button__link has-background has-small-font-size has-custom-font-size wp-element-button\" href=\"https:\/\/beta.aa-intergroup.org\/documents\/2024-oiaa-program-day-1-yellow-room\/\" style=\"background-color:#6ec1e4\">Ver a agenda do Dia 1<br\/>amarelo<\/a><\/div>\n\n\n\n<div class=\"wp-block-button has-custom-width wp-block-button__width-25\"><a class=\"wp-block-button__link has-background has-small-font-size has-custom-font-size wp-element-button\" href=\"https:\/\/beta.aa-intergroup.org\/documents\/2024-oiaa-program-day-1-orange-blue-green-rooms\/\" style=\"background-color:#6ec1e4\">Ver a agenda do Dia 1<br\/>Laranja, Azul, Verde<\/a><\/div>\n<\/div>\n\n\n\n<p><\/p>\n\n\n\n<div style=\"height:36px\" aria-hidden=\"true\" class=\"wp-block-spacer\"><\/div>\n\n\n\n<h3 class=\"wp-block-heading\"><strong>Dia 2 \u2013 Am\u00e9rica do Norte e do Sul<\/strong><\/h3>\n\n\n\n<p><strong>Hora de in\u00edcio local para a zona global UTC:<\/strong><br\/><strong>S\u00c1BADO, 26 de outubro, 10:00 &#8211; 17:00 Chicago, EUA &#8211; CDT<\/strong><br\/><strong><mark style=\"background-color:rgba(0, 0, 0, 0)\" class=\"has-inline-color has-vivid-red-color\">(*S\u00c1BADO, 26 de outubro, 11:00 &#8211; 18:00 Nova Iorque EDT)<\/mark><\/strong><\/p>\n\n\n\n<p><strong>Destinos: Brasil, Canad\u00e1, Quebeque, Ir\u00e3o, M\u00e9xico, EUA<\/strong><\/p>\n\n\n\n<div class=\"wp-block-buttons is-layout-flex wp-block-buttons-is-layout-flex\">\n<div class=\"wp-block-button has-custom-width wp-block-button__width-25\"><a class=\"wp-block-button__link has-background has-small-font-size has-custom-font-size wp-element-button\" href=\"https:\/\/beta.aa-intergroup.org\/documents\/2024-oiaa-program-day-2\/\" style=\"background-color:#6ec1e4\">Ver a agenda do Dia 2<\/a><\/div>\n<\/div>\n\n\n\n<p><\/p>\n\n\n\n<div style=\"height:36px\" aria-hidden=\"true\" class=\"wp-block-spacer\"><\/div>\n\n\n\n<h3 class=\"wp-block-heading\"><strong>Dia 3 \u2013 Europa, \u00c1frica, \u00c1sia<\/strong><\/h3>\n\n\n\n<p><strong>Hora de in\u00edcio local para a zona global UTC:<\/strong><br\/><strong>DOMINGO, 27 de outubro, 11:00 &#8211; 18:00 Moscovo, R\u00fassia &#8211; MSK<\/strong><br\/><strong><mark style=\"background-color:rgba(0, 0, 0, 0)\" class=\"has-inline-color has-vivid-red-color\">(*DOMINGO, 27 de outubro, 4:00 &#8211; 11:00 Nova Iorque EDT)<\/mark><\/strong><\/p>\n\n\n\n<p><strong>Destinos: Espanha, China, Inglaterra, Esc\u00f3cia, Canad\u00e1, \u00cdndia, EUA, Nig\u00e9ria, Fran\u00e7a, Quebeque,<br\/>EUA, Qu\u00e9nia, Brasil, Portugal, Ilhas Virgens<\/strong><\/p>\n\n\n\n<div class=\"wp-block-buttons is-layout-flex wp-block-buttons-is-layout-flex\">\n<div class=\"wp-block-button has-custom-width wp-block-button__width-25\"><a class=\"wp-block-button__link has-background has-small-font-size has-custom-font-size wp-element-button\" href=\"https:\/\/beta.aa-intergroup.org\/documents\/2024-oiaa-program-day-3\/\" style=\"background-color:#6ec1e4\">Ver a agenda do Dia 3<\/a><\/div>\n<\/div>\n\n\n\n<p><\/p>\n\n\n\n<div style=\"height:36px\" aria-hidden=\"true\" class=\"wp-block-spacer\"><\/div>\n<\/div><\/div>\n\n<div style=\"height:622px\" aria-hidden=\"true\" class=\"wp-block-spacer\"><\/div>\n\n<h2 class=\"wp-block-heading\">Not\u00edcias e atualiza\u00e7\u00f5es da conven\u00e7\u00e3o<\/h2>\n            <div class=\"news-title\">\n                <a href=\"https:\/\/beta.aa-intergroup.org\/pt-pt\/updates\/prepare-se-lista-de-verificacao-de-tecnologia-cha\/\">Get Ready: Tech + Tea Checklist<\/a>\n            <\/div>\n            <div class=\"news-body\">\n                \ud83d\udcbb Prepare-se: Lista de Verifica\u00e7\u00e3o de Tecnologia + Ch\u00e1 - Conven\u00e7\u00e3o Internacional Online OIAA2025, 14-16 de novembro de 2025 \ud83d\uddd3\ufe0fFaltam menos de duas semanas! Vamos garantir que a sua configura\u00e7\u00e3o est\u00e1 t\u00e3o pronta quanto o seu esp\u00edrito. \u2714\ufe0fTeste a sua internet \u2714\ufe0fMarque o link do&hellip;                    <a href=\"https:\/\/beta.aa-intergroup.org\/pt-pt\/updates\/prepare-se-lista-de-verificacao-de-tecnologia-cha\/\">... Read More<\/a>\n                    <hr \/>\n                                <\/div>\n                        <div class=\"news-title\">\n                <a href=\"https:\/\/beta.aa-intergroup.org\/pt-pt\/updates\/convencao-internacional-oiaa2025-a-nossa-nova-e-melhorada-sala-de-convivio\/\">Conven\u00e7\u00e3o internacional OIAA2025 &#8211; a nossa nova e melhorada sala de conv\u00edvio<\/a>\n            <\/div>\n            <div class=\"news-body\">\n                Com menos de oito semanas pela frente, n\u00e3o pod\u00edamos esperar para partilhar algumas not\u00edcias empolgantes consigo \u2014 este ano, a nossa Sala de Conv\u00edvio estar\u00e1 aberta durante toda a conven\u00e7\u00e3o. Junte-se a n\u00f3s para divers\u00e3o e jogos, m\u00fasica, v\u00eddeos ou simplesmente para companheirismo. \u00c9 o&hellip;                    <a href=\"https:\/\/beta.aa-intergroup.org\/pt-pt\/updates\/convencao-internacional-oiaa2025-a-nossa-nova-e-melhorada-sala-de-convivio\/\">... Read More<\/a>\n                    <hr \/>\n                                <\/div>\n                        <div class=\"news-title\">\n                <a href=\"https:\/\/beta.aa-intergroup.org\/pt-pt\/updates\/oiaa2025-ja-quase-1000-inscricoes\/\">OIAA2025 &#8211; j\u00e1 quase 1000 inscri\u00e7\u00f5es!<\/a>\n            <\/div>\n            <div class=\"news-body\">\n                Quase 1000 membros de A.A. j\u00e1 se inscreveram para a nossa 2.\u00aa Conven\u00e7\u00e3o Online OIAA2025 da China, Jap\u00e3o, Quebeque, EUA, Canad\u00e1, Fran\u00e7a, B\u00e9lgica, Portugal, Espanha, It\u00e1lia, \u00c1frica do Sul, Kuwait, Marrocos, Noruega, Isl\u00e2ndia, Austr\u00e1lia, Nova Zel\u00e2ndia, Qu\u00e9nia, Irlanda, Esc\u00f3cia, Reino Unido, It\u00e1lia, Ir\u00e3o, Turquia, Pol\u00f3nia,&hellip;                    <a href=\"https:\/\/beta.aa-intergroup.org\/pt-pt\/updates\/oiaa2025-ja-quase-1000-inscricoes\/\">... Read More<\/a>\n                    <hr \/>\n                                <\/div>\n            \n","protected":false},"excerpt":{"rendered":"<p>Perguntas frequentes sobre a conven\u00e7\u00e3o Instru\u00e7\u00f5es de &#8220;Como fazer&#8221; para o Zoom Not\u00edcias e atualiza\u00e7\u00f5es da conven\u00e7\u00e3o<\/p>\n","protected":false},"author":153,"featured_media":0,"parent":0,"menu_order":0,"comment_status":"closed","ping_status":"closed","template":"","meta":{"_acf_changed":false,"_eb_attr":"","footnotes":""},"class_list":["post-17369","page","type-page","status-publish","hentry"],"acf":[],"_links":{"self":[{"href":"https:\/\/beta.aa-intergroup.org\/pt-pt\/wp-json\/wp\/v2\/pages\/17369","targetHints":{"allow":["GET"]}}],"collection":[{"href":"https:\/\/beta.aa-intergroup.org\/pt-pt\/wp-json\/wp\/v2\/pages"}],"about":[{"href":"https:\/\/beta.aa-intergroup.org\/pt-pt\/wp-json\/wp\/v2\/types\/page"}],"author":[{"embeddable":true,"href":"https:\/\/beta.aa-intergroup.org\/pt-pt\/wp-json\/wp\/v2\/users\/153"}],"replies":[{"embeddable":true,"href":"https:\/\/beta.aa-intergroup.org\/pt-pt\/wp-json\/wp\/v2\/comments?post=17369"}],"version-history":[{"count":1,"href":"https:\/\/beta.aa-intergroup.org\/pt-pt\/wp-json\/wp\/v2\/pages\/17369\/revisions"}],"predecessor-version":[{"id":17372,"href":"https:\/\/beta.aa-intergroup.org\/pt-pt\/wp-json\/wp\/v2\/pages\/17369\/revisions\/17372"}],"wp:attachment":[{"href":"https:\/\/beta.aa-intergroup.org\/pt-pt\/wp-json\/wp\/v2\/media?parent=17369"}],"curies":[{"name":"wp","href":"https:\/\/api.w.org\/{rel}","templated":true}]}}