{"id":17474,"date":"2020-03-16T16:05:25","date_gmt":"2020-03-16T20:05:25","guid":{"rendered":"https:\/\/beta.aa-intergroup.org\/sobre-aa\/"},"modified":"2025-10-28T07:39:34","modified_gmt":"2025-10-28T11:39:34","slug":"sobre-aa","status":"publish","type":"page","link":"https:\/\/beta.aa-intergroup.org\/pt-pt\/sobre-aa\/","title":{"rendered":"Sobre AA"},"content":{"rendered":"\n<p>Alco\u00f3licos An\u00f3nimos \u00e9 uma irmandade de pessoas que partilham entre si a sua experi\u00eancia, for\u00e7a e esperan\u00e7a, para poderem resolver o seu problema comum e ajudar outros a recuperar do alcoolismo.<br\/><br\/>O \u00fanico requisito para ser membro de AA \u00e9 o desejo de parar de beber. N\u00e3o h\u00e1 quotas nem taxas para ser membro de AA; somos autossuficientes atrav\u00e9s das nossas pr\u00f3prias contribui\u00e7\u00f5es. <br\/><br\/>AA n\u00e3o est\u00e1 aliada a nenhuma seita, denomina\u00e7\u00e3o, pol\u00edtica, organiza\u00e7\u00e3o ou institui\u00e7\u00e3o; n\u00e3o deseja envolver-se em nenhuma controv\u00e9rsia; nem endossa nem se op\u00f5e a nenhuma causa.<br\/><br\/>O nosso principal objetivo \u00e9 mantermo-nos s\u00f3brios e ajudar outros alco\u00f3licos a alcan\u00e7ar a sobriedade.<br\/><br\/><em>Copyright \u00a9 The AA Grapevine, Inc. Reimpresso com permiss\u00e3o. <\/em><\/p>\n\n<h3 class=\"wp-block-heading\">Para qualquer pessoa nova que venha para AA<br\/>Para qualquer pessoa que encaminhe pessoas para AA<\/h3>\n\n<p>O principal objetivo de A.A. \u00e9 levar a sua mensagem de recupera\u00e7\u00e3o ao alco\u00f3lico que procura ajuda. Quase todos os tratamentos para o alcoolismo tentam ajudar o alco\u00f3lico a manter a sobriedade. Independentemente do caminho que seguimos, todos nos dirigimos para o mesmo destino, a recupera\u00e7\u00e3o da pessoa alco\u00f3lica. Juntos, podemos fazer o que nenhum de n\u00f3s conseguiria realizar sozinho. Podemos servir como fonte de experi\u00eancia pessoal e ser um sistema de apoio cont\u00ednuo para alco\u00f3licos em recupera\u00e7\u00e3o.    <\/p>\n\n<h3 class=\"wp-block-heading\">Singularidade de prop\u00f3sito e problemas que n\u00e3o o \u00e1lcool<\/h3>\n\n<p>Alguns profissionais referem-se ao alcoolismo e \u00e0 toxicodepend\u00eancia como \u201cabuso de subst\u00e2ncias\u201d ou \u201cdepend\u00eancia qu\u00edmica\u201d. Os n\u00e3o alco\u00f3licos s\u00e3o, portanto, por vezes apresentados a AA e encorajados a assistir a reuni\u00f5es de AA. Qualquer pessoa pode assistir a reuni\u00f5es abertas de AA, mas apenas aqueles com um problema de bebida podem assistir a reuni\u00f5es fechadas.  <\/p>\n\n<p>Um renomado psiquiatra, que serviu como administrador n\u00e3o alco\u00f3lico do Conselho de Servi\u00e7os Gerais de A.A., fez a seguinte declara\u00e7\u00e3o: \u201cA singularidade de prop\u00f3sito \u00e9 essencial para o tratamento eficaz do alcoolismo. A raz\u00e3o para tal foco exagerado \u00e9 superar a nega\u00e7\u00e3o. A nega\u00e7\u00e3o associada ao alcoolismo \u00e9 astuta, desconcertante e poderosa e afeta o paciente, o ajudante e a comunidade. A menos que o alcoolismo seja mantido implacavelmente em primeiro plano, outras quest\u00f5es usurpar\u00e3o a aten\u00e7\u00e3o de todos.\u201d<\/p>\n\n<h3 class=\"wp-block-heading\">O que faz A.A.?<\/h3>\n\n<ol class=\"wp-block-list\">\n<li>Os membros de A.A. partilham a sua experi\u00eancia com qualquer pessoa que procure ajuda com um problema de bebida; prestam servi\u00e7o pessoal ou \u201capadrinhamento\u201d ao alco\u00f3lico que vem para A.A. de qualquer fonte.<\/li>\n\n\n\n<li>O programa de A.A., estabelecido nos nossos Doze Passos, oferece ao alco\u00f3lico uma forma de desenvolver uma vida satisfat\u00f3ria sem \u00e1lcool.<\/li>\n\n\n\n<li>Este programa \u00e9 discutido nas reuni\u00f5es de grupo de A.A..\n<ul class=\"wp-block-list\">\n<li>Reuni\u00f5es abertas de oradores \u2014 abertas a alco\u00f3licos e n\u00e3o alco\u00f3licos. (A assist\u00eancia a uma reuni\u00e3o aberta de A.A. \u00e9 a melhor forma de aprender o que \u00e9 A.A., o que faz e o que n\u00e3o faz.) Nas reuni\u00f5es de oradores, os membros de A.A. \u201ccontam as suas hist\u00f3rias\u201d. Descrevem as suas experi\u00eancias com o \u00e1lcool, como chegaram a A.A. e como as suas vidas mudaram como resultado de Alco\u00f3licos An\u00f3nimos.   <\/li>\n\n\n\n<li>Reuni\u00f5es de discuss\u00e3o abertas \u2014 um membro fala brevemente sobre a sua experi\u00eancia com a bebida e, em seguida, lidera uma discuss\u00e3o sobre a recupera\u00e7\u00e3o em A.A. ou qualquer problema relacionado com a bebida que algu\u00e9m levante. (As reuni\u00f5es fechadas s\u00e3o para membros de A.A. ou qualquer pessoa que possa ter um problema de bebida.) <\/li>\n\n\n\n<li>Reuni\u00f5es de discuss\u00e3o fechadas \u2014 conduzidas da mesma forma que as discuss\u00f5es abertas, mas apenas para alco\u00f3licos ou potenciais membros de A.A..<\/li>\n\n\n\n<li>Reuni\u00f5es de passos (geralmente fechadas) \u2014 discuss\u00e3o de um dos Doze Passos.<\/li>\n\n\n\n<li>Os membros de A.A. tamb\u00e9m levam reuni\u00f5es para instala\u00e7\u00f5es correcionais e de tratamento.<\/li>\n\n\n\n<li>Os membros de A.A. podem ser solicitados a conduzir as reuni\u00f5es informativas sobre A.A. como parte dos programas A.S.A.P. (Alcohol Safety Action Project) e D.W.I. (Driving While Intoxicated). Estas reuni\u00f5es sobre A.A. n\u00e3o s\u00e3o reuni\u00f5es regulares de grupo de A.A.. <\/li>\n<\/ul>\n<\/li>\n<\/ol>\n\n<h3 class=\"wp-block-heading\">O que A.A. n\u00e3o faz<\/h3>\n\n<p>A.A. n\u00e3o:<\/p>\n\n<ol class=\"wp-block-list\">\n<li>Fornece motiva\u00e7\u00e3o inicial para os alco\u00f3licos recuperarem<\/li>\n\n\n\n<li>Solicita membros<\/li>\n\n\n\n<li>Envolve-se ou patrocina investiga\u00e7\u00e3o<\/li>\n\n\n\n<li>Mant\u00e9m registos de frequ\u00eancia ou hist\u00f3ricos de casos<\/li>\n\n\n\n<li>Junta-se a \u201cconselhos\u201d de ag\u00eancias sociais<\/li>\n\n\n\n<li>Acompanha ou tenta controlar os seus membros<\/li>\n\n\n\n<li>Faz diagn\u00f3sticos ou progn\u00f3sticos m\u00e9dicos ou psicol\u00f3gicos<\/li>\n\n\n\n<li>Fornece servi\u00e7os de desintoxica\u00e7\u00e3o ou enfermagem, hospitaliza\u00e7\u00e3o, drogas ou qualquer tratamento m\u00e9dico ou psiqui\u00e1trico<\/li>\n\n\n\n<li>Oferece servi\u00e7os religiosos ou organiza\/patrocina retiros.<\/li>\n\n\n\n<li>Envolve-se na educa\u00e7\u00e3o sobre o \u00e1lcool<\/li>\n\n\n\n<li>Fornece alojamento, comida, roupa, empregos, dinheiro ou quaisquer outros servi\u00e7os sociais ou de bem-estar<\/li>\n\n\n\n<li>Fornece aconselhamento dom\u00e9stico ou vocacional<\/li>\n\n\n\n<li>Aceita qualquer dinheiro pelos seus servi\u00e7os, ou quaisquer contribui\u00e7\u00f5es de fontes n\u00e3o A.A.<\/li>\n\n\n\n<li>Fornece cartas de refer\u00eancia a conselhos de liberdade condicional, advogados, funcion\u00e1rios judiciais, ag\u00eancias sociais, empregadores, etc.<\/li>\n<\/ol>\n","protected":false},"excerpt":{"rendered":"<p>Alco\u00f3licos An\u00f3nimos \u00e9 uma irmandade de pessoas que partilham entre si a sua experi\u00eancia, for\u00e7a e esperan\u00e7a, para poderem resolver o seu problema comum e ajudar outros a recuperar do alcoolismo. O \u00fanico requisito para ser membro de AA \u00e9 o desejo de parar de beber. N\u00e3o h\u00e1 quotas nem taxas para ser membro de<a class=\"excerpt-read-more\" href=\"https:\/\/beta.aa-intergroup.org\/pt-pt\/sobre-aa\/\" title=\"ReadSobre AA\">&#8230; Read more &raquo;<\/a><\/p>\n","protected":false},"author":9,"featured_media":0,"parent":0,"menu_order":0,"comment_status":"closed","ping_status":"closed","template":"","meta":{"_acf_changed":false,"_eb_attr":"","footnotes":""},"class_list":["post-17474","page","type-page","status-publish","hentry"],"acf":[],"_links":{"self":[{"href":"https:\/\/beta.aa-intergroup.org\/pt-pt\/wp-json\/wp\/v2\/pages\/17474","targetHints":{"allow":["GET"]}}],"collection":[{"href":"https:\/\/beta.aa-intergroup.org\/pt-pt\/wp-json\/wp\/v2\/pages"}],"about":[{"href":"https:\/\/beta.aa-intergroup.org\/pt-pt\/wp-json\/wp\/v2\/types\/page"}],"author":[{"embeddable":true,"href":"https:\/\/beta.aa-intergroup.org\/pt-pt\/wp-json\/wp\/v2\/users\/9"}],"replies":[{"embeddable":true,"href":"https:\/\/beta.aa-intergroup.org\/pt-pt\/wp-json\/wp\/v2\/comments?post=17474"}],"version-history":[{"count":1,"href":"https:\/\/beta.aa-intergroup.org\/pt-pt\/wp-json\/wp\/v2\/pages\/17474\/revisions"}],"predecessor-version":[{"id":17475,"href":"https:\/\/beta.aa-intergroup.org\/pt-pt\/wp-json\/wp\/v2\/pages\/17474\/revisions\/17475"}],"wp:attachment":[{"href":"https:\/\/beta.aa-intergroup.org\/pt-pt\/wp-json\/wp\/v2\/media?parent=17474"}],"curies":[{"name":"wp","href":"https:\/\/api.w.org\/{rel}","templated":true}]}}