{"id":17494,"date":"2020-03-19T15:21:31","date_gmt":"2020-03-19T19:21:31","guid":{"rendered":"https:\/\/beta.aa-intergroup.org\/o-que-significa-beta\/"},"modified":"2025-10-28T07:39:38","modified_gmt":"2025-10-28T11:39:38","slug":"o-que-significa-beta","status":"publish","type":"page","link":"https:\/\/beta.aa-intergroup.org\/pt-pt\/o-que-significa-beta\/","title":{"rendered":"O que significa &#8220;beta&#8221;?"},"content":{"rendered":"\n<p><strong><em>NOTA: O s\u00edtio mudou-se recentemente para &#8220;ao vivo&#8221; e, durante esta transi\u00e7\u00e3o, alguns aspetos do s\u00edtio podem estar lentos, avariados ou formatados incorretamente. Pedimos desculpa pela &#8220;confus\u00e3o&#8221;, por assim dizer. \u00c9 bem-vindo a aceder ainda ao s\u00edtio antigo: <a href=\"https:\/\/archive.aa-intergroup.org\">archive.aa-intergroup.org<\/a>.  <\/em><\/strong><\/p>\n\n<hr class=\"wp-block-separator\"\/>\n\n<p>As reuni\u00f5es presenciais continuam a ser um elemento fundamental do programa de 12 passos, mas h\u00e1 situa\u00e7\u00f5es em que as pessoas n\u00e3o se podem reunir cara a cara &#8212; <em>como a nossa atual pandemia global<\/em> &#8212; ou um indiv\u00edduo n\u00e3o consegue encontrar uma reuni\u00e3o adequada nas proximidades, seja por prefer\u00eancia, necessidades especiais, idioma ou qualquer outra raz\u00e3o.<\/p>\n\n<div class=\"wp-block-image\"><figure class=\"alignright size-large is-resized\"><img loading=\"lazy\" decoding=\"async\" src=\"https:\/\/beta.aa-intergroup.org\/wp-content\/uploads\/2020\/05\/smartmockups-home.jpg\" alt=\"mockup-home\" class=\"wp-image-877\" width=\"365\" height=\"328\" srcset=\"https:\/\/beta.aa-intergroup.org\/wp-content\/uploads\/2020\/05\/smartmockups-home.jpg 800w, https:\/\/beta.aa-intergroup.org\/wp-content\/uploads\/2020\/05\/smartmockups-home-300x270.jpg 300w, https:\/\/beta.aa-intergroup.org\/wp-content\/uploads\/2020\/05\/smartmockups-home-768x692.jpg 768w\" sizes=\"auto, (max-width: 365px) 100vw, 365px\" \/><\/figure><\/div>\n\n<p>\u00c9 por isso que o <strong>Intergrupo Online<\/strong> se dedica a cumprir a sua miss\u00e3o de conectar grupos online num local central onde os membros dos AA podem encontrar reuni\u00f5es online ao vivo: videochamadas, chamadas de confer\u00eancia, salas de chat, quadros de mensagens, listas de correio eletr\u00f3nico ou at\u00e9 atrav\u00e9s de interfaces de jogos. Estes mecanismos oferecem \u00e0 comunidade formas de apoiar a sua recupera\u00e7\u00e3o de onde quer que estejam, a qualquer momento.  <\/p>\n\n<p>O Intergrupo Online dos AA oferece o diret\u00f3rio e as ferramentas de comunica\u00e7\u00e3o em apoio da irmandade. <strong>Para prestar um melhor servi\u00e7o, atualiz\u00e1mos a nossa plataforma online para facilitar o acesso dos utilizadores.<\/strong>   <\/p>\n\n<p>Eis no que temos estado a trabalhar: <\/p>\n\n<div class=\"wp-block-image\"><figure class=\"alignright size-large is-resized\"><img loading=\"lazy\" decoding=\"async\" src=\"https:\/\/beta.aa-intergroup.org\/wp-content\/uploads\/2020\/05\/smartmockups-directory.jpg\" alt=\"\" class=\"wp-image-878\" width=\"357\" height=\"321\" srcset=\"https:\/\/beta.aa-intergroup.org\/wp-content\/uploads\/2020\/05\/smartmockups-directory.jpg 800w, https:\/\/beta.aa-intergroup.org\/wp-content\/uploads\/2020\/05\/smartmockups-directory-300x270.jpg 300w, https:\/\/beta.aa-intergroup.org\/wp-content\/uploads\/2020\/05\/smartmockups-directory-768x692.jpg 768w\" sizes=\"auto, (max-width: 357px) 100vw, 357px\" \/><\/figure><\/div>\n\n<ul class=\"wp-block-list\"><li><strong>Base de dados mais f\u00e1cil de usar<\/strong>: O Diret\u00f3rio de Reuni\u00f5es &#8212; embora seja muito um trabalho em progresso &#8212; inclui muitas funcionalidades solicitadas: capacidade de pesquisa e filtragem por tipo ou formato. Planeamos adicionar melhor capacidade de filtragem, a possibilidade de guardar, marcar com estrela ou reuni\u00f5es, e mais. <\/li><li><strong>Design mobile-first<\/strong>: Os dados mostram que mais de 70% dos visitantes do s\u00edtio est\u00e3o a usar os seus telem\u00f3veis, por isso concebemos este s\u00edtio com uma filosofia &#8220;mobile-first&#8221; &#8212; ou seja, todo o conte\u00fado e funcionalidades, incluindo o diret\u00f3rio, est\u00e3o otimizados para acesso em movimento (iPhone, Android, etc).<\/li><li><strong>Design simplificado<\/strong>: Com base nos dados sobre o que os utilizadores t\u00eam procurado primeiro &#8212; incluindo o diret\u00f3rio de reuni\u00f5es &#8212; organiz\u00e1mos o s\u00edtio para ser &#8220;orientado para a a\u00e7\u00e3o&#8221; e dar-lhe acesso r\u00e1pido e direto \u00e0s coisas de que precisa: a <a href=\"https:\/\/beta.aa-intergroup.org\/oiaa\/meetings\/\"><em>pr\u00f3xima<\/em> reuni\u00e3o<\/a> dispon\u00edvel, <a href=\"https:\/\/beta.aa-intergroup.org\/oiaa\/get-help-now\/\">acesso <em>direto<\/em> a pessoas<\/a> que podem ajudar, e <em><a href=\"https:\/\/beta.aa-intergroup.org\/oiaa\/resources\/\">mais recursos<\/a><\/em> para ajudar na sua recupera\u00e7\u00e3o.<\/li><\/ul>\n\n<p>O s\u00edtio est\u00e1 a ser testado para desenvolver as melhores solu\u00e7\u00f5es. Estamos constantemente a aprender. Mas, como acontece com a tecnologia centrada no utilizador e orientada por feedback, isto pode por vezes parecer estranho, renderizar de forma um pouco estranha ou at\u00e9 avariar.   <\/p>\n\n<p>Por isso, tenha paci\u00eancia connosco &#8212; explore, teste as coisas e, esperamos, encontre o que precisa &#8212; e se tiver ideias, partilhe-as: <\/p>\n\n<p class=\"has-text-align-right\"><em>&#8211; Os seus companheiros nos AA<\/em><\/p>\n\n<h3 class=\"wp-block-heading\">Formul\u00e1rio de feedback<\/h3>\n<div class=\"wpforms-container wpforms-container-full wpforms-block\" id=\"wpforms-830\"><form id=\"wpforms-form-830\" class=\"wpforms-validate wpforms-form\" data-formid=\"830\" method=\"post\" enctype=\"multipart\/form-data\" action=\"\/pt-pt\/wp-json\/wp\/v2\/pages\/17494\" data-token=\"1bd947c1e1a2fd5d4dc8c851ff228de2\" data-token-time=\"1775310832\"><noscript class=\"wpforms-error-noscript\">Please enable JavaScript in your browser to complete this form.<\/noscript><div class=\"wpforms-field-container\"><div id=\"wpforms-830-field_15-container\" class=\"wpforms-field wpforms-field-number\" data-field-id=\"15\"><label class=\"wpforms-field-label\" for=\"wpforms-830-field_15\">OIMN &#8211; n\u00famero de reuni\u00e3o do intergrupo online<\/label><input type=\"number\" id=\"wpforms-830-field_15\" class=\"wpforms-field-medium\" name=\"wpforms[fields][15]\" ><div class=\"wpforms-field-description\">N\u00famero interno \u00fanico da OIAA para a reuni\u00e3o que pretende alterar, fornecido pelo PAC. <\/div><\/div><div id=\"wpforms-830-field_13-container\" class=\"wpforms-field wpforms-field-text\" data-field-id=\"13\"><label class=\"wpforms-field-label\" for=\"wpforms-830-field_13\">Nome da Reuni\u00e3o <span class=\"wpforms-required-label\">*<\/span><\/label><input type=\"text\" id=\"wpforms-830-field_13\" class=\"wpforms-field-medium wpforms-field-required\" name=\"wpforms[fields][13]\" required><\/div><div id=\"wpforms-830-field_0-container\" class=\"wpforms-field wpforms-field-name\" data-field-id=\"0\"><label class=\"wpforms-field-label\" for=\"wpforms-830-field_0\">Nome do contacto principal ou alternativo  <span class=\"wpforms-required-label\">*<\/span><\/label><input type=\"text\" id=\"wpforms-830-field_0\" class=\"wpforms-field-medium wpforms-field-required\" name=\"wpforms[fields][0]\" required><\/div><div id=\"wpforms-830-field_1-container\" class=\"wpforms-field wpforms-field-email\" data-field-id=\"1\"><label class=\"wpforms-field-label\" for=\"wpforms-830-field_1\">E-mail principal ou alternativo <span class=\"wpforms-required-label\">*<\/span><\/label><input type=\"email\" id=\"wpforms-830-field_1\" class=\"wpforms-field-medium wpforms-field-required\" name=\"wpforms[fields][1]\" spellcheck=\"false\" required><\/div><div id=\"wpforms-830-field_17-container\" class=\"wpforms-field wpforms-field-checkbox\" data-field-id=\"17\"><label class=\"wpforms-field-label\">Por favor, selecione  <span class=\"wpforms-required-label\">*<\/span><\/label><ul id=\"wpforms-830-field_17\" class=\"wpforms-field-required\"><li class=\"choice-1 depth-1\"><input type=\"checkbox\" id=\"wpforms-830-field_17_1\" name=\"wpforms[fields][17][]\" value=\"Contacto principal\" required ><label class=\"wpforms-field-label-inline\" for=\"wpforms-830-field_17_1\">Contacto principal<\/label><\/li><li class=\"choice-2 depth-1\"><input type=\"checkbox\" id=\"wpforms-830-field_17_2\" name=\"wpforms[fields][17][]\" value=\"Contacto alternativo\" required ><label class=\"wpforms-field-label-inline\" for=\"wpforms-830-field_17_2\">Contacto alternativo<\/label><\/li><\/ul><\/div><div id=\"wpforms-830-field_5-container\" class=\"wpforms-field wpforms-field-text\" data-field-id=\"5\"><label class=\"wpforms-field-label\" for=\"wpforms-830-field_5\">Assunto <span class=\"wpforms-required-label\">*<\/span><\/label><input type=\"text\" id=\"wpforms-830-field_5\" class=\"wpforms-field-medium wpforms-field-required\" name=\"wpforms[fields][5]\" required><\/div><div id=\"wpforms-830-field_2-container\" class=\"wpforms-field wpforms-field-textarea\" data-field-id=\"2\"><label class=\"wpforms-field-label\" for=\"wpforms-830-field_2\">Altera\u00e7\u00f5es solicitadas para a reuni\u00e3o <span class=\"wpforms-required-label\">*<\/span><\/label><textarea id=\"wpforms-830-field_2\" class=\"wpforms-field-medium wpforms-field-required\" name=\"wpforms[fields][2]\" required><\/textarea><\/div><div id=\"wpforms-830-field_16-container\" class=\"wpforms-field wpforms-field-gdpr-checkbox\" data-field-id=\"16\"><label class=\"wpforms-field-label\">Acordo RGPD <span class=\"wpforms-required-label\">*<\/span><\/label><ul id=\"wpforms-830-field_16\" class=\"wpforms-field-required\"><li class=\"choice-1\"><input type=\"checkbox\" id=\"wpforms-830-field_16_1\" name=\"wpforms[fields][16][]\" value=\"Dou o meu consentimento para que este s\u00edtio Web armazene as informa\u00e7\u00f5es que submeti para que possam responder \u00e0 minha consulta.\" required ><label class=\"wpforms-field-label-inline\" for=\"wpforms-830-field_16_1\">Dou o meu consentimento para que este s\u00edtio Web armazene as informa\u00e7\u00f5es que submeti para que possam responder \u00e0 minha consulta.<\/label><\/li><\/ul><\/div><div id=\"wpforms-830-field_7-container\" class=\"wpforms-field wpforms-field-hidden\" data-field-id=\"7\"><input type=\"hidden\" id=\"wpforms-830-field_7\" name=\"wpforms[fields][7]\"><\/div><div id=\"wpforms-830-field_8-container\" class=\"wpforms-field wpforms-field-hidden\" data-field-id=\"8\"><input type=\"hidden\" id=\"wpforms-830-field_8\" name=\"wpforms[fields][8]\"><\/div><\/div><!-- .wpforms-field-container --><div class=\"wpforms-field wpforms-field-hp\"><label for=\"wpforms-830-field-hp\" class=\"wpforms-field-label\">Website<\/label><input type=\"text\" name=\"wpforms[hp]\" id=\"wpforms-830-field-hp\" class=\"wpforms-field-medium\"><\/div><div class=\"wpforms-recaptcha-container wpforms-is-recaptcha wpforms-is-recaptcha-type-v2\" ><div class=\"g-recaptcha\" data-sitekey=\"6LfLO_EUAAAAAD2WTL408A9DfNNx6AhXu-npfay8\"><\/div><input type=\"text\" name=\"g-recaptcha-hidden\" class=\"wpforms-recaptcha-hidden\" style=\"position:absolute!important;clip:rect(0,0,0,0)!important;height:1px!important;width:1px!important;border:0!important;overflow:hidden!important;padding:0!important;margin:0!important;\" data-rule-recaptcha=\"1\"><\/div><div class=\"wpforms-submit-container\" ><input type=\"hidden\" name=\"wpforms[id]\" value=\"830\"><input type=\"hidden\" name=\"page_title\" value=\"\"><input type=\"hidden\" name=\"page_url\" value=\"https:\/\/beta.aa-intergroup.org\/pt-pt\/wp-json\/wp\/v2\/pages\/17494\"><button type=\"submit\" name=\"wpforms[submit]\" id=\"wpforms-submit-830\" class=\"wpforms-submit form-submit\" data-alt-text=\"A enviar...\" data-submit-text=\"Submeter\" aria-live=\"assertive\" value=\"wpforms-submit\">Submeter<\/button><\/div><\/form><\/div>  <!-- .wpforms-container -->","protected":false},"excerpt":{"rendered":"<p>NOTA: O s\u00edtio mudou-se recentemente para &#8220;ao vivo&#8221; e, durante esta transi\u00e7\u00e3o, alguns aspetos do s\u00edtio podem estar lentos, avariados ou formatados incorretamente. Pedimos desculpa pela &#8220;confus\u00e3o&#8221;, por assim dizer. \u00c9 bem-vindo a aceder ainda ao s\u00edtio antigo: archive.aa-intergroup.org. As reuni\u00f5es presenciais continuam a ser um elemento fundamental do programa de 12 passos, mas h\u00e1<a class=\"excerpt-read-more\" href=\"https:\/\/beta.aa-intergroup.org\/pt-pt\/o-que-significa-beta\/\" title=\"ReadO que significa &#8220;beta&#8221;?\">&#8230; Read more &raquo;<\/a><\/p>\n","protected":false},"author":9,"featured_media":0,"parent":0,"menu_order":0,"comment_status":"closed","ping_status":"closed","template":"","meta":{"_acf_changed":false,"_eb_attr":"","footnotes":""},"class_list":["post-17494","page","type-page","status-publish","hentry"],"acf":[],"_links":{"self":[{"href":"https:\/\/beta.aa-intergroup.org\/pt-pt\/wp-json\/wp\/v2\/pages\/17494","targetHints":{"allow":["GET"]}}],"collection":[{"href":"https:\/\/beta.aa-intergroup.org\/pt-pt\/wp-json\/wp\/v2\/pages"}],"about":[{"href":"https:\/\/beta.aa-intergroup.org\/pt-pt\/wp-json\/wp\/v2\/types\/page"}],"author":[{"embeddable":true,"href":"https:\/\/beta.aa-intergroup.org\/pt-pt\/wp-json\/wp\/v2\/users\/9"}],"replies":[{"embeddable":true,"href":"https:\/\/beta.aa-intergroup.org\/pt-pt\/wp-json\/wp\/v2\/comments?post=17494"}],"version-history":[{"count":1,"href":"https:\/\/beta.aa-intergroup.org\/pt-pt\/wp-json\/wp\/v2\/pages\/17494\/revisions"}],"predecessor-version":[{"id":17496,"href":"https:\/\/beta.aa-intergroup.org\/pt-pt\/wp-json\/wp\/v2\/pages\/17494\/revisions\/17496"}],"wp:attachment":[{"href":"https:\/\/beta.aa-intergroup.org\/pt-pt\/wp-json\/wp\/v2\/media?parent=17494"}],"curies":[{"name":"wp","href":"https:\/\/api.w.org\/{rel}","templated":true}]}}