{"id":17548,"date":"2022-08-12T18:14:04","date_gmt":"2022-08-12T22:14:04","guid":{"rendered":"https:\/\/beta.aa-intergroup.org\/lista-de-prioridades-do-rgi\/"},"modified":"2025-10-28T07:39:44","modified_gmt":"2025-10-28T11:39:44","slug":"lista-de-prioridades-do-rgi","status":"publish","type":"page","link":"https:\/\/beta.aa-intergroup.org\/pt-pt\/lista-de-prioridades-do-rgi\/","title":{"rendered":"Lista de prioridades do RGI"},"content":{"rendered":"\n<p><\/p>\n\n<p>Aqui pode aceder rapidamente a informa\u00e7\u00f5es oportunas que requerem a sua aten\u00e7\u00e3o. <\/p>\n\n<p>Se \u00e9 um novo RGI ou RGI Alternativo ou gostaria de atualizar os representantes do seu grupo, utilize o <a href=\"https:\/\/beta.aa-intergroup.org\/pt-pt\/o-nosso-grupo-tem-um-novo-representante\/\">Formul\u00e1rio de Pedido de Atualiza\u00e7\u00e3o de RGI\/RGI Alternativo Aqui<\/a><\/p>\n\n<h4 class=\"wp-block-heading\">Novas informa\u00e7\u00f5es<\/h4>\n\n<ul class=\"wp-block-list\">\n<li><strong>Responsabilidades do RGI da OIAA<\/strong>\n<ul class=\"wp-block-list\">\n<li><a href=\"https:\/\/beta.aa-intergroup.org\/documents\/igrs-responsibilities-en\/\">ingl\u00eas<\/a><\/li>\n\n\n\n<li><a href=\"https:\/\/beta.aa-intergroup.org\/documents\/igrs-responsiblities-es\/\">espanhol<\/a><\/li>\n\n\n\n<li><a href=\"https:\/\/beta.aa-intergroup.org\/documents\/igrs-responsiblities-pt\/\" data-type=\"link\" data-id=\"https:\/\/beta.aa-intergroup.org\/documents\/igrs-responsiblities-pt\/\">portugu\u00eas<\/a><\/li>\n\n\n\n<li><a href=\"https:\/\/beta.aa-intergroup.org\/documents\/igrs-responsiblities-fr\/\" data-type=\"link\" data-id=\"https:\/\/beta.aa-intergroup.org\/documents\/igrs-responsiblities-fr\/\">franc\u00eas<\/a><\/li>\n\n\n\n<li><a href=\"https:\/\/beta.aa-intergroup.org\/documents\/igrs-responsibilities-farsi\/\" data-type=\"link\" data-id=\"https:\/\/beta.aa-intergroup.org\/documents\/igrs-responsibilities-farsi\/\">farsi<\/a><\/li>\n<\/ul>\n<\/li>\n\n\n\n<li>Vice-presidente do conselho: posi\u00e7\u00e3o em aberto. <a href=\"https:\/\/beta.aa-intergroup.org\/documents\/vice-chair-of-the-board-of-trusteesbrduties-eligibility-qualifications\/\" data-type=\"link\" data-id=\"https:\/\/beta.aa-intergroup.org\/documents\/vice-chair-of-the-board-of-trusteesbrduties-eligibility-qualifications\/\">Ver detalhes<\/a><\/li>\n\n\n\n<li>A posi\u00e7\u00e3o de <strong><a href=\"https:\/\/beta.aa-intergroup.org\/oiaa-board\/\" data-type=\"link\" data-id=\"https:\/\/beta.aa-intergroup.org\/oiaa-board\/\">Administrador Geral da OIAA<\/a><\/strong> est\u00e1 preenchida.<\/li>\n<\/ul>\n\n<div style=\"height:20px\" aria-hidden=\"true\" class=\"wp-block-spacer\"><\/div>\n\n<h4 class=\"wp-block-heading text-heading-medium\">Pr\u00f3ximos eventos<\/h4>\n\n<p>Os links ficar\u00e3o ativos \u00e0 medida que as informa\u00e7\u00f5es estiverem dispon\u00edveis.<\/p>\n\n<ul class=\"wp-block-list\">\n<li><a href=\"https:\/\/beta.aa-intergroup.org\/oiaa-assembly-21-june-2025\/\" data-type=\"link\" data-id=\"https:\/\/beta.aa-intergroup.org\/oiaa-assembly-21-june-2025\/\">Assembleia de 21 de junho de 2025<\/a><\/li>\n<\/ul>\n\n<div style=\"height:20px\" aria-hidden=\"true\" class=\"wp-block-spacer\"><\/div>\n\n<h4 class=\"wp-block-heading text-heading-medium\">Eventos passados<\/h4>\n\n<p>Se procura informa\u00e7\u00f5es sobre uma Assembleia, F\u00f3rum, Workshop ou Evento da OIAA anterior, procure aqui. <\/p>\n\n<ul class=\"wp-block-list text-content-large\">\n<li><a href=\"https:\/\/beta.aa-intergroup.org\/pt-pt\/assembleias-da-oiaa\/\" data-type=\"URL\" data-id=\"https:\/\/beta.aa-intergroup.org\/assemblies\/\">Arquivo das assembleias<\/a>.<\/li>\n\n\n\n<li><a href=\"https:\/\/beta.aa-intergroup.org\/igr-forums\/\" data-type=\"URL\" data-id=\"https:\/\/beta.aa-intergroup.org\/igr-forums\/\">Arquivo dos f\u00f3runs de RGI<\/a>.<\/li>\n\n\n\n<li><a href=\"https:\/\/beta.aa-intergroup.org\/pt-pt\/workshops-e-eventos\/\" data-type=\"URL\" data-id=\"https:\/\/beta.aa-intergroup.org\/workshops\/\">Arquivo de workshops e eventos<\/a>.<\/li>\n<\/ul>\n\n<div style=\"height:20px\" aria-hidden=\"true\" class=\"wp-block-spacer\"><\/div>\n\n<h4 class=\"wp-block-heading\">RGIs \u2013 a entrar em a\u00e7\u00e3o<\/h4>\n\n<ul class=\"wp-block-list margin-left-small\">\n<li><strong><a href=\"https:\/\/beta.aa-intergroup.org\/igr-forums\/\">Cesto de perguntas.<\/a><\/strong>\n<ul class=\"wp-block-list\">\n<li>Envie perguntas ou t\u00f3picos de interesse para <strong>IGR.forum@aa-intergroup.org<\/strong>.<\/li>\n<\/ul>\n<\/li>\n\n\n\n<li><a href=\"https:\/\/beta.aa-intergroup.org\/pt-pt\/recursos-de-seguranca\/\">Recursos de seguran\u00e7a<\/a>.<\/li>\n\n\n\n<li><a href=\"https:\/\/beta.aa-intergroup.org\/igr-forums\/\" data-type=\"URL\" data-id=\"https:\/\/beta.aa-intergroup.org\/igr-forums\/\">Datas dos pr\u00f3ximos f\u00f3runs<\/a>.<\/li>\n\n\n\n<li><a href=\"https:\/\/beta.aa-intergroup.org\/pt-pt\/assembleias-da-oiaa\/\" data-type=\"URL\" data-id=\"https:\/\/beta.aa-intergroup.org\/assemblies\/\">Datas das pr\u00f3ximas assembleias<\/a>.<\/li>\n\n\n\n<li><a href=\"https:\/\/beta.aa-intergroup.org\/pt-pt\/aderir-a-oiaa\/\">Junte-se \u00e0 OIAA<\/a>.<\/li>\n\n\n\n<li><a href=\"https:\/\/beta.aa-intergroup.org\/pt-pt\/atualizacoes-do-diretorio-de-reunioes\/\">Atualize uma reuni\u00e3o no guia de reuni\u00f5es<\/a>.<\/li>\n\n\n\n<li><a href=\"https:\/\/beta.aa-intergroup.org\/pt-pt\/oportunidades-de-servico\/\">Oportunidades de servi\u00e7o<\/a>.<\/li>\n\n\n\n<li><a href=\"https:\/\/www.youtube.com\/@AA-Intergroup\">Canal da OIAA no YouTube<\/a>.<\/li>\n\n\n\n<li><a href=\"https:\/\/beta.aa-intergroup.org\/pt-pt\/anuncios-do-grupo\/\">Envie aqui um Relat\u00f3rio de Grupo<\/a>.<\/li>\n<\/ul>\n\n<p><strong>Como enviar um Relat\u00f3rio de Grupo<br\/><\/strong><iframe loading=\"lazy\" width=\"550\" height=\"310\" src=\"https:\/\/www.youtube.com\/embed\/82MJiTdvv0U?si=aXw7W7Xg4SuQtyPu\" title=\"How to Submit a Group Report\" frameborder=\"0\" allow=\"accelerometer; autoplay; clipboard-write; encrypted-media; gyroscope; picture-in-picture\" allowfullscreen><\/iframe><\/p>\n","protected":false},"excerpt":{"rendered":"<p>Aqui pode aceder rapidamente a informa\u00e7\u00f5es oportunas que requerem a sua aten\u00e7\u00e3o. Se \u00e9 um novo RGI ou RGI Alternativo ou gostaria de atualizar os representantes do seu grupo, utilize o Formul\u00e1rio de Pedido de Atualiza\u00e7\u00e3o de RGI\/RGI Alternativo Aqui Novas informa\u00e7\u00f5es Pr\u00f3ximos eventos Os links ficar\u00e3o ativos \u00e0 medida que as informa\u00e7\u00f5es estiverem dispon\u00edveis.<a class=\"excerpt-read-more\" href=\"https:\/\/beta.aa-intergroup.org\/pt-pt\/lista-de-prioridades-do-rgi\/\" title=\"ReadLista de prioridades do RGI\">&#8230; Read more &raquo;<\/a><\/p>\n","protected":false},"author":12,"featured_media":0,"parent":0,"menu_order":0,"comment_status":"closed","ping_status":"closed","template":"page-igr-hotlist.php","meta":{"_acf_changed":false,"_eb_attr":"","footnotes":""},"class_list":["post-17548","page","type-page","status-publish","hentry"],"acf":[],"_links":{"self":[{"href":"https:\/\/beta.aa-intergroup.org\/pt-pt\/wp-json\/wp\/v2\/pages\/17548","targetHints":{"allow":["GET"]}}],"collection":[{"href":"https:\/\/beta.aa-intergroup.org\/pt-pt\/wp-json\/wp\/v2\/pages"}],"about":[{"href":"https:\/\/beta.aa-intergroup.org\/pt-pt\/wp-json\/wp\/v2\/types\/page"}],"author":[{"embeddable":true,"href":"https:\/\/beta.aa-intergroup.org\/pt-pt\/wp-json\/wp\/v2\/users\/12"}],"replies":[{"embeddable":true,"href":"https:\/\/beta.aa-intergroup.org\/pt-pt\/wp-json\/wp\/v2\/comments?post=17548"}],"version-history":[{"count":1,"href":"https:\/\/beta.aa-intergroup.org\/pt-pt\/wp-json\/wp\/v2\/pages\/17548\/revisions"}],"predecessor-version":[{"id":17550,"href":"https:\/\/beta.aa-intergroup.org\/pt-pt\/wp-json\/wp\/v2\/pages\/17548\/revisions\/17550"}],"wp:attachment":[{"href":"https:\/\/beta.aa-intergroup.org\/pt-pt\/wp-json\/wp\/v2\/media?parent=17548"}],"curies":[{"name":"wp","href":"https:\/\/api.w.org\/{rel}","templated":true}]}}