{"id":17556,"date":"2022-12-17T23:27:38","date_gmt":"2022-12-18T04:27:38","guid":{"rendered":"https:\/\/beta.aa-intergroup.org\/direcao-oiaa\/"},"modified":"2025-10-28T07:39:48","modified_gmt":"2025-10-28T11:39:48","slug":"direcao-oiaa","status":"publish","type":"page","link":"https:\/\/beta.aa-intergroup.org\/pt-pt\/direcao-oiaa\/","title":{"rendered":"Dire\u00e7\u00e3o OIAA"},"content":{"rendered":"\n<h3 class=\"wp-block-heading\">Membros do Conselho<\/h3>\n\n<p><strong>Presidente da OIAA<\/strong> Gwen M.<br\/><strong>Chair@aa-intergroup.org<\/strong><\/p>\n\n<p><strong>Vice-Presidente da OIAA<\/strong>: Sharon G.<br\/><strong>Vice-Chair@aa-intergroup.org<\/strong><\/p>\n\n<p><strong>Secret\u00e1ria da OIAA<\/strong> Lesliee A.<br\/><strong>Secretary@aa-intergroup.org<\/strong><\/p>\n\n<p><strong>Tesoureiro da OIAA<\/strong>: aberto<br\/><strong>Treasurer@aa-intergroup.org<\/strong><\/p>\n\n<p><strong>Presidente de Tecnologia da OIAA<\/strong> Mark M.<br\/><strong>Tech.Chair@aa-intergroup.org<\/strong><\/p>\n\n<p><strong>Administrador Internacional da OIAA<\/strong>: aberto<strong><br\/>international.trustee@aa-intergroup.org<\/strong><\/p>\n\n<p><strong>Administrador Geral da OIAA<\/strong> &#8211; Mary M.<strong><br\/>trustee.at.large@aa-intergroup.org<\/strong><\/p>\n\n<div class=\"wp-block-columns is-layout-flex wp-container-core-columns-is-layout-9d6595d7 wp-block-columns-is-layout-flex\">\n<div class=\"wp-block-column is-layout-flow wp-block-column-is-layout-flow\" style=\"flex-basis:100%\">\n<div class=\"wp-block-buttons is-layout-flex wp-block-buttons-is-layout-flex\">\n<div class=\"wp-block-button is-style-outline is-style-outline--1\"><a class=\"wp-block-button__link wp-element-button\" href=\"https:\/\/beta.aa-intergroup.org\/documents\/oiaa-bylaws\/\">Estatutos da OIAA<\/a><\/div>\n<\/div>\n\n\n\n<div style=\"height:21px\" aria-hidden=\"true\" class=\"wp-block-spacer\"><\/div>\n\n\n\n<div class=\"wp-block-buttons is-layout-flex wp-block-buttons-is-layout-flex\">\n<div class=\"wp-block-button is-style-outline is-style-outline--2\"><a class=\"wp-block-button__link wp-element-button\" href=\"https:\/\/beta.aa-intergroup.org\/documents\/oiaa-guidelines\/\">Diretrizes da OIAA<\/a><\/div>\n<\/div>\n<\/div>\n<\/div>\n\n<div style=\"height:30px\" aria-hidden=\"true\" class=\"wp-block-spacer\"><\/div>\n\n<p>Estamos agora \u00e0 procura de candidatos para servir a OIAA como Administrador. As nomea\u00e7\u00f5es est\u00e3o abertas e as elei\u00e7\u00f5es anuais ser\u00e3o realizadas na nossa Assembleia de dezembro. <strong>Todas as posi\u00e7\u00f5es do Conselho est\u00e3o abertas, exceto a de Presidente de Tecnologia<\/strong>. As responsabilidades de servi\u00e7o para os membros do Conselho est\u00e3o definidas nos <a href=\"https:\/\/beta.aa-intergroup.org\/documents\/oiaa-bylaws\/\" target=\"_blank\" rel=\"noreferrer noopener\">Estatutos da OIAA<\/a> &#8211; <strong>Artigo 4 Oficiais.<\/strong>    <\/p>\n\n<p>A elegibilidade e qualifica\u00e7\u00f5es para todos os Administradores da OIAA podem ser encontradas nas <a href=\"https:\/\/beta.aa-intergroup.org\/documents\/oiaa-guidelines\/#sec5\" target=\"_blank\" rel=\"noreferrer noopener\">Diretrizes da OIAA<\/a> &#8211; <strong>Se\u00e7\u00e3o 5.1.1<\/strong> com descri\u00e7\u00f5es adicionais de posi\u00e7\u00f5es encontradas na <strong>Se\u00e7\u00e3o 5.2 Oficiais.<\/strong> <\/p>\n\n<p>Os candidatos eleg\u00edveis devem estar atualmente em servi\u00e7o com a OIAA.<\/p>\n\n<p>As nomea\u00e7\u00f5es e\/ou perguntas podem ser enviadas para OIAA.Board@aa-intergroup.org<\/p>\n\n<h4 class=\"wp-block-heading\">Atas e agendas do conselho da OIAA<\/h4>\n\n<p>Se tiver um item que gostaria de colocar na agenda da reuni\u00e3o do conselho, envie um email para <strong>OIAA.Board@aa-intergroup.org<\/strong> e ser\u00e1 revisto pelo Presidente da OIAA. As atas e agendas das reuni\u00f5es do Conselho da OIAA ser\u00e3o publicadas \u00e0 medida que estiverem dispon\u00edveis.  <br\/><\/p>\n","protected":false},"excerpt":{"rendered":"<p>Membros do Conselho Presidente da OIAA Gwen M.Chair@aa-intergroup.org Vice-Presidente da OIAA: Sharon G.Vice-Chair@aa-intergroup.org Secret\u00e1ria da OIAA Lesliee A.Secretary@aa-intergroup.org Tesoureiro da OIAA: abertoTreasurer@aa-intergroup.org Presidente de Tecnologia da OIAA Mark M.Tech.Chair@aa-intergroup.org Administrador Internacional da OIAA: abertointernational.trustee@aa-intergroup.org Administrador Geral da OIAA &#8211; Mary M.trustee.at.large@aa-intergroup.org Estamos agora \u00e0 procura de candidatos para servir a OIAA como Administrador. As nomea\u00e7\u00f5es<a class=\"excerpt-read-more\" href=\"https:\/\/beta.aa-intergroup.org\/pt-pt\/direcao-oiaa\/\" title=\"ReadDire\u00e7\u00e3o OIAA\">&#8230; Read more &raquo;<\/a><\/p>\n","protected":false},"author":12,"featured_media":0,"parent":0,"menu_order":0,"comment_status":"closed","ping_status":"closed","template":"page-oiaa-board.php","meta":{"_acf_changed":false,"_eb_attr":"","footnotes":""},"class_list":["post-17556","page","type-page","status-publish","hentry"],"acf":[],"_links":{"self":[{"href":"https:\/\/beta.aa-intergroup.org\/pt-pt\/wp-json\/wp\/v2\/pages\/17556","targetHints":{"allow":["GET"]}}],"collection":[{"href":"https:\/\/beta.aa-intergroup.org\/pt-pt\/wp-json\/wp\/v2\/pages"}],"about":[{"href":"https:\/\/beta.aa-intergroup.org\/pt-pt\/wp-json\/wp\/v2\/types\/page"}],"author":[{"embeddable":true,"href":"https:\/\/beta.aa-intergroup.org\/pt-pt\/wp-json\/wp\/v2\/users\/12"}],"replies":[{"embeddable":true,"href":"https:\/\/beta.aa-intergroup.org\/pt-pt\/wp-json\/wp\/v2\/comments?post=17556"}],"version-history":[{"count":1,"href":"https:\/\/beta.aa-intergroup.org\/pt-pt\/wp-json\/wp\/v2\/pages\/17556\/revisions"}],"predecessor-version":[{"id":17559,"href":"https:\/\/beta.aa-intergroup.org\/pt-pt\/wp-json\/wp\/v2\/pages\/17556\/revisions\/17559"}],"wp:attachment":[{"href":"https:\/\/beta.aa-intergroup.org\/pt-pt\/wp-json\/wp\/v2\/media?parent=17556"}],"curies":[{"name":"wp","href":"https:\/\/api.w.org\/{rel}","templated":true}]}}