{"id":17656,"date":"2025-05-11T10:01:05","date_gmt":"2025-05-11T14:01:05","guid":{"rendered":"https:\/\/beta.aa-intergroup.org\/assembleia-da-oiaa-21-de-junho-de-2025\/"},"modified":"2025-10-28T08:18:57","modified_gmt":"2025-10-28T12:18:57","slug":"assembleia-da-oiaa-21-de-junho-de-2025","status":"publish","type":"page","link":"https:\/\/beta.aa-intergroup.org\/pt-pt\/assembleia-da-oiaa-21-de-junho-de-2025\/","title":{"rendered":"Assembleia da OIAA 21 de junho de 2025"},"content":{"rendered":"\n<p><strong>S\u00e1bado, 21 de junho de 2025<\/strong><br\/>8:00 HST | 11:00 PT | 13:00 CT | 14:00 ET<br\/>19:00 Reino Unido | 20:00 CET<\/p>\n\n<p>ID: 839 1683 1125<br\/>C\u00f3digo de acesso: OIAA<\/p>\n\n<p><a href=\"https:\/\/us06web.zoom.us\/j\/83916831125?pwd=cDQvSlcxUjZmWlo4aEoyR0tlUUQwdz09\" target=\"_blank\" rel=\"noreferrer noopener\"><strong>PARTICIPAR NA REUNI\u00c3O ZOOM<\/strong><\/a><\/p>\n\n<p>Haver\u00e1 interpreta\u00e7\u00e3o dispon\u00edvel em franc\u00eas, espanhol e portugu\u00eas. <\/p>\n\n<p>A nossa assembleia est\u00e1 aberta a todos os que desejem aderir, mas apenas os Representantes de Intergrupo (IGRs),<br\/>os Presidentes dos Comit\u00e9s Permanentes da OIAA e os Dirigentes da OIAA podem votar nas quest\u00f5es de neg\u00f3cio.<\/p>\n\n<p>A informa\u00e7\u00e3o completa para o seguinte ser\u00e1 publicada em breve:<\/p>\n\n<h4 class=\"wp-block-heading\">An\u00fancio da assembleia<\/h4>\n\n<p>Pode copiar e colar este an\u00fancio para partilhar durante as reuni\u00f5es do seu grupo:<\/p>\n\n<p class=\"has-text-align-right\"><strong>Assembleia Geral da OIAA <\/strong>  <strong>S\u00e1bado, 21 de junho de 2025<\/strong><br\/>8:00 HST | 11:00 PT | 13:00 CT | 14:00 ET<br\/>19:00 Reino Unido | 20:00 CET<\/p>\n\n<p class=\"has-text-align-right\">ID: 839 1683 1125<br\/>C\u00f3digo de acesso: OIAA<\/p>\n\n<p class=\"has-text-align-right\">Haver\u00e1 interpreta\u00e7\u00e3o dispon\u00edvel em franc\u00eas, espanhol e portugu\u00eas. <\/p>\n\n<p class=\"has-text-align-right\">As assembleias da OIAA est\u00e3o abertas a todos os que desejarem participar, mas apenas os Representantes de Intergrupo (IGRs),<br\/>os Presidentes dos Comit\u00e9s Permanentes da OIAA e os Oficiais da OIAA t\u00eam permiss\u00e3o para votar nos assuntos em discuss\u00e3o.<\/p>\n\n<h4 class=\"wp-block-heading\" id=\"assembly-agenda\">Ordem de trabalhos da assembleia<\/h4>\n\n<ul class=\"wp-block-list\">\n<li><a href=\"https:\/\/beta.aa-intergroup.org\/documents\/oiaa-assembly-agenda-21-june-2025\/\">A agenda completa da assembleia de junho de 2025 da OIAA<\/a><\/li>\n<\/ul>\n\n<h4 class=\"wp-block-heading\">Relat\u00f3rios<\/h4>\n\n<p>Os relat\u00f3rios da Assembleia que est\u00e3o dispon\u00edveis antes da Assembleia podem ser encontrados aqui:<\/p>\n\n<ul class=\"wp-block-list\">\n<li>A aceita\u00e7\u00e3o da ata da Assembleia de mar\u00e7o ser\u00e1 votada. Por favor, partilhe com os seus grupos: \n<ul class=\"wp-block-list\">\n<li><a href=\"https:\/\/beta.aa-intergroup.org\/documents\/minutes-from-the-oiaa-15-march-2025-assembly\/\">Ata da assembleia de 15 de mar\u00e7o de 2025<\/a>  <\/li>\n<\/ul>\n<\/li>\n\n\n\n<li>Finan\u00e7as:\n<ul class=\"wp-block-list\">\n<li><a href=\"https:\/\/beta.aa-intergroup.org\/committee-updates\/update-for-finance-may-2025-3\/\">Varia\u00e7\u00e3o or\u00e7amental de maio de 2025<\/a><\/li>\n\n\n\n<li><a href=\"https:\/\/beta.aa-intergroup.org\/committee-updates\/update-for-finance-may-2025\/\">Contribui\u00e7\u00f5es dos grupos para maio de 2025<\/a><\/li>\n\n\n\n<li><a href=\"https:\/\/beta.aa-intergroup.org\/committee-updates\/update-for-finance-may-2025-2\/\">Balan\u00e7o de maio de 2025<\/a><\/li>\n<\/ul>\n<\/li>\n<\/ul>\n\n<h4 class=\"wp-block-heading\">Novos assuntos<\/h4>\n\n<p>A informa\u00e7\u00e3o relacionada com os novos itens de neg\u00f3cio na agenda ser\u00e1 publicada aqui, quando dispon\u00edvel:<\/p>\n\n<ul class=\"wp-block-list\">\n<li><a href=\"https:\/\/beta.aa-intergroup.org\/documents\/motion-to-amend-bylaws-21-june-2025-assembly\/\">Mo\u00e7\u00e3o para alterar os Estatutos<\/a><\/li>\n\n\n\n<li><\/li>\n<\/ul>\n\n<p><strong>Notas da assembleia:<\/strong><\/p>\n\n<p><\/p>\n","protected":false},"excerpt":{"rendered":"<p>S\u00e1bado, 21 de junho de 20258:00 HST | 11:00 PT | 13:00 CT | 14:00 ET19:00 Reino Unido | 20:00 CET ID: 839 1683 1125C\u00f3digo de acesso: OIAA PARTICIPAR NA REUNI\u00c3O ZOOM Haver\u00e1 interpreta\u00e7\u00e3o dispon\u00edvel em franc\u00eas, espanhol e portugu\u00eas. A nossa assembleia est\u00e1 aberta a todos os que desejem aderir, mas apenas os Representantes<a class=\"excerpt-read-more\" href=\"https:\/\/beta.aa-intergroup.org\/pt-pt\/assembleia-da-oiaa-21-de-junho-de-2025\/\" title=\"ReadAssembleia da OIAA 21 de junho de 2025\">&#8230; Read more &raquo;<\/a><\/p>\n","protected":false},"author":13,"featured_media":0,"parent":0,"menu_order":0,"comment_status":"closed","ping_status":"closed","template":"","meta":{"_acf_changed":false,"_eb_attr":"","footnotes":""},"class_list":["post-17656","page","type-page","status-publish","hentry"],"acf":[],"_links":{"self":[{"href":"https:\/\/beta.aa-intergroup.org\/pt-pt\/wp-json\/wp\/v2\/pages\/17656","targetHints":{"allow":["GET"]}}],"collection":[{"href":"https:\/\/beta.aa-intergroup.org\/pt-pt\/wp-json\/wp\/v2\/pages"}],"about":[{"href":"https:\/\/beta.aa-intergroup.org\/pt-pt\/wp-json\/wp\/v2\/types\/page"}],"author":[{"embeddable":true,"href":"https:\/\/beta.aa-intergroup.org\/pt-pt\/wp-json\/wp\/v2\/users\/13"}],"replies":[{"embeddable":true,"href":"https:\/\/beta.aa-intergroup.org\/pt-pt\/wp-json\/wp\/v2\/comments?post=17656"}],"version-history":[{"count":1,"href":"https:\/\/beta.aa-intergroup.org\/pt-pt\/wp-json\/wp\/v2\/pages\/17656\/revisions"}],"predecessor-version":[{"id":17658,"href":"https:\/\/beta.aa-intergroup.org\/pt-pt\/wp-json\/wp\/v2\/pages\/17656\/revisions\/17658"}],"wp:attachment":[{"href":"https:\/\/beta.aa-intergroup.org\/pt-pt\/wp-json\/wp\/v2\/media?parent=17656"}],"curies":[{"name":"wp","href":"https:\/\/api.w.org\/{rel}","templated":true}]}}