{"id":18893,"date":"2025-06-16T13:16:04","date_gmt":"2025-06-16T17:16:04","guid":{"rendered":"https:\/\/beta.aa-intergroup.org\/inicio-2\/"},"modified":"2025-11-27T08:24:28","modified_gmt":"2025-11-27T13:24:28","slug":"inicio-2","status":"publish","type":"page","link":"https:\/\/beta.aa-intergroup.org\/pt-pt\/","title":{"rendered":"IN\u00cdCIO"},"content":{"rendered":"\n<div style=\"height:70px\" aria-hidden=\"true\" class=\"wp-block-spacer\"><\/div>\n\n<div class=\"wp-block-columns is-layout-flex wp-container-core-columns-is-layout-9d6595d7 wp-block-columns-is-layout-flex\">\n<div class=\"wp-block-column is-layout-flow wp-block-column-is-layout-flow\">\n<div class=\"wp-block-essential-blocks-flipbox root-eb-flipbox-88358\"><div class=\"eb-parent-wrapper eb-parent-eb-flipbox-88358 \"><div class=\"eb-flipbox-container eb-flipbox-88358 eb-flipbox-align-center eb-hover-mode\" data-id=\"eb-flipbox-88358\" data-flip-type=\"flip-left\" data-flip-mode=\"hover\"><div class=\"eb-flipper flip-left\"><div class=\"eb-flipbox-front\"><div class=\"eb-flipbox-items-container\"><div class=\"eb-flipbox-icon-wrapper\"><div class=\"eb-flipbox-icon-front\" data-icon=\"dashicons-cover-image\"><span class=\"dashicon dashicons dashicons-cover-image\"><\/span><\/div><\/div><div class=\"eb-flipbox-front-title-wrapper\"><h3 class=\"eb-flipbox-front-title\">Reuni\u00f5es online<\/h3><\/div><div class=\"eb-flipbox-front-content-wrapper\"><p class=\"eb-flipbox-front-content\">Encontre uma reuni\u00e3o online a decorrer neste momento.<\/p><\/div><\/div><\/div><div class=\"eb-flipbox-back\"><div class=\"eb-flipbox-items-container\"><div class=\"eb-flipbox-icon-wrapper\"><div class=\"eb-flipbox-icon-back\" data-icon=\"fas fa-user-group\"><i icon=\"fas fa-user-group\" class=\"fas fa-user-group \"><\/i><\/div><\/div><div class=\"eb-flipbox-button-container\"><a class=\"eb-flipbox-button-link btn-gradient blue\" href=\"https:\/\/beta.aa-intergroup.org\/pt-pt\/diretorio-de-reunioes\/\" target=\"_self\" rel=\"noopener\"><div class=\"eb-flipbox-button-content\"><span>Encontre uma reuni\u00e3o<\/span><\/div><\/a><\/div><\/div><\/div><\/div><\/div><\/div><\/div>\n<\/div>\n\n\n\n<div class=\"wp-block-column is-layout-flow wp-block-column-is-layout-flow\">\n<div class=\"wp-block-essential-blocks-flipbox root-eb-flipbox-sgrji\"><div class=\"eb-parent-wrapper eb-parent-eb-flipbox-sgrji \"><div class=\"eb-flipbox-container eb-flipbox-sgrji eb-flipbox-align-center eb-hover-mode\" data-id=\"eb-flipbox-sgrji\" data-flip-type=\"flip-left\" data-flip-mode=\"hover\"><div class=\"eb-flipper flip-left\"><div class=\"eb-flipbox-front\"><div class=\"eb-flipbox-items-container\"><div class=\"eb-flipbox-icon-wrapper\"><div class=\"eb-flipbox-icon-front\" data-icon=\"fas fa-handshake-angle\"><i icon=\"fas fa-handshake-angle\" class=\"fas fa-handshake-angle \"><\/i><\/div><\/div><div class=\"eb-flipbox-front-title-wrapper\"><h3 class=\"eb-flipbox-front-title\">Tem um problema<br> com a bebida?<\/h3><\/div><div class=\"eb-flipbox-front-content-wrapper\"><p class=\"eb-flipbox-front-content\">OBTENHA AJUDA AGORA\n<\/p><\/div><\/div><\/div><div class=\"eb-flipbox-back\"><div class=\"eb-flipbox-items-container\"><div class=\"eb-flipbox-icon-wrapper\"><div class=\"eb-flipbox-icon-back\" data-icon=\"fas fa-user-group\"><i icon=\"fas fa-user-group\" class=\"fas fa-user-group \"><\/i><\/div><\/div><div class=\"eb-flipbox-back-content-wrapper\"><p class=\"eb-flipbox-back-content\">Converse por email com <br>membros do <br>Comit\u00e9 do 12.\u00ba Passo da OIAA. <\/p><\/div><div class=\"eb-flipbox-button-container\"><a class=\"eb-flipbox-button-link btn-gradient blue\" href=\"https:\/\/beta.aa-intergroup.org\/pt-pt\/nao-consegue-parar-de-beber\/\" target=\"_self\" rel=\"noopener\"><div class=\"eb-flipbox-button-content\"><span>Obtenha ajuda agora<\/span><\/div><\/a><\/div><\/div><\/div><\/div><\/div><\/div><\/div>\n<\/div>\n\n\n\n<div class=\"wp-block-column is-layout-flow wp-block-column-is-layout-flow\">\n<div class=\"wp-block-essential-blocks-flipbox root-eb-flipbox-sw74i\"><div class=\"eb-parent-wrapper eb-parent-eb-flipbox-sw74i \"><div class=\"eb-flipbox-container eb-flipbox-sw74i eb-flipbox-align-center eb-hover-mode\" data-id=\"eb-flipbox-sw74i\" data-flip-type=\"flip-left\" data-flip-mode=\"hover\"><div class=\"eb-flipper flip-left\"><div class=\"eb-flipbox-front\"><div class=\"eb-flipbox-items-container\"><div class=\"eb-flipbox-icon-wrapper\"><div class=\"eb-flipbox-icon-front\" data-icon=\"dashicons-groups\"><span class=\"dashicon dashicons dashicons-groups\"><\/span><\/div><\/div><div class=\"eb-flipbox-front-title-wrapper\"><h3 class=\"eb-flipbox-front-title\">Dentro da OIAA<\/h3><\/div><div class=\"eb-flipbox-front-content-wrapper\"><p class=\"eb-flipbox-front-content\">Recurso \u00fanico para Membros da OIAA.<\/p><\/div><\/div><\/div><div class=\"eb-flipbox-back\"><div class=\"eb-flipbox-items-container\"><div class=\"eb-flipbox-icon-wrapper\"><div class=\"eb-flipbox-icon-back\" data-icon=\"fas fa-user-group\"><i icon=\"fas fa-user-group\" class=\"fas fa-user-group \"><\/i><\/div><\/div><div class=\"eb-flipbox-button-container\"><a class=\"eb-flipbox-button-link btn-gradient blue\" href=\"https:\/\/beta.aa-intergroup.org\/pt-pt\/grupos-membros-da-oiaa\/\" target=\"_self\" rel=\"noopener\"><div class=\"eb-flipbox-button-content\"><span>Entre na OIAA<\/span><\/div><\/a><\/div><\/div><\/div><\/div><\/div><\/div><\/div>\n<\/div>\n<\/div>\n\n<div style=\"height:70px\" aria-hidden=\"true\" class=\"wp-block-spacer\"><\/div>\n\n<h2 class=\"wp-block-heading\">Not\u00edcias e atualiza\u00e7\u00f5es<\/h2>\n            <div class=\"news-title\">\n                <a href=\"https:\/\/beta.aa-intergroup.org\/pt-pt\/updates\/anuncio-da-assembleia-de-dezembro-da-oiaa\/\">An\u00fancio da assembleia de dezembro da OIAA<\/a>\n            <\/div>\n            <div class=\"news-body\">\n                Aprovar o or\u00e7amento de 2026 e eleger 4 dirigentes e 2 administradores n\u00e3o-dirigentes, esta \u00e9 a agenda da nossa pr\u00f3xima Assembleia Geral da OIAA no s\u00e1bado, 20 de dezembro. Leia aqui o an\u00fancio completo da Assembleia Consulte aqui a agenda completa da Assembleia                    <a href=\"https:\/\/beta.aa-intergroup.org\/pt-pt\/updates\/anuncio-da-assembleia-de-dezembro-da-oiaa\/\">... Read More<\/a>\n                    <hr \/>\n                                <\/div>\n                        <div class=\"news-title\">\n                <a href=\"https:\/\/beta.aa-intergroup.org\/pt-pt\/updates\/proposta-de-revisao-do-orcamento-da-oiaa-para-2026\/\">Proposta de revis\u00e3o do or\u00e7amento da OIAA para 2026<\/a>\n            <\/div>\n            <div class=\"news-body\">\n                \u00c0 nossa comunidade: O Comit\u00e9 de Finan\u00e7as e a Dire\u00e7\u00e3o da OIAA t\u00eam o prazer de apresentar a proposta do Or\u00e7amento da OIAA para 2026. Ser\u00e1 solicitado aos membros votantes da OIAA que aprovem o or\u00e7amento na Assembleia Anual de Elei\u00e7\u00f5es Gerais e Or\u00e7amento a&hellip;                    <a href=\"https:\/\/beta.aa-intergroup.org\/pt-pt\/updates\/proposta-de-revisao-do-orcamento-da-oiaa-para-2026\/\">... Read More<\/a>\n                    <hr \/>\n                                <\/div>\n                        <div class=\"news-title\">\n                <a href=\"https:\/\/beta.aa-intergroup.org\/pt-pt\/updates\/prepare-se-lista-de-verificacao-de-tecnologia-cha\/\">Get Ready: Tech + Tea Checklist<\/a>\n            <\/div>\n            <div class=\"news-body\">\n                \ud83d\udcbb Prepare-se: Lista de Verifica\u00e7\u00e3o de Tecnologia + Ch\u00e1 - Conven\u00e7\u00e3o Internacional Online OIAA2025, 14-16 de novembro de 2025 \ud83d\uddd3\ufe0fFaltam menos de duas semanas! Vamos garantir que a sua configura\u00e7\u00e3o est\u00e1 t\u00e3o pronta quanto o seu esp\u00edrito. \u2714\ufe0fTeste a sua internet \u2714\ufe0fMarque o link do&hellip;                    <a href=\"https:\/\/beta.aa-intergroup.org\/pt-pt\/updates\/prepare-se-lista-de-verificacao-de-tecnologia-cha\/\">... Read More<\/a>\n                    <hr \/>\n                                <\/div>\n            \n\n<div style=\"height:100px\" aria-hidden=\"true\" class=\"wp-block-spacer\"><\/div>\n\n<h3 class=\"wp-block-heading\" style=\"font-size:35px\">O que \u00e9 o intergrupo online de alco\u00f3licos an\u00f3nimos<\/h3>\n\n<div class=\"wp-block-columns is-layout-flex wp-container-core-columns-is-layout-9d6595d7 wp-block-columns-is-layout-flex\">\n<div class=\"wp-block-column is-layout-flow wp-block-column-is-layout-flow\" style=\"flex-basis:10%\">\n<figure class=\"wp-block-image size-thumbnail is-resized\"><img loading=\"lazy\" decoding=\"async\" width=\"150\" height=\"150\" src=\"https:\/\/beta.aa-intergroup.org\/wp-content\/uploads\/2025\/06\/Number-1-150x150.png\" alt=\"\" class=\"wp-image-12236\" style=\"object-fit:cover;width:100px;height:100px\" srcset=\"https:\/\/beta.aa-intergroup.org\/wp-content\/uploads\/2025\/06\/Number-1-150x150.png 150w, https:\/\/beta.aa-intergroup.org\/wp-content\/uploads\/2025\/06\/Number-1-300x300.png 300w, https:\/\/beta.aa-intergroup.org\/wp-content\/uploads\/2025\/06\/Number-1-125x125.png 125w, https:\/\/beta.aa-intergroup.org\/wp-content\/uploads\/2025\/06\/Number-1.png 327w\" sizes=\"auto, (max-width: 150px) 100vw, 150px\" \/><\/figure>\n\n\n\n<div style=\"height:10px\" aria-hidden=\"true\" class=\"wp-block-spacer\"><\/div>\n<\/div>\n\n\n\n<div class=\"wp-block-column is-layout-flow wp-block-column-is-layout-flow\" style=\"flex-basis:90%\">\n<div style=\"height:40px\" aria-hidden=\"true\" class=\"wp-block-spacer\"><\/div>\n\n\n\n<p class=\"has-medium-font-size\">O nosso site \u00e9 uma fonte central de informa\u00e7\u00f5es sobre A.A. online em todo o mundo.<\/p>\n<\/div>\n<\/div>\n\n<div class=\"wp-block-columns is-layout-flex wp-container-core-columns-is-layout-9d6595d7 wp-block-columns-is-layout-flex\">\n<div class=\"wp-block-column is-layout-flow wp-block-column-is-layout-flow\" style=\"flex-basis:10%\">\n<figure class=\"wp-block-image size-thumbnail is-resized\"><img decoding=\"async\" src=\"https:\/\/beta.aa-intergroup.org\/wp-content\/uploads\/2025\/06\/Number-2-150x150.png\" alt=\"\" class=\"wp-image-22120\" style=\"object-fit:cover;width:100px;height:100px\"\/><\/figure>\n\n\n\n<div style=\"height:10px\" aria-hidden=\"true\" class=\"wp-block-spacer\"><\/div>\n<\/div>\n\n\n\n<div class=\"wp-block-column is-layout-flow wp-block-column-is-layout-flow\" style=\"flex-basis:90%\">\n<div style=\"height:40px\" aria-hidden=\"true\" class=\"wp-block-spacer\"><\/div>\n\n\n\n<p class=\"has-medium-font-size\">Usamos a internet para transmitir a mensagem de A.A.<\/p>\n<\/div>\n<\/div>\n\n<div class=\"wp-block-columns is-layout-flex wp-container-core-columns-is-layout-9d6595d7 wp-block-columns-is-layout-flex\">\n<div class=\"wp-block-column is-layout-flow wp-block-column-is-layout-flow\" style=\"flex-basis:10%\">\n<figure class=\"wp-block-image size-thumbnail is-resized\"><img decoding=\"async\" src=\"https:\/\/beta.aa-intergroup.org\/wp-content\/uploads\/2025\/06\/Number-3-150x150.png\" alt=\"\" class=\"wp-image-22130\" style=\"object-fit:cover;width:100px;height:100px\"\/><\/figure>\n\n\n\n<div style=\"height:10px\" aria-hidden=\"true\" class=\"wp-block-spacer\"><\/div>\n<\/div>\n\n\n\n<div class=\"wp-block-column is-layout-flow wp-block-column-is-layout-flow\" style=\"flex-basis:90%\">\n<div style=\"height:40px\" aria-hidden=\"true\" class=\"wp-block-spacer\"><\/div>\n\n\n\n<p class=\"has-medium-font-size\">Promovemos a unidade entre grupos de A.A. online atrav\u00e9s de Workshops, F\u00f3runs e Assembleias.<\/p>\n<\/div>\n<\/div>\n\n<div class=\"wp-block-columns is-layout-flex wp-container-core-columns-is-layout-9d6595d7 wp-block-columns-is-layout-flex\">\n<div class=\"wp-block-column is-layout-flow wp-block-column-is-layout-flow\" style=\"flex-basis:10%\">\n<figure class=\"wp-block-image size-thumbnail is-resized\"><img decoding=\"async\" src=\"https:\/\/beta.aa-intergroup.org\/wp-content\/uploads\/2025\/06\/Number-4-150x150.png\" alt=\"\" class=\"wp-image-22140\" style=\"object-fit:cover;width:100px;height:100px\"\/><\/figure>\n\n\n\n<div style=\"height:10px\" aria-hidden=\"true\" class=\"wp-block-spacer\"><\/div>\n<\/div>\n\n\n\n<div class=\"wp-block-column is-layout-flow wp-block-column-is-layout-flow\" style=\"flex-basis:90%\">\n<div style=\"height:40px\" aria-hidden=\"true\" class=\"wp-block-spacer\"><\/div>\n\n\n\n<p class=\"has-medium-font-size\">Respondemos \u00e0s necessidades do A.A. online atrav\u00e9s dos nossos comit\u00e9s de servi\u00e7o.<\/p>\n<\/div>\n<\/div>\n\n<div style=\"height:100px\" aria-hidden=\"true\" class=\"wp-block-spacer\"><\/div>\n\n<div class=\"wp-block-essential-blocks-call-to-action root-eb-call-to-action-z0qjj\"><div class=\"eb-parent-wrapper eb-parent-eb-call-to-action-z0qjj \"><div class=\"eb-cia-wrapper eb-call-to-action-z0qjj\" data-icon=\"fas fa-glass-martini\"><div class=\"eb-cia-text-wrapper\"><h3 class=\"eb-cia-title\">Torne-se membro da OIAA<\/h3><p class=\"eb-cia-description\">O Intergrupo Online de Alco\u00f3licos An\u00f3nimos, ou OIAA, \u00e9 uma organiza\u00e7\u00e3o de servi\u00e7o internacional estabelecida de acordo com a Nona Tradi\u00e7\u00e3o dos Alco\u00f3licos An\u00f3nimos A.A., especificamente com o prop\u00f3sito de auxiliar grupos de A.A. online no seu objetivo comum de transmitir a mensagem de A.A. ao alco\u00f3lico que ainda sofre.<\/p><\/div><div class=\"eb-cia-button-wrapper\"><a href=\"https:\/\/beta.aa-intergroup.org\/pt-pt\/torne-se-membro\/\" target=\"_self\" rel=\"noopener\"><div class=\"eb-cia-button is-large\">Saiba mais<\/div><\/a><\/div><\/div><\/div><\/div>\n\n<div style=\"height:261px\" aria-hidden=\"true\" class=\"wp-block-spacer\"><\/div>\n","protected":false},"excerpt":{"rendered":"<p>Not\u00edcias e atualiza\u00e7\u00f5es O que \u00e9 o intergrupo online de alco\u00f3licos an\u00f3nimos O nosso site \u00e9 uma fonte central de informa\u00e7\u00f5es sobre A.A. online em todo o mundo. Usamos a internet para transmitir a mensagem de A.A. Promovemos a unidade entre grupos de A.A. online atrav\u00e9s de Workshops, F\u00f3runs e Assembleias. Respondemos \u00e0s necessidades do<a class=\"excerpt-read-more\" href=\"https:\/\/beta.aa-intergroup.org\/pt-pt\/updates\/prepare-se-lista-de-verificacao-de-tecnologia-cha\/\" title=\"ReadGet Ready: Tech + Tea Checklist\">&#8230; Read more &raquo;<\/a><\/p>\n","protected":false},"author":153,"featured_media":0,"parent":0,"menu_order":0,"comment_status":"closed","ping_status":"closed","template":"","meta":{"_acf_changed":false,"_eb_attr":"","footnotes":""},"class_list":["post-18893","page","type-page","status-publish","hentry"],"acf":[],"_links":{"self":[{"href":"https:\/\/beta.aa-intergroup.org\/pt-pt\/wp-json\/wp\/v2\/pages\/18893","targetHints":{"allow":["GET"]}}],"collection":[{"href":"https:\/\/beta.aa-intergroup.org\/pt-pt\/wp-json\/wp\/v2\/pages"}],"about":[{"href":"https:\/\/beta.aa-intergroup.org\/pt-pt\/wp-json\/wp\/v2\/types\/page"}],"author":[{"embeddable":true,"href":"https:\/\/beta.aa-intergroup.org\/pt-pt\/wp-json\/wp\/v2\/users\/153"}],"replies":[{"embeddable":true,"href":"https:\/\/beta.aa-intergroup.org\/pt-pt\/wp-json\/wp\/v2\/comments?post=18893"}],"version-history":[{"count":5,"href":"https:\/\/beta.aa-intergroup.org\/pt-pt\/wp-json\/wp\/v2\/pages\/18893\/revisions"}],"predecessor-version":[{"id":41636,"href":"https:\/\/beta.aa-intergroup.org\/pt-pt\/wp-json\/wp\/v2\/pages\/18893\/revisions\/41636"}],"wp:attachment":[{"href":"https:\/\/beta.aa-intergroup.org\/pt-pt\/wp-json\/wp\/v2\/media?parent=18893"}],"curies":[{"name":"wp","href":"https:\/\/api.w.org\/{rel}","templated":true}]}}